{"id":4590,"date":"2018-07-27T11:55:22","date_gmt":"2018-07-27T09:55:22","guid":{"rendered":"https:\/\/arquimedestechnology.com\/arquimedes-technology\/"},"modified":"2020-01-27T11:35:54","modified_gmt":"2020-01-27T10:35:54","slug":"arquimedes-technology","status":"publish","type":"page","link":"https:\/\/arquimedestechnology.com\/en\/arquimedes-technology\/","title":{"rendered":"ARQU\u00cdMEDES TECHNOLOGY"},"content":{"rendered":"\t\t<div data-elementor-type=\"wp-post\" data-elementor-id=\"4590\" class=\"elementor elementor-4590 elementor-bc-flex-widget\" data-elementor-post-type=\"page\">\n\t\t\t\t\t\t<section class=\"elementor-section elementor-top-section elementor-element elementor-element-2ea5a7fd elementor-section-content-middle elementor-section-height-min-height elementor-section-full_width elementor-section-height-default elementor-section-items-middle\" data-id=\"2ea5a7fd\" data-element_type=\"section\" data-e-type=\"section\" data-settings=\"{&quot;background_background&quot;:&quot;classic&quot;}\">\n\t\t\t\t\t\t\t<div class=\"elementor-background-overlay\"><\/div>\n\t\t\t\t\t\t\t<div class=\"elementor-container elementor-column-gap-no\">\n\t\t\t\t\t<div class=\"elementor-column elementor-col-50 elementor-top-column elementor-element elementor-element-69e51a8\" data-id=\"69e51a8\" data-element_type=\"column\" data-e-type=\"column\">\n\t\t\t<div class=\"elementor-widget-wrap\">\n\t\t\t\t\t\t\t<\/div>\n\t\t<\/div>\n\t\t\t\t<div class=\"elementor-column elementor-col-50 elementor-top-column elementor-element elementor-element-bb96d3f\" data-id=\"bb96d3f\" data-element_type=\"column\" data-e-type=\"column\" data-settings=\"{&quot;background_background&quot;:&quot;classic&quot;}\">\n\t\t\t<div class=\"elementor-widget-wrap elementor-element-populated\">\n\t\t\t\t\t<div class=\"elementor-background-overlay\"><\/div>\n\t\t\t\t\t\t<div class=\"elementor-element elementor-element-f8dc31f elementor-blockquote--skin-quotation elementor-blockquote--align-right elementor-widget elementor-widget-blockquote\" data-id=\"f8dc31f\" data-element_type=\"widget\" data-e-type=\"widget\" data-widget_type=\"blockquote.default\">\n\t\t\t\t<div class=\"elementor-widget-container\">\n\t\t\t\t\t\t\t<blockquote class=\"elementor-blockquote\">\n\t\t\t<p class=\"elementor-blockquote__content\">\n\t\t\t\tWe forget that the cycle of water and that of life are one\t\t\t<\/p>\n\t\t\t\t\t\t\t<div class=\"e-q-footer\">\n\t\t\t\t\t\t\t\t\t\t\t<cite class=\"elementor-blockquote__author\">Jacques Cousteau<\/cite>\n\t\t\t\t\t\t\t\t\t\t\t\t\t\t<\/div>\n\t\t\t\t\t<\/blockquote>\n\t\t\t\t\t\t<\/div>\n\t\t\t\t<\/div>\n\t\t\t\t\t<\/div>\n\t\t<\/div>\n\t\t\t\t\t<\/div>\n\t\t<\/section>\n\t\t\t\t<section class=\"elementor-section elementor-top-section elementor-element elementor-element-723a041 elementor-section-content-middle elementor-section-boxed elementor-section-height-default elementor-section-height-default\" data-id=\"723a041\" data-element_type=\"section\" data-e-type=\"section\">\n\t\t\t\t\t\t<div class=\"elementor-container elementor-column-gap-default\">\n\t\t\t\t\t<div class=\"elementor-column elementor-col-100 elementor-top-column elementor-element elementor-element-18c1638\" data-id=\"18c1638\" data-element_type=\"column\" data-e-type=\"column\">\n\t\t\t<div class=\"elementor-widget-wrap elementor-element-populated\">\n\t\t\t\t\t\t<div class=\"elementor-element elementor-element-64907a7 elementor-widget-divider--view-line elementor-widget elementor-widget-divider\" data-id=\"64907a7\" data-element_type=\"widget\" data-e-type=\"widget\" data-widget_type=\"divider.default\">\n\t\t\t\t<div class=\"elementor-widget-container\">\n\t\t\t\t\t\t\t<div class=\"elementor-divider\">\n\t\t\t<span class=\"elementor-divider-separator\">\n\t\t\t\t\t\t<\/span>\n\t\t<\/div>\n\t\t\t\t\t\t<\/div>\n\t\t\t\t<\/div>\n\t\t\t\t<div class=\"elementor-element elementor-element-c46f98f elementor-widget elementor-widget-heading\" data-id=\"c46f98f\" data-element_type=\"widget\" data-e-type=\"widget\" data-widget_type=\"heading.default\">\n\t\t\t\t<div class=\"elementor-widget-container\">\n\t\t\t\t\t<h1 class=\"elementor-heading-title elementor-size-xl\">KNOW ARQU\u00cdMEDES <b>TECHNOLOGY<\/b><\/h1>\t\t\t\t<\/div>\n\t\t\t\t<\/div>\n\t\t\t\t<div class=\"elementor-element elementor-element-a4fd948 elementor-widget elementor-widget-heading\" data-id=\"a4fd948\" data-element_type=\"widget\" data-e-type=\"widget\" data-widget_type=\"heading.default\">\n\t\t\t\t<div class=\"elementor-widget-container\">\n\t\t\t\t\t<h2 class=\"elementor-heading-title elementor-size-xl\">ECOLOGICAL TECHNOLOGIES INTENDED FOR WATER TREATMENT.<\/h2>\t\t\t\t<\/div>\n\t\t\t\t<\/div>\n\t\t\t\t<div class=\"elementor-element elementor-element-8172853 elementor-widget elementor-widget-text-editor\" data-id=\"8172853\" data-element_type=\"widget\" data-e-type=\"widget\" data-widget_type=\"text-editor.default\">\n\t\t\t\t<div class=\"elementor-widget-container\">\n\t\t\t\t\t\t\t\t\t<p>From the day of it&#8217;s foundation, all the activities of ARQU\u00cdMEDES TECHNOLOGY, formed by a team of technicians with extensive experience in this sector, were oriented to the search for ecological technologies for water treatment.<\/p><p>As a result of this concern, the need arose to develop our own technology and manufacture our products. As a result the <b>EUR\u00c9KAL \u00ae<\/b> project was formed.<\/p><p>ARQU\u00cdMEDES TECHNOLOGY is present in all the sectors in which the incrustations caused by lime can be a problem: shipping, agricultural, industrial, public works, renewable energy, municipal, urban &#8230; We are committed to provide effective solutions together with a high standard service to its customers, and always taking the environment into consideration.<\/p>\t\t\t\t\t\t\t\t<\/div>\n\t\t\t\t<\/div>\n\t\t\t\t\t<\/div>\n\t\t<\/div>\n\t\t\t\t\t<\/div>\n\t\t<\/section>\n\t\t\t\t<section class=\"elementor-section elementor-top-section elementor-element elementor-element-a0d327b elementor-section-content-middle elementor-section-boxed elementor-section-height-default elementor-section-height-default\" data-id=\"a0d327b\" data-element_type=\"section\" data-e-type=\"section\">\n\t\t\t\t\t\t<div class=\"elementor-container elementor-column-gap-default\">\n\t\t\t\t\t<div class=\"elementor-column elementor-col-66 elementor-top-column elementor-element elementor-element-537f0d4\" data-id=\"537f0d4\" data-element_type=\"column\" data-e-type=\"column\">\n\t\t\t<div class=\"elementor-widget-wrap elementor-element-populated\">\n\t\t\t\t\t\t<div class=\"elementor-element elementor-element-9b8e11b elementor-widget-divider--view-line elementor-widget elementor-widget-divider\" data-id=\"9b8e11b\" data-element_type=\"widget\" data-e-type=\"widget\" data-widget_type=\"divider.default\">\n\t\t\t\t<div class=\"elementor-widget-container\">\n\t\t\t\t\t\t\t<div class=\"elementor-divider\">\n\t\t\t<span class=\"elementor-divider-separator\">\n\t\t\t\t\t\t<\/span>\n\t\t<\/div>\n\t\t\t\t\t\t<\/div>\n\t\t\t\t<\/div>\n\t\t\t\t<div class=\"elementor-element elementor-element-95b8ea9 elementor-widget elementor-widget-heading\" data-id=\"95b8ea9\" data-element_type=\"widget\" data-e-type=\"widget\" data-widget_type=\"heading.default\">\n\t\t\t\t<div class=\"elementor-widget-container\">\n\t\t\t\t\t<h2 class=\"elementor-heading-title elementor-size-xl\">GUARANTEES AND CERTIFICATIONS\n<\/h2>\t\t\t\t<\/div>\n\t\t\t\t<\/div>\n\t\t\t\t<div class=\"elementor-element elementor-element-f2f169c elementor-widget elementor-widget-text-editor\" data-id=\"f2f169c\" data-element_type=\"widget\" data-e-type=\"widget\" data-widget_type=\"text-editor.default\">\n\t\t\t\t<div class=\"elementor-widget-container\">\n\t\t\t\t\t\t\t\t\t<p>EUR\u00c9KAL systems have a 5-year warranty, which includes the Satisfaction Guarantee, for which ARQU\u00cdMEDES TECHNOLOGY undertakes to refund the amount if they do not fulfill their function.<\/p><p>EUR\u00c9KAL equipment complies with the CE Certification<\/p><p>Manufactured under EMC Directive of compatibility and electronic and electrical safety, complying with European standards, specific for electronic wave emission applications EN55014, EN55022 CEI 801-2 and IEC 801\u20104<\/p><p>RoHS 2002\/95 \/ CE. Absence of hazardous substances in the manufacturing process<\/p><p>DEEE (or WEEE) 2002\/96 \/ CE. Waste control in the manufacturing process<\/p><p>The equipment has been designed according to the criteria of the ECODESIGN.<\/p>\t\t\t\t\t\t\t\t<\/div>\n\t\t\t\t<\/div>\n\t\t\t\t\t<\/div>\n\t\t<\/div>\n\t\t\t\t<div class=\"elementor-column elementor-col-33 elementor-top-column elementor-element elementor-element-3a752da\" data-id=\"3a752da\" data-element_type=\"column\" data-e-type=\"column\">\n\t\t\t<div class=\"elementor-widget-wrap elementor-element-populated\">\n\t\t\t\t\t\t<div class=\"elementor-element elementor-element-7a3f389 elementor-widget-divider--view-line elementor-widget elementor-widget-divider\" data-id=\"7a3f389\" data-element_type=\"widget\" data-e-type=\"widget\" data-widget_type=\"divider.default\">\n\t\t\t\t<div class=\"elementor-widget-container\">\n\t\t\t\t\t\t\t<div class=\"elementor-divider\">\n\t\t\t<span class=\"elementor-divider-separator\">\n\t\t\t\t\t\t<\/span>\n\t\t<\/div>\n\t\t\t\t\t\t<\/div>\n\t\t\t\t<\/div>\n\t\t\t\t<div class=\"elementor-element elementor-element-752ced7 elementor-widget elementor-widget-image\" data-id=\"752ced7\" data-element_type=\"widget\" data-e-type=\"widget\" data-widget_type=\"image.default\">\n\t\t\t\t<div class=\"elementor-widget-container\">\n\t\t\t\t\t\t\t\t\t\t\t\t\t\t\t<img decoding=\"async\" width=\"170\" height=\"250\" src=\"https:\/\/arquimedestechnology.com\/wp-content\/uploads\/image002.jpg\" class=\"attachment-medium_large size-medium_large wp-image-3940\" alt=\"\" \/>\t\t\t\t\t\t\t\t\t\t\t\t\t\t\t<\/div>\n\t\t\t\t<\/div>\n\t\t\t\t<div class=\"elementor-element elementor-element-12cf67c elementor-widget elementor-widget-image\" data-id=\"12cf67c\" data-element_type=\"widget\" data-e-type=\"widget\" data-widget_type=\"image.default\">\n\t\t\t\t<div class=\"elementor-widget-container\">\n\t\t\t\t\t\t\t\t\t\t\t\t\t\t\t<img fetchpriority=\"high\" decoding=\"async\" width=\"280\" height=\"279\" src=\"https:\/\/arquimedestechnology.com\/wp-content\/uploads\/rohs-compliant-arquimedes2.png\" class=\"attachment-medium_large size-medium_large wp-image-3449\" alt=\"\" srcset=\"https:\/\/arquimedestechnology.com\/wp-content\/uploads\/rohs-compliant-arquimedes2.png 280w, https:\/\/arquimedestechnology.com\/wp-content\/uploads\/rohs-compliant-arquimedes2-150x150.png 150w\" sizes=\"(max-width: 280px) 100vw, 280px\" \/>\t\t\t\t\t\t\t\t\t\t\t\t\t\t\t<\/div>\n\t\t\t\t<\/div>\n\t\t\t\t<div class=\"elementor-element elementor-element-769197d elementor-widget-divider--view-line elementor-widget elementor-widget-divider\" data-id=\"769197d\" data-element_type=\"widget\" data-e-type=\"widget\" data-widget_type=\"divider.default\">\n\t\t\t\t<div class=\"elementor-widget-container\">\n\t\t\t\t\t\t\t<div class=\"elementor-divider\">\n\t\t\t<span class=\"elementor-divider-separator\">\n\t\t\t\t\t\t<\/span>\n\t\t<\/div>\n\t\t\t\t\t\t<\/div>\n\t\t\t\t<\/div>\n\t\t\t\t\t<\/div>\n\t\t<\/div>\n\t\t\t\t\t<\/div>\n\t\t<\/section>\n\t\t\t\t<\/div>\n\t\t","protected":false},"excerpt":{"rendered":"<p>We forget that the cycle of water and that of life are one Jacques Cousteau KNOW ARQU\u00cdMEDES TECHNOLOGY ECOLOGICAL TECHNOLOGIES INTENDED FOR WATER TREATMENT. From the day of it&#8217;s foundation, all the activities of ARQU\u00cdMEDES TECHNOLOGY, formed by a team of technicians with extensive experience in this sector, were oriented to the search for ecological &#8230; <a title=\"ARQU\u00cdMEDES TECHNOLOGY\" class=\"read-more\" href=\"https:\/\/arquimedestechnology.com\/en\/arquimedes-technology\/\" aria-label=\"Read more about ARQU\u00cdMEDES TECHNOLOGY\">Read more<\/a><\/p>\n","protected":false},"author":1,"featured_media":0,"parent":0,"menu_order":0,"comment_status":"closed","ping_status":"closed","template":"elementor_header_footer","meta":{"footnotes":""},"class_list":["post-4590","page","type-page","status-publish"],"yoast_head":"<!-- This site is optimized with the Yoast SEO plugin v27.4 - https:\/\/yoast.com\/product\/yoast-seo-wordpress\/ -->\n<title>ARQU\u00cdMEDES TECHNOLOGY - Arqu\u00edmedes Technology<\/title>\n<meta name=\"robots\" content=\"index, follow, max-snippet:-1, max-image-preview:large, max-video-preview:-1\" \/>\n<link rel=\"canonical\" href=\"https:\/\/arquimedestechnology.com\/en\/arquimedes-technology\/\" \/>\n<meta property=\"og:locale\" content=\"en_US\" \/>\n<meta property=\"og:type\" content=\"article\" \/>\n<meta property=\"og:title\" content=\"ARQU\u00cdMEDES TECHNOLOGY - Arqu\u00edmedes Technology\" \/>\n<meta property=\"og:description\" content=\"We forget that the cycle of water and that of life are one Jacques Cousteau KNOW ARQU\u00cdMEDES TECHNOLOGY ECOLOGICAL TECHNOLOGIES INTENDED FOR WATER TREATMENT. From the day of it&#8217;s foundation, all the activities of ARQU\u00cdMEDES TECHNOLOGY, formed by a team of technicians with extensive experience in this sector, were oriented to the search for ecological ... Read more\" \/>\n<meta property=\"og:url\" content=\"https:\/\/arquimedestechnology.com\/en\/arquimedes-technology\/\" \/>\n<meta property=\"og:site_name\" content=\"Arqu\u00edmedes Technology\" \/>\n<meta property=\"article:modified_time\" content=\"2020-01-27T10:35:54+00:00\" \/>\n<meta property=\"og:image\" content=\"https:\/\/arquimedestechnology.com\/wp-content\/uploads\/image002.jpg\" \/>\n<meta name=\"twitter:card\" content=\"summary_large_image\" \/>\n<meta name=\"twitter:label1\" content=\"Est. reading time\" \/>\n\t<meta name=\"twitter:data1\" content=\"1 minute\" \/>\n<script type=\"application\/ld+json\" class=\"yoast-schema-graph\">{\"@context\":\"https:\\\/\\\/schema.org\",\"@graph\":[{\"@type\":\"WebPage\",\"@id\":\"https:\\\/\\\/arquimedestechnology.com\\\/en\\\/arquimedes-technology\\\/\",\"url\":\"https:\\\/\\\/arquimedestechnology.com\\\/en\\\/arquimedes-technology\\\/\",\"name\":\"ARQU\u00cdMEDES TECHNOLOGY - Arqu\u00edmedes Technology\",\"isPartOf\":{\"@id\":\"https:\\\/\\\/arquimedestechnology.com\\\/#website\"},\"primaryImageOfPage\":{\"@id\":\"https:\\\/\\\/arquimedestechnology.com\\\/en\\\/arquimedes-technology\\\/#primaryimage\"},\"image\":{\"@id\":\"https:\\\/\\\/arquimedestechnology.com\\\/en\\\/arquimedes-technology\\\/#primaryimage\"},\"thumbnailUrl\":\"https:\\\/\\\/arquimedestechnology.com\\\/wp-content\\\/uploads\\\/image002.jpg\",\"datePublished\":\"2018-07-27T09:55:22+00:00\",\"dateModified\":\"2020-01-27T10:35:54+00:00\",\"breadcrumb\":{\"@id\":\"https:\\\/\\\/arquimedestechnology.com\\\/en\\\/arquimedes-technology\\\/#breadcrumb\"},\"inLanguage\":\"en-US\",\"potentialAction\":[{\"@type\":\"ReadAction\",\"target\":[\"https:\\\/\\\/arquimedestechnology.com\\\/en\\\/arquimedes-technology\\\/\"]}]},{\"@type\":\"ImageObject\",\"inLanguage\":\"en-US\",\"@id\":\"https:\\\/\\\/arquimedestechnology.com\\\/en\\\/arquimedes-technology\\\/#primaryimage\",\"url\":\"https:\\\/\\\/arquimedestechnology.com\\\/wp-content\\\/uploads\\\/image002.jpg\",\"contentUrl\":\"https:\\\/\\\/arquimedestechnology.com\\\/wp-content\\\/uploads\\\/image002.jpg\"},{\"@type\":\"BreadcrumbList\",\"@id\":\"https:\\\/\\\/arquimedestechnology.com\\\/en\\\/arquimedes-technology\\\/#breadcrumb\",\"itemListElement\":[{\"@type\":\"ListItem\",\"position\":1,\"name\":\"Portada\",\"item\":\"https:\\\/\\\/arquimedestechnology.com\\\/en\\\/\"},{\"@type\":\"ListItem\",\"position\":2,\"name\":\"ARQU\u00cdMEDES TECHNOLOGY\"}]},{\"@type\":\"WebSite\",\"@id\":\"https:\\\/\\\/arquimedestechnology.com\\\/#website\",\"url\":\"https:\\\/\\\/arquimedestechnology.com\\\/\",\"name\":\"Arqu\u00edmedes Technology\",\"description\":\"Soluci\u00f3n ecol\u00f3gica a los problemas de la cal\",\"publisher\":{\"@id\":\"https:\\\/\\\/arquimedestechnology.com\\\/#organization\"},\"potentialAction\":[{\"@type\":\"SearchAction\",\"target\":{\"@type\":\"EntryPoint\",\"urlTemplate\":\"https:\\\/\\\/arquimedestechnology.com\\\/?s={search_term_string}\"},\"query-input\":{\"@type\":\"PropertyValueSpecification\",\"valueRequired\":true,\"valueName\":\"search_term_string\"}}],\"inLanguage\":\"en-US\"},{\"@type\":\"Organization\",\"@id\":\"https:\\\/\\\/arquimedestechnology.com\\\/#organization\",\"name\":\"Arqu\u00edmedes Technology\",\"url\":\"https:\\\/\\\/arquimedestechnology.com\\\/\",\"logo\":{\"@type\":\"ImageObject\",\"inLanguage\":\"en-US\",\"@id\":\"https:\\\/\\\/arquimedestechnology.com\\\/#\\\/schema\\\/logo\\\/image\\\/\",\"url\":\"https:\\\/\\\/arquimedestechnology.com\\\/wp-content\\\/uploads\\\/cropped-logo2x1.png\",\"contentUrl\":\"https:\\\/\\\/arquimedestechnology.com\\\/wp-content\\\/uploads\\\/cropped-logo2x1.png\",\"width\":250,\"height\":134,\"caption\":\"Arqu\u00edmedes Technology\"},\"image\":{\"@id\":\"https:\\\/\\\/arquimedestechnology.com\\\/#\\\/schema\\\/logo\\\/image\\\/\"}}]}<\/script>\n<!-- \/ Yoast SEO plugin. -->","yoast_head_json":{"title":"ARQU\u00cdMEDES TECHNOLOGY - Arqu\u00edmedes Technology","robots":{"index":"index","follow":"follow","max-snippet":"max-snippet:-1","max-image-preview":"max-image-preview:large","max-video-preview":"max-video-preview:-1"},"canonical":"https:\/\/arquimedestechnology.com\/en\/arquimedes-technology\/","og_locale":"en_US","og_type":"article","og_title":"ARQU\u00cdMEDES TECHNOLOGY - Arqu\u00edmedes Technology","og_description":"We forget that the cycle of water and that of life are one Jacques Cousteau KNOW ARQU\u00cdMEDES TECHNOLOGY ECOLOGICAL TECHNOLOGIES INTENDED FOR WATER TREATMENT. From the day of it&#8217;s foundation, all the activities of ARQU\u00cdMEDES TECHNOLOGY, formed by a team of technicians with extensive experience in this sector, were oriented to the search for ecological ... Read more","og_url":"https:\/\/arquimedestechnology.com\/en\/arquimedes-technology\/","og_site_name":"Arqu\u00edmedes Technology","article_modified_time":"2020-01-27T10:35:54+00:00","og_image":[{"url":"https:\/\/arquimedestechnology.com\/wp-content\/uploads\/image002.jpg","type":"","width":"","height":""}],"twitter_card":"summary_large_image","twitter_misc":{"Est. reading time":"1 minute"},"schema":{"@context":"https:\/\/schema.org","@graph":[{"@type":"WebPage","@id":"https:\/\/arquimedestechnology.com\/en\/arquimedes-technology\/","url":"https:\/\/arquimedestechnology.com\/en\/arquimedes-technology\/","name":"ARQU\u00cdMEDES TECHNOLOGY - Arqu\u00edmedes Technology","isPartOf":{"@id":"https:\/\/arquimedestechnology.com\/#website"},"primaryImageOfPage":{"@id":"https:\/\/arquimedestechnology.com\/en\/arquimedes-technology\/#primaryimage"},"image":{"@id":"https:\/\/arquimedestechnology.com\/en\/arquimedes-technology\/#primaryimage"},"thumbnailUrl":"https:\/\/arquimedestechnology.com\/wp-content\/uploads\/image002.jpg","datePublished":"2018-07-27T09:55:22+00:00","dateModified":"2020-01-27T10:35:54+00:00","breadcrumb":{"@id":"https:\/\/arquimedestechnology.com\/en\/arquimedes-technology\/#breadcrumb"},"inLanguage":"en-US","potentialAction":[{"@type":"ReadAction","target":["https:\/\/arquimedestechnology.com\/en\/arquimedes-technology\/"]}]},{"@type":"ImageObject","inLanguage":"en-US","@id":"https:\/\/arquimedestechnology.com\/en\/arquimedes-technology\/#primaryimage","url":"https:\/\/arquimedestechnology.com\/wp-content\/uploads\/image002.jpg","contentUrl":"https:\/\/arquimedestechnology.com\/wp-content\/uploads\/image002.jpg"},{"@type":"BreadcrumbList","@id":"https:\/\/arquimedestechnology.com\/en\/arquimedes-technology\/#breadcrumb","itemListElement":[{"@type":"ListItem","position":1,"name":"Portada","item":"https:\/\/arquimedestechnology.com\/en\/"},{"@type":"ListItem","position":2,"name":"ARQU\u00cdMEDES TECHNOLOGY"}]},{"@type":"WebSite","@id":"https:\/\/arquimedestechnology.com\/#website","url":"https:\/\/arquimedestechnology.com\/","name":"Arqu\u00edmedes Technology","description":"Soluci\u00f3n ecol\u00f3gica a los problemas de la cal","publisher":{"@id":"https:\/\/arquimedestechnology.com\/#organization"},"potentialAction":[{"@type":"SearchAction","target":{"@type":"EntryPoint","urlTemplate":"https:\/\/arquimedestechnology.com\/?s={search_term_string}"},"query-input":{"@type":"PropertyValueSpecification","valueRequired":true,"valueName":"search_term_string"}}],"inLanguage":"en-US"},{"@type":"Organization","@id":"https:\/\/arquimedestechnology.com\/#organization","name":"Arqu\u00edmedes Technology","url":"https:\/\/arquimedestechnology.com\/","logo":{"@type":"ImageObject","inLanguage":"en-US","@id":"https:\/\/arquimedestechnology.com\/#\/schema\/logo\/image\/","url":"https:\/\/arquimedestechnology.com\/wp-content\/uploads\/cropped-logo2x1.png","contentUrl":"https:\/\/arquimedestechnology.com\/wp-content\/uploads\/cropped-logo2x1.png","width":250,"height":134,"caption":"Arqu\u00edmedes Technology"},"image":{"@id":"https:\/\/arquimedestechnology.com\/#\/schema\/logo\/image\/"}}]}},"_links":{"self":[{"href":"https:\/\/arquimedestechnology.com\/en\/wp-json\/wp\/v2\/pages\/4590","targetHints":{"allow":["GET"]}}],"collection":[{"href":"https:\/\/arquimedestechnology.com\/en\/wp-json\/wp\/v2\/pages"}],"about":[{"href":"https:\/\/arquimedestechnology.com\/en\/wp-json\/wp\/v2\/types\/page"}],"author":[{"embeddable":true,"href":"https:\/\/arquimedestechnology.com\/en\/wp-json\/wp\/v2\/users\/1"}],"replies":[{"embeddable":true,"href":"https:\/\/arquimedestechnology.com\/en\/wp-json\/wp\/v2\/comments?post=4590"}],"version-history":[{"count":5,"href":"https:\/\/arquimedestechnology.com\/en\/wp-json\/wp\/v2\/pages\/4590\/revisions"}],"predecessor-version":[{"id":4725,"href":"https:\/\/arquimedestechnology.com\/en\/wp-json\/wp\/v2\/pages\/4590\/revisions\/4725"}],"wp:attachment":[{"href":"https:\/\/arquimedestechnology.com\/en\/wp-json\/wp\/v2\/media?parent=4590"}],"curies":[{"name":"wp","href":"https:\/\/api.w.org\/{rel}","templated":true}]}}