{"id":4651,"date":"2018-07-27T12:01:23","date_gmt":"2018-07-27T10:01:23","guid":{"rendered":"https:\/\/arquimedestechnology.com\/aviso-legal\/"},"modified":"2020-01-20T16:09:35","modified_gmt":"2020-01-20T15:09:35","slug":"legal-warning","status":"publish","type":"page","link":"https:\/\/arquimedestechnology.com\/en\/legal-warning\/","title":{"rendered":"LEGAL WARNING"},"content":{"rendered":"\t\t<div data-elementor-type=\"wp-post\" data-elementor-id=\"4651\" class=\"elementor elementor-4651 elementor-bc-flex-widget\" data-elementor-post-type=\"page\">\n\t\t\t\t\t\t<section class=\"elementor-section elementor-top-section elementor-element elementor-element-2bad4ff elementor-section-content-middle elementor-section-boxed elementor-section-height-default elementor-section-height-default\" data-id=\"2bad4ff\" data-element_type=\"section\" data-e-type=\"section\">\n\t\t\t\t\t\t<div class=\"elementor-container elementor-column-gap-default\">\n\t\t\t\t\t<div class=\"elementor-column elementor-col-100 elementor-top-column elementor-element elementor-element-5c01baa\" data-id=\"5c01baa\" data-element_type=\"column\" data-e-type=\"column\">\n\t\t\t<div class=\"elementor-widget-wrap elementor-element-populated\">\n\t\t\t\t\t\t<div class=\"elementor-element elementor-element-8c230da elementor-widget-divider--view-line elementor-widget elementor-widget-divider\" data-id=\"8c230da\" data-element_type=\"widget\" data-e-type=\"widget\" data-widget_type=\"divider.default\">\n\t\t\t\t<div class=\"elementor-widget-container\">\n\t\t\t\t\t\t\t<div class=\"elementor-divider\">\n\t\t\t<span class=\"elementor-divider-separator\">\n\t\t\t\t\t\t<\/span>\n\t\t<\/div>\n\t\t\t\t\t\t<\/div>\n\t\t\t\t<\/div>\n\t\t\t\t<div class=\"elementor-element elementor-element-c50a82d elementor-widget elementor-widget-heading\" data-id=\"c50a82d\" data-element_type=\"widget\" data-e-type=\"widget\" data-widget_type=\"heading.default\">\n\t\t\t\t<div class=\"elementor-widget-container\">\n\t\t\t\t\t<h1 class=\"elementor-heading-title elementor-size-xl\">LEGAL WARNING\n<\/h1>\t\t\t\t<\/div>\n\t\t\t\t<\/div>\n\t\t\t\t<div class=\"elementor-element elementor-element-204fda9 elementor-widget elementor-widget-text-editor\" data-id=\"204fda9\" data-element_type=\"widget\" data-e-type=\"widget\" data-widget_type=\"text-editor.default\">\n\t\t\t\t<div class=\"elementor-widget-container\">\n\t\t\t\t\t\t\t\t\t<p>This Legal Notice regulates the general conditions of access and use of the website accessible at the address wwwarquimedestechnology.es, which 2M OCIO SL, makes available to Internet users.<\/p>\n<p>The use of the website implies full and unreserved acceptance of each and every one of the provisions included in this Legal Notice. Consequently, the user of the website must carefully read this Legal Notice on each of the occasions in which he intends to use the website, since the text could be modified at the discretion of the owner of the website, or because of a legislative change , jurisprudential or in business practice.<\/p>\n<p><b>1.- OWNER OF THE WEBSITE<\/b><\/p>\n<p>Name of the holder: 2M OCIO S.L.<\/p>\n<p>Registered office: C \/ Ferm\u00edn Caballero, 12 28034 Madrid<\/p>\n<p>C.I.F .: B85124360<\/p>\n<p>Email: info@eurekal.es<\/p>\n<p>Contact phone: 609098903<\/p>\n<p><b>2.- OBJECT<\/b><\/p>\n<p>The website provides its users with access to information and services provided by 2M OCIO SL to those persons or organizations interested in them.<\/p>\n<p><b>3.- ACCESS AND USE OF THE WEB<\/b><\/p>\n<p>3.1.- Free access and use of the web. Access to the website is free for its users.<\/p>\n<p>3.2.- User registration. In general, access and use of the website does not require prior subscription or registration of its users.<\/p>\n<p><b>4.- CONTENTS OF THE WEB<\/b><\/p>\n<p>The language used by the owner on the website will be Spanish. 2M OCIO SL is not responsible for the lack of understanding or understanding of the language of the website by the user, nor its consequences.<\/p>\n<p>2M OCIO SL may modify the contents without prior notice, as well as delete and change them within the web, such as the way in which they are accessed, without any justification and freely, not being responsible for the consequences that they may cause to the users.<\/p>\n<p>he use of the contents of the website to promote, contract or disseminate advertising or own or third-party information without the authorization of 2M OCIO SL is prohibited, nor send advertising or information using the services or information made available of users, regardless of whether the use is free or not. The links or hyperlinks that incorporate third parties in their web pages, directed to this website, will be for the opening of the complete web page, not being able to express, directly or indirectly, false, inaccurate or confusing indications, nor incur in unfair or illegal actions in against 2M OCIO SL.<\/p>\n<p>4.1 &#8211; WEB FORMS CLAUSE<\/p>\n<p>In accordance with the provisions of the General Regulations for the Protection of Personal Data, the client whose data is contained in this Form expressly consents to 2M OCIO SL the processing of their personal data in order to perform billing and promotion of the services marketed with them, as well as the authorization to communicate with those entities with respect to which 2M OCIO SL contract and provision of services were signed.<\/p>\n<p>The data will be included in an automated file of 2M OCIO SL that has the necessary security measures for your confidentiality and you may exercise your rights of access, rectification, cancellation \/ deletion, opposition, limitation or portability according to the law, by directing a written to 2M OCIO SL, in Calle Ferm\u00edn Caballero, 12 28034 Madrid.<\/p>\n<p><strong>5.- LIMITATION OF LIABILITY<\/strong><\/p>\n<p>Both the access to the website and the non-consensual use that may be made of the information contained therein is the sole responsibility of the user. 2M OCIO SL will not be liable for any consequences, damages or losses that may arise from such access or use.<\/p>\n<p>2M OCIO SL is not responsible for security errors, which may occur or for any damages that may be caused to the user&#8217;s computer system (hardware and software), or to the files or documents stored therein, as a result of:<\/p>\n<p>&#8211; the presence of a virus on the user&#8217;s computer that is used for connection to the services and contents of the web.<\/p>\n<p>&#8211; a malfunction of the browser.<\/p>\n<p>&#8211; and \/ or the use of non-updated versions thereof.<\/p>\n<p>2M OCIO SL is not responsible for the reliability and speed of hyperlinks that are incorporated into the web for the opening of others. 2M OCIO SL does not guarantee the usefulness of these links, nor is it responsible for the contents or services that the user can access through these links, or for the proper functioning of these websites.<\/p>\n<p>2M OCIO SL will not be responsible for viruses or other computer programs that deteriorate or may deteriorate the users&#8217; computer systems or equipment when accessing its website or other websites that have been accessed through links on this website.<\/p>\n<p><b>6.- USE OF THE \u201cCOOKIE\u201d TECHNOLOGY<\/b><\/p>\n<p>The website uses cookies, you can consult our Cookies Policy, which respects at all times the confidentiality and privacy of it.<\/p>\n<p><b>7.- INTELLECTUAL AND INDUSTRIAL PROPERTY<\/b><\/p>\n<p>They are property of 2M OCIO SL, all the industrial and intellectual property rights of the web, as well as the contents it houses. Any use of the website or its contents must be exclusively private.<\/p>\n<p>It is reserved exclusively for 2M OCIO SL, any other use that involves the copying, reproduction, distribution, transformation, public communication or any other similar action, of all or part of the contents of the web, so that no user can carry out These actions without the prior written authorization of 2M OCIO SL.<\/p>\n<p><b>8.- APPLICABLE LEGISLATION AND COMPETENT JURISDICTION<\/b><\/p>\n<p>This Legal Notice will be interpreted and governed in accordance with Spanish law. 2M OCIO SL and the users, expressly waiving any other jurisdiction that may apply to them, submit themselves to the courts and tribunals of the user&#8217;s address for any dispute that may arise from accessing or using the website. In the event that the user has his domicile outside Spain, 2M OCIO SL and the user, submit, expressly waiving any other jurisdiction, to the courts and tribunals of the domicile of Madrid.<\/p>\t\t\t\t\t\t\t\t<\/div>\n\t\t\t\t<\/div>\n\t\t\t\t\t<\/div>\n\t\t<\/div>\n\t\t\t\t\t<\/div>\n\t\t<\/section>\n\t\t\t\t<\/div>\n\t\t","protected":false},"excerpt":{"rendered":"<p>LEGAL WARNING This Legal Notice regulates the general conditions of access and use of the website accessible at the address wwwarquimedestechnology.es, which 2M OCIO SL, makes available to Internet users. The use of the website implies full and unreserved acceptance of each and every one of the provisions included in this Legal Notice. Consequently, the &#8230; <a title=\"LEGAL WARNING\" class=\"read-more\" href=\"https:\/\/arquimedestechnology.com\/en\/legal-warning\/\" aria-label=\"Read more about LEGAL WARNING\">Read more<\/a><\/p>\n","protected":false},"author":1,"featured_media":0,"parent":0,"menu_order":0,"comment_status":"closed","ping_status":"closed","template":"elementor_header_footer","meta":{"footnotes":""},"class_list":["post-4651","page","type-page","status-publish"],"yoast_head":"<!-- This site is optimized with the Yoast SEO plugin v27.2 - https:\/\/yoast.com\/product\/yoast-seo-wordpress\/ -->\n<title>LEGAL WARNING - Arqu\u00edmedes Technology<\/title>\n<meta name=\"robots\" content=\"noindex, follow\" \/>\n<meta property=\"og:locale\" content=\"en_US\" \/>\n<meta property=\"og:type\" content=\"article\" \/>\n<meta property=\"og:title\" content=\"LEGAL WARNING - Arqu\u00edmedes Technology\" \/>\n<meta property=\"og:description\" content=\"LEGAL WARNING This Legal Notice regulates the general conditions of access and use of the website accessible at the address wwwarquimedestechnology.es, which 2M OCIO SL, makes available to Internet users. The use of the website implies full and unreserved acceptance of each and every one of the provisions included in this Legal Notice. Consequently, the ... Read more\" \/>\n<meta property=\"og:url\" content=\"https:\/\/arquimedestechnology.com\/en\/legal-warning\/\" \/>\n<meta property=\"og:site_name\" content=\"Arqu\u00edmedes Technology\" \/>\n<meta property=\"article:modified_time\" content=\"2020-01-20T15:09:35+00:00\" \/>\n<meta name=\"twitter:card\" content=\"summary_large_image\" \/>\n<meta name=\"twitter:label1\" content=\"Est. reading time\" \/>\n\t<meta name=\"twitter:data1\" content=\"5 minutes\" \/>\n<script type=\"application\/ld+json\" class=\"yoast-schema-graph\">{\"@context\":\"https:\/\/schema.org\",\"@graph\":[{\"@type\":\"WebPage\",\"@id\":\"https:\/\/arquimedestechnology.com\/en\/legal-warning\/\",\"url\":\"https:\/\/arquimedestechnology.com\/en\/legal-warning\/\",\"name\":\"LEGAL WARNING - Arqu\u00edmedes Technology\",\"isPartOf\":{\"@id\":\"https:\/\/arquimedestechnology.com\/#website\"},\"datePublished\":\"2018-07-27T10:01:23+00:00\",\"dateModified\":\"2020-01-20T15:09:35+00:00\",\"breadcrumb\":{\"@id\":\"https:\/\/arquimedestechnology.com\/en\/legal-warning\/#breadcrumb\"},\"inLanguage\":\"en-US\",\"potentialAction\":[{\"@type\":\"ReadAction\",\"target\":[\"https:\/\/arquimedestechnology.com\/en\/legal-warning\/\"]}]},{\"@type\":\"BreadcrumbList\",\"@id\":\"https:\/\/arquimedestechnology.com\/en\/legal-warning\/#breadcrumb\",\"itemListElement\":[{\"@type\":\"ListItem\",\"position\":1,\"name\":\"Portada\",\"item\":\"https:\/\/arquimedestechnology.com\/en\/\"},{\"@type\":\"ListItem\",\"position\":2,\"name\":\"LEGAL WARNING\"}]},{\"@type\":\"WebSite\",\"@id\":\"https:\/\/arquimedestechnology.com\/#website\",\"url\":\"https:\/\/arquimedestechnology.com\/\",\"name\":\"Arqu\u00edmedes Technology\",\"description\":\"Soluci\u00f3n ecol\u00f3gica a los problemas de la cal\",\"publisher\":{\"@id\":\"https:\/\/arquimedestechnology.com\/#organization\"},\"potentialAction\":[{\"@type\":\"SearchAction\",\"target\":{\"@type\":\"EntryPoint\",\"urlTemplate\":\"https:\/\/arquimedestechnology.com\/?s={search_term_string}\"},\"query-input\":{\"@type\":\"PropertyValueSpecification\",\"valueRequired\":true,\"valueName\":\"search_term_string\"}}],\"inLanguage\":\"en-US\"},{\"@type\":\"Organization\",\"@id\":\"https:\/\/arquimedestechnology.com\/#organization\",\"name\":\"Arqu\u00edmedes Technology\",\"url\":\"https:\/\/arquimedestechnology.com\/\",\"logo\":{\"@type\":\"ImageObject\",\"inLanguage\":\"en-US\",\"@id\":\"https:\/\/arquimedestechnology.com\/#\/schema\/logo\/image\/\",\"url\":\"https:\/\/arquimedestechnology.com\/wp-content\/uploads\/cropped-logo2x1.png\",\"contentUrl\":\"https:\/\/arquimedestechnology.com\/wp-content\/uploads\/cropped-logo2x1.png\",\"width\":250,\"height\":134,\"caption\":\"Arqu\u00edmedes Technology\"},\"image\":{\"@id\":\"https:\/\/arquimedestechnology.com\/#\/schema\/logo\/image\/\"}}]}<\/script>\n<!-- \/ Yoast SEO plugin. -->","yoast_head_json":{"title":"LEGAL WARNING - Arqu\u00edmedes Technology","robots":{"index":"noindex","follow":"follow"},"og_locale":"en_US","og_type":"article","og_title":"LEGAL WARNING - Arqu\u00edmedes Technology","og_description":"LEGAL WARNING This Legal Notice regulates the general conditions of access and use of the website accessible at the address wwwarquimedestechnology.es, which 2M OCIO SL, makes available to Internet users. The use of the website implies full and unreserved acceptance of each and every one of the provisions included in this Legal Notice. Consequently, the ... Read more","og_url":"https:\/\/arquimedestechnology.com\/en\/legal-warning\/","og_site_name":"Arqu\u00edmedes Technology","article_modified_time":"2020-01-20T15:09:35+00:00","twitter_card":"summary_large_image","twitter_misc":{"Est. reading time":"5 minutes"},"schema":{"@context":"https:\/\/schema.org","@graph":[{"@type":"WebPage","@id":"https:\/\/arquimedestechnology.com\/en\/legal-warning\/","url":"https:\/\/arquimedestechnology.com\/en\/legal-warning\/","name":"LEGAL WARNING - Arqu\u00edmedes Technology","isPartOf":{"@id":"https:\/\/arquimedestechnology.com\/#website"},"datePublished":"2018-07-27T10:01:23+00:00","dateModified":"2020-01-20T15:09:35+00:00","breadcrumb":{"@id":"https:\/\/arquimedestechnology.com\/en\/legal-warning\/#breadcrumb"},"inLanguage":"en-US","potentialAction":[{"@type":"ReadAction","target":["https:\/\/arquimedestechnology.com\/en\/legal-warning\/"]}]},{"@type":"BreadcrumbList","@id":"https:\/\/arquimedestechnology.com\/en\/legal-warning\/#breadcrumb","itemListElement":[{"@type":"ListItem","position":1,"name":"Portada","item":"https:\/\/arquimedestechnology.com\/en\/"},{"@type":"ListItem","position":2,"name":"LEGAL WARNING"}]},{"@type":"WebSite","@id":"https:\/\/arquimedestechnology.com\/#website","url":"https:\/\/arquimedestechnology.com\/","name":"Arqu\u00edmedes Technology","description":"Soluci\u00f3n ecol\u00f3gica a los problemas de la cal","publisher":{"@id":"https:\/\/arquimedestechnology.com\/#organization"},"potentialAction":[{"@type":"SearchAction","target":{"@type":"EntryPoint","urlTemplate":"https:\/\/arquimedestechnology.com\/?s={search_term_string}"},"query-input":{"@type":"PropertyValueSpecification","valueRequired":true,"valueName":"search_term_string"}}],"inLanguage":"en-US"},{"@type":"Organization","@id":"https:\/\/arquimedestechnology.com\/#organization","name":"Arqu\u00edmedes Technology","url":"https:\/\/arquimedestechnology.com\/","logo":{"@type":"ImageObject","inLanguage":"en-US","@id":"https:\/\/arquimedestechnology.com\/#\/schema\/logo\/image\/","url":"https:\/\/arquimedestechnology.com\/wp-content\/uploads\/cropped-logo2x1.png","contentUrl":"https:\/\/arquimedestechnology.com\/wp-content\/uploads\/cropped-logo2x1.png","width":250,"height":134,"caption":"Arqu\u00edmedes Technology"},"image":{"@id":"https:\/\/arquimedestechnology.com\/#\/schema\/logo\/image\/"}}]}},"_links":{"self":[{"href":"https:\/\/arquimedestechnology.com\/en\/wp-json\/wp\/v2\/pages\/4651","targetHints":{"allow":["GET"]}}],"collection":[{"href":"https:\/\/arquimedestechnology.com\/en\/wp-json\/wp\/v2\/pages"}],"about":[{"href":"https:\/\/arquimedestechnology.com\/en\/wp-json\/wp\/v2\/types\/page"}],"author":[{"embeddable":true,"href":"https:\/\/arquimedestechnology.com\/en\/wp-json\/wp\/v2\/users\/1"}],"replies":[{"embeddable":true,"href":"https:\/\/arquimedestechnology.com\/en\/wp-json\/wp\/v2\/comments?post=4651"}],"version-history":[{"count":3,"href":"https:\/\/arquimedestechnology.com\/en\/wp-json\/wp\/v2\/pages\/4651\/revisions"}],"predecessor-version":[{"id":4655,"href":"https:\/\/arquimedestechnology.com\/en\/wp-json\/wp\/v2\/pages\/4651\/revisions\/4655"}],"wp:attachment":[{"href":"https:\/\/arquimedestechnology.com\/en\/wp-json\/wp\/v2\/media?parent=4651"}],"curies":[{"name":"wp","href":"https:\/\/api.w.org\/{rel}","templated":true}]}}