{"id":4710,"date":"2018-07-27T12:01:54","date_gmt":"2018-07-27T10:01:54","guid":{"rendered":"https:\/\/arquimedestechnology.com\/politicas-de-privacidad\/"},"modified":"2020-01-20T16:56:28","modified_gmt":"2020-01-20T15:56:28","slug":"privacy-policy","status":"publish","type":"page","link":"https:\/\/arquimedestechnology.com\/en\/privacy-policy\/","title":{"rendered":"Privacy Policy"},"content":{"rendered":"\t\t<div data-elementor-type=\"wp-post\" data-elementor-id=\"4710\" class=\"elementor elementor-4710 elementor-bc-flex-widget\" data-elementor-post-type=\"page\">\n\t\t\t\t\t\t<section class=\"elementor-section elementor-top-section elementor-element elementor-element-2110673a elementor-section-content-middle elementor-section-boxed elementor-section-height-default elementor-section-height-default\" data-id=\"2110673a\" data-element_type=\"section\" data-e-type=\"section\">\n\t\t\t\t\t\t<div class=\"elementor-container elementor-column-gap-default\">\n\t\t\t\t\t<div class=\"elementor-column elementor-col-100 elementor-top-column elementor-element elementor-element-702d3cbe\" data-id=\"702d3cbe\" data-element_type=\"column\" data-e-type=\"column\">\n\t\t\t<div class=\"elementor-widget-wrap elementor-element-populated\">\n\t\t\t\t\t\t<div class=\"elementor-element elementor-element-79784d05 elementor-widget-divider--view-line elementor-widget elementor-widget-divider\" data-id=\"79784d05\" data-element_type=\"widget\" data-e-type=\"widget\" data-widget_type=\"divider.default\">\n\t\t\t\t<div class=\"elementor-widget-container\">\n\t\t\t\t\t\t\t<div class=\"elementor-divider\">\n\t\t\t<span class=\"elementor-divider-separator\">\n\t\t\t\t\t\t<\/span>\n\t\t<\/div>\n\t\t\t\t\t\t<\/div>\n\t\t\t\t<\/div>\n\t\t\t\t<div class=\"elementor-element elementor-element-65e8e089 elementor-widget elementor-widget-heading\" data-id=\"65e8e089\" data-element_type=\"widget\" data-e-type=\"widget\" data-widget_type=\"heading.default\">\n\t\t\t\t<div class=\"elementor-widget-container\">\n\t\t\t\t\t<h1 class=\"elementor-heading-title elementor-size-xl\">POL\u00cdTICA DE PRIVACIDAD<\/h1>\t\t\t\t<\/div>\n\t\t\t\t<\/div>\n\t\t\t\t<div class=\"elementor-element elementor-element-1a9723b6 elementor-widget elementor-widget-text-editor\" data-id=\"1a9723b6\" data-element_type=\"widget\" data-e-type=\"widget\" data-widget_type=\"text-editor.default\">\n\t\t\t\t<div class=\"elementor-widget-container\">\n\t\t\t\t\t\t\t\t\t<h3 data-fontsize=\"16\" data-lineheight=\"24\"><strong>1. Objeto y aceptaci\u00f3n<\/strong><\/h3><p>Las presentes cl\u00e1usulas legales regulan el uso del sitio Web que pone a su disposici\u00f3n la empresa: 2M OCIO S.L., cuyos datos de identificaci\u00f3n son los siguientes: C.I.F.: B-85124360. Direcci\u00f3n C\/ Ferm\u00edn Caballero, 12 28034 \u2013 Madrid. Correo electr\u00f3nico:\u00a0info@eurekal.es.<\/p><p>La navegaci\u00f3n por el sitio Web de la empresa -que puede realizarse a trav\u00e9s de las direcciones www.grupoarquimedes.com \u2013 atribuye la condici\u00f3n de usuario del mismo e implica la aceptaci\u00f3n plena y sin reservas de todas y cada una de las presentes cl\u00e1usulas, que pueden sufrir modificaciones.<br \/>El usuario se obliga a hacer un uso correcto del sitio Web de conformidad con las leyes, la buena fe, el orden p\u00fablico, los usos del tr\u00e1fico y las presentes cl\u00e1usulas. El Usuario responder\u00e1 frente a la empresa\u00a02M OCIO S.L.\u00a0o frente a terceros, de cualesquiera da\u00f1os y perjuicios que pudieran causarse como consecuencia del incumplimiento de dicha obligaci\u00f3n.<\/p><h3 data-fontsize=\"16\" data-lineheight=\"24\">2.<b> Pol\u00edtica de privacidad y protecci\u00f3n de datos<\/b><\/h3><p>El sitio Web y sus servicios son de acceso libre y gratuito. No obstante, la empresa2M OCIO S.L., condiciona la utilizaci\u00f3n de algunos de los servicios a la previa cumplimentaci\u00f3n de un formulario. En estos casos, el usuario garantiza la autenticidad y actualidad de todos aquellos datos que comunique a la empresa 2M OCIO S.L., y ser\u00e1 el \u00fanico responsable de las manifestaciones falsas o inexactas que realice. La informaci\u00f3n proporcionada a la empresa 2M OCIO S.L., mediante la cumplimentaci\u00f3n de formularios ser\u00e1 facilitada voluntariamente por el usuario del sitio Web.<br \/>Los datos recabados a trav\u00e9s de los formularios de recogida de datos del sitio Web o por otras v\u00edas ser\u00e1n incorporados a un fichero automatizado de datos de car\u00e1cter personal, del que es responsable la empresa 2M OCIO S.L. Esta entidad tratar\u00e1 los datos de forma confidencial y exclusivamente con la finalidad de ofrecer los servicios solicitados, con todas las garant\u00edas legales y de seguridad que impone la Ley Org\u00e1nica 15\/1999, de 13 de diciembre, de Protecci\u00f3n de Datos de Car\u00e1cter Personal y la Ley 34\/2002, de 11 de julio, de Servicios de la Sociedad de la Informaci\u00f3n y Comercio Electr\u00f3nico.<\/p><p>La empresa 2M OCIO S.L., se compromete a no ceder, vender, ni compartir los datos con terceros sin su aprobaci\u00f3n expresa. En aquellos casos en que pueda ser necesaria la cesi\u00f3n de los datos a terceros para la correcta prestaci\u00f3n del servicio, se informar\u00e1 expresamente al usuario de este extremo, as\u00ed como de las condiciones y limitaciones de esta cesi\u00f3n.<br \/>La empresa 2M OCIO S.L., cancelar\u00e1 o rectificar\u00e1 los datos cuando resulten inexactos, incompletos o hayan dejado de ser necesarios o pertinentes para su finalidad, de conformidad con lo previsto en la Ley Org\u00e1nica 15\/1999, de 13 de diciembre, de Protecci\u00f3n de Datos de Car\u00e1cter Personal.<\/p><p>El usuario podr\u00e1 revocar el consentimiento prestado y ejercer los derechos de acceso, rectificaci\u00f3n, cancelaci\u00f3n y oposici\u00f3n en los t\u00e9rminos previstos en la Ley, dirigi\u00e9ndose a tal efecto a la direcci\u00f3n de la empresa 2M OCIO S.L., identific\u00e1ndose debidamente e indicando de forma visible el concreto derecho que se ejerce.<br \/>La empresa 2M OCIO S.L., ., adopta las medidas de seguridad correspondientes a los niveles requeridos por el Reglamento de Medidas de Seguridad aprobado por el Real Decreto 994\/1999 de 6 de junio. No obstante, la empresa 2M OCIO S.L., no asume ninguna responsabilidad por los da\u00f1os y perjuicios derivados de alteraciones que terceros pueden causar en los sistemas inform\u00e1ticos, documentos electr\u00f3nicos o ficheros del usuario.<br \/>La empresa 2M OCIO S.L., podr\u00e1 utilizar cookies durante la prestaci\u00f3n de servicios del sitio Web. Las cookies son ficheros f\u00edsicos de informaci\u00f3n personal alojados en el propio terminal del usuario. El usuario tiene la posibilidad de configurar su programa navegador de manera que se impida la creaci\u00f3n de archivos cookie o se advierta de la misma.<br \/>Si opta a abandonar nuestro sitio Web a trav\u00e9s de enlaces a sitios Web no pertenecientes a nuestra entidad, la empresa 2M OCIO S.L., no se har\u00e1 responsable de las pol\u00edticas de privacidad de dichos sitios Web ni de las cookies que estos puedan almacenar en el ordenador del usuario. Nuestra pol\u00edtica con respecto al correo electr\u00f3nico es la de remitir \u00fanicamente comunicaciones que usted haya solicitado. Cuando estas comunicaciones se realicen de forma peri\u00f3dica y\/o mediante listas de distribuci\u00f3n, le ofreceremos en el propio mensaje de correo electr\u00f3nico que usted reciba la posibilidad de ejercer su derecho de cancelaci\u00f3n y renuncia a la recepci\u00f3n de estos mensajes, en conformidad con lo dispuesto en el T\u00edtulo III, art\u00edculo 22 de la Ley 34\/2002 de Servicios para la Sociedad de la Informaci\u00f3n y de Comercio Electr\u00f3nico (LSSICE).<\/p><h3 data-fontsize=\"16\" data-lineheight=\"24\"><b>3. Condiciones de acceso y utilizaci\u00f3n<\/b><\/h3><p>El Usuario se compromete expresamente a hacer un uso adecuado de los contenidos y servicios del sitio Web, y a no emplearlos para:<\/p><ol><li>Difundir contenidos, delictivos, violentos, pornogr\u00e1ficos, racistas, xen\u00f3fobo, ofensivos, de apolog\u00eda del terrorismo o, en general, contrarios a la ley o al orden p\u00fablico.<\/li><li>Introducir en la red virus inform\u00e1ticos o realizar actuaciones susceptibles de alterar, estropear, interrumpir o generar errores o da\u00f1os en los documentos electr\u00f3nicos, datos o sistemas f\u00edsicos y l\u00f3gicos de la empresa 2M OCIO S.L. o de terceras personas; as\u00ed como obstaculizar el acceso de otros usuarios al sitio Web y a sus servicios mediante el consumo masivo de los recursos inform\u00e1ticos a trav\u00e9s de los cuales la empresa 2M OCIO S.L. presta sus servicios.<\/li><li>Intentar acceder a las cuentas de correo electr\u00f3nico de otros usuarios o a \u00e1reas restringidas de los sistemas inform\u00e1ticos de la empresa 2M OCIO S.L.\u00a0o de terceros y, en su caso, extraer informaci\u00f3n.<\/li><li>Vulnerar los derechos de propiedad intelectual o industrial, as\u00ed como violar la confidencialidad de la informaci\u00f3n de la empresa 2M OCIO S.L. o de terceros.<\/li><li>Suplantar la identidad de otro usuario, de las administraciones p\u00fablicas o de un tercero.<\/li><li>Reproducir, copiar, distribuir, poner a disposici\u00f3n o de cualquier otra forma comunicar p\u00fablicamente, transformar o modificar los contenidos, salvo que est\u00e9 legalmente permitido o se cuente con la autorizaci\u00f3n del titular de los correspondientes derechos.<\/li><li>Recabar datos con finalidad publicitaria, o con el objeto de remitir publicidad de cualquier clase y comunicaciones con fines de venta u otras de naturaleza comercial sin que medie su previa solicitud o consentimiento.<\/li><\/ol><p>Los contenidos del sitio Web, como textos, fotograf\u00edas, gr\u00e1ficos, im\u00e1genes, iconos, tecnolog\u00eda, software, as\u00ed como su dise\u00f1o gr\u00e1fico y c\u00f3digos fuente, constituyen una obra cuya propiedad pertenece a la empresa 2M OCIO S.L. sin que puedan entenderse cedidos al usuario ninguno de los derechos de explotaci\u00f3n sobre los mismos m\u00e1s all\u00e1 de lo estrictamente necesario para el correcto uso de la Web.<br \/>En definitiva, los usuarios que accedan a este sitio Web pueden visualizar los contenidos y efectuar, en su caso, copias privadas autorizadas siempre que los elementos reproducidos no sean cedidos posteriormente a terceros, ni se instalen a servidores conectados a redes, ni sean objeto de ning\u00fan tipo de explotaci\u00f3n.<br \/>As\u00ed mismo, las marcas, nombres comerciales o signos distintivos de cualquier clase que aparecen en el sitio Web son propiedad de la empresa 2M OCIO S.L. sin que pueda entenderse que el uso o acceso al mismo atribuya al usuario derecho alguno sobre los mismos. La distribuci\u00f3n, modificaci\u00f3n, cesi\u00f3n o comunicaci\u00f3n p\u00fablica de los contenidos y cualquier otro acto que no haya sido expresamente autorizado por el titular de los derechos de explotaci\u00f3n quedan prohibidos.<br \/>El establecimiento de un enlace a otro sitio Web no implica en ning\u00fan caso la existencia de relaciones entre la empresa 2M OCIO S.L.\u00a0y el titular del mismo, ni la aceptaci\u00f3n y aprobaci\u00f3n por parte de la empresa 2M OCIO S.L.\u00a0de sus contenidos o servicios.<br \/>Aquellas personas que se propongan establecer un enlace a este sitio Web deber\u00e1 abstenerse de realizar manifestaciones o indicaciones falsas, inexactas o incorrectas sobre la empresa 2M OCIO S.L. o incluir contenidos il\u00edcitos, contrarios a las buenas costumbres y al orden p\u00fablico.<\/p><h3 data-fontsize=\"16\" data-lineheight=\"24\"><b>4. Exclusi\u00f3n de garant\u00edas y responsabilidades<\/b><\/h3><p>El contenido del presente sitio Web es de car\u00e1cter general y tiene una finalidad meramente informativa, sin que se garantice plenamente el acceso a todos los contenidos, ni su exhaustividad, correcci\u00f3n, vigencia o actualidad, ni su idoneidad o utilidad para un objetivo espec\u00edfico. La empresa 2M OCIO S.L.\u00a0excluye, hasta donde permite el ordenamiento jur\u00eddico, cualquier responsabilidad por los da\u00f1os y perjuicios de toda naturaleza derivados de:<\/p><ol><li>La imposibilidad de acceso al sitio Web o la falta de veracidad, exactitud, exhaustividad y\/o actualidad de los contenidos, as\u00ed como la existencia de vicios y defectos de toda clase de los contenidos transmitidos, difundidos, almacenados, puestos a disposici\u00f3n a los que se haya accedido a trav\u00e9s del sitio Web o de los servicios que se ofrecen.<\/li><li>La presencia de virus o de otros elementos en los contenidos que puedan producir alteraciones en los sistemas inform\u00e1ticos, documentos electr\u00f3nicos o datos de los usuarios.<\/li><li>El incumplimiento de las leyes, la buena fe, el orden p\u00fablico, los usos del tr\u00e1fico y las presentes cl\u00e1usulas como consecuencia del uso incorrecto del sitio Web. En particular, y a modo de ejemplo, la empresa 2M OCIO S.L.\u00a0no se hace responsable de las actuaciones de terceros que vulneren derechos de propiedad intelectual e industrial, secretos empresariales, derechos al honor, a la intimidad personal y familiar y a la propia imagen, as\u00ed como la normativa en materia de competencia desleal y publicidad il\u00edcita.<\/li><\/ol><p>As\u00ed mismo, la empresa 2M OCIO S.L.\u00a0declina cualquier responsabilidad respecto a la informaci\u00f3n que se halle fuera de esta Web y no sea gestionada directamente por nuestro webmaster. La funci\u00f3n de los links que aparecen en esta Web es exclusivamente la de informar al usuario sobre la existencia de otras fuentes susceptibles de ampliar los contenidos que ofrece este sitio Web. La empresa 2M OCIO S.L.\u00a0no garantiza ni se responsabiliza del funcionamiento o accesibilidad de los sitios enlazados; ni sugiere, invita o recomienda la visita a los mismos, por lo que tampoco ser\u00e1 responsable del resultado obtenido. La empresa 2M OCIO S.L.\u00a0no se responsabiliza del establecimiento de hiperv\u00ednculos por parte de terceros.<\/p><h3 data-fontsize=\"16\" data-lineheight=\"24\"><b>5. Procedimiento en caso de realizaci\u00f3n de actividades de car\u00e1cter il\u00edcito<\/b><\/h3><p>En el caso de que cualquier usuario o un tercero considere que existen hechos o circunstancias que revelen el car\u00e1cter il\u00edcito de la utilizaci\u00f3n de cualquier contenido y\/o de la realizaci\u00f3n de cualquier actividad en las p\u00e1ginas Web incluidas o accesibles a trav\u00e9s del sitio Web, deber\u00e1 enviar una notificaci\u00f3n a la empresa 2M OCIO S.L.\u00a0identific\u00e1ndose debidamente, especificando las supuestas infracciones y declarando expresamente y bajo su responsabilidad que la informaci\u00f3n proporcionada en la notificaci\u00f3n es exacta.<\/p><h3 data-fontsize=\"16\" data-lineheight=\"24\"><b>6. Publicaciones<\/b><\/h3><p>La informaci\u00f3n administrativa facilitada a trav\u00e9s del sitio Web no sustituye la publicidad legal de las leyes, normativas, planes, disposiciones generales y actos que tengan que ser publicados formalmente a los diarios oficiales de las administraciones p\u00fablicas, que constituyen el \u00fanico instrumento que da fe de su autenticidad y contenido. La informaci\u00f3n disponible en este sitio Web debe entenderse como una gu\u00eda sin prop\u00f3sito de validez legal.<\/p>\t\t\t\t\t\t\t\t<\/div>\n\t\t\t\t<\/div>\n\t\t\t\t\t<\/div>\n\t\t<\/div>\n\t\t\t\t\t<\/div>\n\t\t<\/section>\n\t\t\t\t<\/div>\n\t\t","protected":false},"excerpt":{"rendered":"<p>POL\u00cdTICA DE PRIVACIDAD 1. Objeto y aceptaci\u00f3n Las presentes cl\u00e1usulas legales regulan el uso del sitio Web que pone a su disposici\u00f3n la empresa: 2M OCIO S.L., cuyos datos de identificaci\u00f3n son los siguientes: C.I.F.: B-85124360. Direcci\u00f3n C\/ Ferm\u00edn Caballero, 12 28034 \u2013 Madrid. Correo electr\u00f3nico:&nbsp;info@eurekal.es. La navegaci\u00f3n por el sitio Web de la empresa &#8230; <a title=\"Privacy Policy\" class=\"read-more\" href=\"https:\/\/arquimedestechnology.com\/en\/privacy-policy\/\" aria-label=\"Read more about Privacy Policy\">Read more<\/a><\/p>\n","protected":false},"author":1,"featured_media":0,"parent":0,"menu_order":0,"comment_status":"closed","ping_status":"closed","template":"elementor_header_footer","meta":{"footnotes":""},"class_list":["post-4710","page","type-page","status-publish"],"yoast_head":"<!-- This site is optimized with the Yoast SEO plugin v27.4 - https:\/\/yoast.com\/product\/yoast-seo-wordpress\/ -->\n<title>Privacy Policy - Arqu\u00edmedes Technology<\/title>\n<meta name=\"robots\" content=\"noindex, follow\" \/>\n<meta property=\"og:locale\" content=\"en_US\" \/>\n<meta property=\"og:type\" content=\"article\" \/>\n<meta property=\"og:title\" content=\"Privacy Policy - Arqu\u00edmedes Technology\" \/>\n<meta property=\"og:description\" content=\"POL\u00cdTICA DE PRIVACIDAD 1. Objeto y aceptaci\u00f3n Las presentes cl\u00e1usulas legales regulan el uso del sitio Web que pone a su disposici\u00f3n la empresa: 2M OCIO S.L., cuyos datos de identificaci\u00f3n son los siguientes: C.I.F.: B-85124360. Direcci\u00f3n C\/ Ferm\u00edn Caballero, 12 28034 \u2013 Madrid. Correo electr\u00f3nico:&nbsp;info@eurekal.es. La navegaci\u00f3n por el sitio Web de la empresa ... Read more\" \/>\n<meta property=\"og:url\" content=\"https:\/\/arquimedestechnology.com\/en\/privacy-policy\/\" \/>\n<meta property=\"og:site_name\" content=\"Arqu\u00edmedes Technology\" \/>\n<meta property=\"article:modified_time\" content=\"2020-01-20T15:56:28+00:00\" \/>\n<meta name=\"twitter:card\" content=\"summary_large_image\" \/>\n<meta name=\"twitter:label1\" content=\"Est. reading time\" \/>\n\t<meta name=\"twitter:data1\" content=\"10 minutes\" \/>\n<script type=\"application\/ld+json\" class=\"yoast-schema-graph\">{\"@context\":\"https:\\\/\\\/schema.org\",\"@graph\":[{\"@type\":\"WebPage\",\"@id\":\"https:\\\/\\\/arquimedestechnology.com\\\/en\\\/privacy-policy\\\/\",\"url\":\"https:\\\/\\\/arquimedestechnology.com\\\/en\\\/privacy-policy\\\/\",\"name\":\"Privacy Policy - Arqu\u00edmedes Technology\",\"isPartOf\":{\"@id\":\"https:\\\/\\\/arquimedestechnology.com\\\/#website\"},\"datePublished\":\"2018-07-27T10:01:54+00:00\",\"dateModified\":\"2020-01-20T15:56:28+00:00\",\"breadcrumb\":{\"@id\":\"https:\\\/\\\/arquimedestechnology.com\\\/en\\\/privacy-policy\\\/#breadcrumb\"},\"inLanguage\":\"en-US\",\"potentialAction\":[{\"@type\":\"ReadAction\",\"target\":[\"https:\\\/\\\/arquimedestechnology.com\\\/en\\\/privacy-policy\\\/\"]}]},{\"@type\":\"BreadcrumbList\",\"@id\":\"https:\\\/\\\/arquimedestechnology.com\\\/en\\\/privacy-policy\\\/#breadcrumb\",\"itemListElement\":[{\"@type\":\"ListItem\",\"position\":1,\"name\":\"Portada\",\"item\":\"https:\\\/\\\/arquimedestechnology.com\\\/en\\\/\"},{\"@type\":\"ListItem\",\"position\":2,\"name\":\"Privacy Policy\"}]},{\"@type\":\"WebSite\",\"@id\":\"https:\\\/\\\/arquimedestechnology.com\\\/#website\",\"url\":\"https:\\\/\\\/arquimedestechnology.com\\\/\",\"name\":\"Arqu\u00edmedes Technology\",\"description\":\"Soluci\u00f3n ecol\u00f3gica a los problemas de la cal\",\"publisher\":{\"@id\":\"https:\\\/\\\/arquimedestechnology.com\\\/#organization\"},\"potentialAction\":[{\"@type\":\"SearchAction\",\"target\":{\"@type\":\"EntryPoint\",\"urlTemplate\":\"https:\\\/\\\/arquimedestechnology.com\\\/?s={search_term_string}\"},\"query-input\":{\"@type\":\"PropertyValueSpecification\",\"valueRequired\":true,\"valueName\":\"search_term_string\"}}],\"inLanguage\":\"en-US\"},{\"@type\":\"Organization\",\"@id\":\"https:\\\/\\\/arquimedestechnology.com\\\/#organization\",\"name\":\"Arqu\u00edmedes Technology\",\"url\":\"https:\\\/\\\/arquimedestechnology.com\\\/\",\"logo\":{\"@type\":\"ImageObject\",\"inLanguage\":\"en-US\",\"@id\":\"https:\\\/\\\/arquimedestechnology.com\\\/#\\\/schema\\\/logo\\\/image\\\/\",\"url\":\"https:\\\/\\\/arquimedestechnology.com\\\/wp-content\\\/uploads\\\/cropped-logo2x1.png\",\"contentUrl\":\"https:\\\/\\\/arquimedestechnology.com\\\/wp-content\\\/uploads\\\/cropped-logo2x1.png\",\"width\":250,\"height\":134,\"caption\":\"Arqu\u00edmedes Technology\"},\"image\":{\"@id\":\"https:\\\/\\\/arquimedestechnology.com\\\/#\\\/schema\\\/logo\\\/image\\\/\"}}]}<\/script>\n<!-- \/ Yoast SEO plugin. -->","yoast_head_json":{"title":"Privacy Policy - Arqu\u00edmedes Technology","robots":{"index":"noindex","follow":"follow"},"og_locale":"en_US","og_type":"article","og_title":"Privacy Policy - Arqu\u00edmedes Technology","og_description":"POL\u00cdTICA DE PRIVACIDAD 1. Objeto y aceptaci\u00f3n Las presentes cl\u00e1usulas legales regulan el uso del sitio Web que pone a su disposici\u00f3n la empresa: 2M OCIO S.L., cuyos datos de identificaci\u00f3n son los siguientes: C.I.F.: B-85124360. Direcci\u00f3n C\/ Ferm\u00edn Caballero, 12 28034 \u2013 Madrid. Correo electr\u00f3nico:&nbsp;info@eurekal.es. La navegaci\u00f3n por el sitio Web de la empresa ... Read more","og_url":"https:\/\/arquimedestechnology.com\/en\/privacy-policy\/","og_site_name":"Arqu\u00edmedes Technology","article_modified_time":"2020-01-20T15:56:28+00:00","twitter_card":"summary_large_image","twitter_misc":{"Est. reading time":"10 minutes"},"schema":{"@context":"https:\/\/schema.org","@graph":[{"@type":"WebPage","@id":"https:\/\/arquimedestechnology.com\/en\/privacy-policy\/","url":"https:\/\/arquimedestechnology.com\/en\/privacy-policy\/","name":"Privacy Policy - Arqu\u00edmedes Technology","isPartOf":{"@id":"https:\/\/arquimedestechnology.com\/#website"},"datePublished":"2018-07-27T10:01:54+00:00","dateModified":"2020-01-20T15:56:28+00:00","breadcrumb":{"@id":"https:\/\/arquimedestechnology.com\/en\/privacy-policy\/#breadcrumb"},"inLanguage":"en-US","potentialAction":[{"@type":"ReadAction","target":["https:\/\/arquimedestechnology.com\/en\/privacy-policy\/"]}]},{"@type":"BreadcrumbList","@id":"https:\/\/arquimedestechnology.com\/en\/privacy-policy\/#breadcrumb","itemListElement":[{"@type":"ListItem","position":1,"name":"Portada","item":"https:\/\/arquimedestechnology.com\/en\/"},{"@type":"ListItem","position":2,"name":"Privacy Policy"}]},{"@type":"WebSite","@id":"https:\/\/arquimedestechnology.com\/#website","url":"https:\/\/arquimedestechnology.com\/","name":"Arqu\u00edmedes Technology","description":"Soluci\u00f3n ecol\u00f3gica a los problemas de la cal","publisher":{"@id":"https:\/\/arquimedestechnology.com\/#organization"},"potentialAction":[{"@type":"SearchAction","target":{"@type":"EntryPoint","urlTemplate":"https:\/\/arquimedestechnology.com\/?s={search_term_string}"},"query-input":{"@type":"PropertyValueSpecification","valueRequired":true,"valueName":"search_term_string"}}],"inLanguage":"en-US"},{"@type":"Organization","@id":"https:\/\/arquimedestechnology.com\/#organization","name":"Arqu\u00edmedes Technology","url":"https:\/\/arquimedestechnology.com\/","logo":{"@type":"ImageObject","inLanguage":"en-US","@id":"https:\/\/arquimedestechnology.com\/#\/schema\/logo\/image\/","url":"https:\/\/arquimedestechnology.com\/wp-content\/uploads\/cropped-logo2x1.png","contentUrl":"https:\/\/arquimedestechnology.com\/wp-content\/uploads\/cropped-logo2x1.png","width":250,"height":134,"caption":"Arqu\u00edmedes Technology"},"image":{"@id":"https:\/\/arquimedestechnology.com\/#\/schema\/logo\/image\/"}}]}},"_links":{"self":[{"href":"https:\/\/arquimedestechnology.com\/en\/wp-json\/wp\/v2\/pages\/4710","targetHints":{"allow":["GET"]}}],"collection":[{"href":"https:\/\/arquimedestechnology.com\/en\/wp-json\/wp\/v2\/pages"}],"about":[{"href":"https:\/\/arquimedestechnology.com\/en\/wp-json\/wp\/v2\/types\/page"}],"author":[{"embeddable":true,"href":"https:\/\/arquimedestechnology.com\/en\/wp-json\/wp\/v2\/users\/1"}],"replies":[{"embeddable":true,"href":"https:\/\/arquimedestechnology.com\/en\/wp-json\/wp\/v2\/comments?post=4710"}],"version-history":[{"count":1,"href":"https:\/\/arquimedestechnology.com\/en\/wp-json\/wp\/v2\/pages\/4710\/revisions"}],"predecessor-version":[{"id":4711,"href":"https:\/\/arquimedestechnology.com\/en\/wp-json\/wp\/v2\/pages\/4710\/revisions\/4711"}],"wp:attachment":[{"href":"https:\/\/arquimedestechnology.com\/en\/wp-json\/wp\/v2\/media?parent=4710"}],"curies":[{"name":"wp","href":"https:\/\/api.w.org\/{rel}","templated":true}]}}