{"id":4880,"date":"2018-07-27T11:55:22","date_gmt":"2018-07-27T09:55:22","guid":{"rendered":"https:\/\/arquimedestechnology.com\/arquimedes-technology\/"},"modified":"2020-11-18T16:50:29","modified_gmt":"2020-11-18T15:50:29","slug":"arquimedes-technology","status":"publish","type":"page","link":"https:\/\/arquimedestechnology.com\/fr\/arquimedes-technology\/","title":{"rendered":"ARQU\u00cdMEDES TECHNOLOGY"},"content":{"rendered":"\t\t<div data-elementor-type=\"wp-post\" data-elementor-id=\"4880\" class=\"elementor elementor-4880 elementor-bc-flex-widget\" data-elementor-post-type=\"page\">\n\t\t\t\t\t\t<section class=\"elementor-section elementor-top-section elementor-element elementor-element-2ea5a7fd elementor-section-content-middle elementor-section-height-min-height elementor-section-full_width elementor-section-height-default elementor-section-items-middle\" data-id=\"2ea5a7fd\" data-element_type=\"section\" data-e-type=\"section\" data-settings=\"{&quot;background_background&quot;:&quot;classic&quot;}\">\n\t\t\t\t\t\t\t<div class=\"elementor-background-overlay\"><\/div>\n\t\t\t\t\t\t\t<div class=\"elementor-container elementor-column-gap-no\">\n\t\t\t\t\t<div class=\"elementor-column elementor-col-50 elementor-top-column elementor-element elementor-element-69e51a8\" data-id=\"69e51a8\" data-element_type=\"column\" data-e-type=\"column\">\n\t\t\t<div class=\"elementor-widget-wrap\">\n\t\t\t\t\t\t\t<\/div>\n\t\t<\/div>\n\t\t\t\t<div class=\"elementor-column elementor-col-50 elementor-top-column elementor-element elementor-element-bb96d3f\" data-id=\"bb96d3f\" data-element_type=\"column\" data-e-type=\"column\" data-settings=\"{&quot;background_background&quot;:&quot;classic&quot;}\">\n\t\t\t<div class=\"elementor-widget-wrap elementor-element-populated\">\n\t\t\t\t\t<div class=\"elementor-background-overlay\"><\/div>\n\t\t\t\t\t\t<div class=\"elementor-element elementor-element-f8dc31f elementor-blockquote--skin-quotation elementor-blockquote--align-right elementor-widget elementor-widget-blockquote\" data-id=\"f8dc31f\" data-element_type=\"widget\" data-e-type=\"widget\" data-widget_type=\"blockquote.default\">\n\t\t\t\t<div class=\"elementor-widget-container\">\n\t\t\t\t\t\t\t<blockquote class=\"elementor-blockquote\">\n\t\t\t<p class=\"elementor-blockquote__content\">\n\t\t\t\tNous oublions que l'eau et les cycles de vie ne font qu'un\t\t\t<\/p>\n\t\t\t\t\t\t\t<div class=\"e-q-footer\">\n\t\t\t\t\t\t\t\t\t\t\t<cite class=\"elementor-blockquote__author\">Jacques Cousteau<\/cite>\n\t\t\t\t\t\t\t\t\t\t\t\t\t\t<\/div>\n\t\t\t\t\t<\/blockquote>\n\t\t\t\t\t\t<\/div>\n\t\t\t\t<\/div>\n\t\t\t\t\t<\/div>\n\t\t<\/div>\n\t\t\t\t\t<\/div>\n\t\t<\/section>\n\t\t\t\t<section class=\"elementor-section elementor-top-section elementor-element elementor-element-723a041 elementor-section-content-middle elementor-section-boxed elementor-section-height-default elementor-section-height-default\" data-id=\"723a041\" data-element_type=\"section\" data-e-type=\"section\">\n\t\t\t\t\t\t<div class=\"elementor-container elementor-column-gap-default\">\n\t\t\t\t\t<div class=\"elementor-column elementor-col-100 elementor-top-column elementor-element elementor-element-18c1638\" data-id=\"18c1638\" data-element_type=\"column\" data-e-type=\"column\">\n\t\t\t<div class=\"elementor-widget-wrap elementor-element-populated\">\n\t\t\t\t\t\t<div class=\"elementor-element elementor-element-64907a7 elementor-widget-divider--view-line elementor-widget elementor-widget-divider\" data-id=\"64907a7\" data-element_type=\"widget\" data-e-type=\"widget\" data-widget_type=\"divider.default\">\n\t\t\t\t<div class=\"elementor-widget-container\">\n\t\t\t\t\t\t\t<div class=\"elementor-divider\">\n\t\t\t<span class=\"elementor-divider-separator\">\n\t\t\t\t\t\t<\/span>\n\t\t<\/div>\n\t\t\t\t\t\t<\/div>\n\t\t\t\t<\/div>\n\t\t\t\t<div class=\"elementor-element elementor-element-c46f98f elementor-widget elementor-widget-heading\" data-id=\"c46f98f\" data-element_type=\"widget\" data-e-type=\"widget\" data-widget_type=\"heading.default\">\n\t\t\t\t<div class=\"elementor-widget-container\">\n\t\t\t\t\t<h1 class=\"elementor-heading-title elementor-size-xl\">CONNA\u00ceTRE LA <b>TECHNOLOGIE <\/b> D'ARQU\u00cdMEDES\n<\/h1>\t\t\t\t<\/div>\n\t\t\t\t<\/div>\n\t\t\t\t<div class=\"elementor-element elementor-element-a4fd948 elementor-widget elementor-widget-heading\" data-id=\"a4fd948\" data-element_type=\"widget\" data-e-type=\"widget\" data-widget_type=\"heading.default\">\n\t\t\t\t<div class=\"elementor-widget-container\">\n\t\t\t\t\t<h2 class=\"elementor-heading-title elementor-size-xl\">TECHNOLOGIES \u00c9COLOGIQUES DESTIN\u00c9ES AU TRAITEMENT DE L'EAU.\n<\/h2>\t\t\t\t<\/div>\n\t\t\t\t<\/div>\n\t\t\t\t<div class=\"elementor-element elementor-element-8172853 elementor-widget elementor-widget-text-editor\" data-id=\"8172853\" data-element_type=\"widget\" data-e-type=\"widget\" data-widget_type=\"text-editor.default\">\n\t\t\t\t<div class=\"elementor-widget-container\">\n\t\t\t\t\t\t\t\t\t<p class=\"p1\"><span class=\"s1\">D\u00e8s le jour de sa fondation, toutes les activit\u00e9s d&rsquo;ARQU\u00cdMEDES TECHNOLOGY, form\u00e9es par une \u00e9quipe de techniciens poss\u00e9dant une vaste exp\u00e9rience dans ce secteur, \u00e9taient orient\u00e9es vers la recherche de technologies \u00e9cologiques pour le traitement de l&rsquo;eau.<\/span><\/p><p class=\"p1\"><span class=\"s1\">En raison de cette pr\u00e9occupation, le besoin s&rsquo;est fait sentir de d\u00e9velopper notre propre technologie et de fabriquer nos \u00e9quipements. Ainsi est n\u00e9 le <strong>projet EUR\u00c9KAL \u00ae.<\/strong><\/span><\/p><p class=\"p1\"><span class=\"s1\">ARQU\u00cdMEDES TECHNOLOGY est pr\u00e9sent dans tous les secteurs o\u00f9 les incrustations caus\u00e9es par la chaux peuvent \u00eatre probl\u00e9matiques: navigation, agricole, industriel, travaux publics, \u00e9nergies renouvelables, municipal, urbain&#8230; ferme dans son engagement \u00e0 apporter des solutions efficaces et concr\u00e8tes en collaboration avec un service imbattable pour ses clients, et toujours respectueux de l&rsquo;environnement.<\/span><\/p>\t\t\t\t\t\t\t\t<\/div>\n\t\t\t\t<\/div>\n\t\t\t\t\t<\/div>\n\t\t<\/div>\n\t\t\t\t\t<\/div>\n\t\t<\/section>\n\t\t\t\t<section class=\"elementor-section elementor-top-section elementor-element elementor-element-a0d327b elementor-section-content-middle elementor-section-boxed elementor-section-height-default elementor-section-height-default\" data-id=\"a0d327b\" data-element_type=\"section\" data-e-type=\"section\">\n\t\t\t\t\t\t<div class=\"elementor-container elementor-column-gap-default\">\n\t\t\t\t\t<div class=\"elementor-column elementor-col-66 elementor-top-column elementor-element elementor-element-537f0d4\" data-id=\"537f0d4\" data-element_type=\"column\" data-e-type=\"column\">\n\t\t\t<div class=\"elementor-widget-wrap elementor-element-populated\">\n\t\t\t\t\t\t<div class=\"elementor-element elementor-element-9b8e11b elementor-widget-divider--view-line elementor-widget elementor-widget-divider\" data-id=\"9b8e11b\" data-element_type=\"widget\" data-e-type=\"widget\" data-widget_type=\"divider.default\">\n\t\t\t\t<div class=\"elementor-widget-container\">\n\t\t\t\t\t\t\t<div class=\"elementor-divider\">\n\t\t\t<span class=\"elementor-divider-separator\">\n\t\t\t\t\t\t<\/span>\n\t\t<\/div>\n\t\t\t\t\t\t<\/div>\n\t\t\t\t<\/div>\n\t\t\t\t<div class=\"elementor-element elementor-element-95b8ea9 elementor-widget elementor-widget-heading\" data-id=\"95b8ea9\" data-element_type=\"widget\" data-e-type=\"widget\" data-widget_type=\"heading.default\">\n\t\t\t\t<div class=\"elementor-widget-container\">\n\t\t\t\t\t<h2 class=\"elementor-heading-title elementor-size-xl\">GARANTIES ET CERTIFICATIONS\n<\/h2>\t\t\t\t<\/div>\n\t\t\t\t<\/div>\n\t\t\t\t<div class=\"elementor-element elementor-element-f2f169c elementor-widget elementor-widget-text-editor\" data-id=\"f2f169c\" data-element_type=\"widget\" data-e-type=\"widget\" data-widget_type=\"text-editor.default\">\n\t\t\t\t<div class=\"elementor-widget-container\">\n\t\t\t\t\t\t\t\t\t<p class=\"p1\"><span class=\"s1\">Les syst\u00e8mes EUR\u00c9KAL b\u00e9n\u00e9ficient d&rsquo;une garantie de 5 ans, qui inclut la Garantie de Satisfaction, pour laquelle ARQU\u00cdMEDES TECHNOLOGY s&rsquo;engage \u00e0 restituer le montant s&rsquo;ils ne remplissent pas leur fonction.<\/span><\/p><p class=\"p1\"><span class=\"s1\">Les \u00e9quipements EUR\u00c9KAL sont conformes \u00e0 la certification <strong>CE<\/strong><\/span><\/p><p class=\"p1\"><span class=\"s1\">Fabriqu\u00e9 selon la directive CEM de compatibilit\u00e9 et de s\u00e9curit\u00e9 \u00e9lectronique et \u00e9lectrique, conforme aux normes europ\u00e9ennes, sp\u00e9cifique aux applications d&rsquo;\u00e9mission d&rsquo;ondes \u00e9lectroniques <strong>EN55014, EN55022 CEI 801-2 et IEC 801\u20104<\/strong><\/span><\/p><p class=\"p1\"><span class=\"s1\"><strong>RoHS 2002\/95 \/ CE.<\/strong> Absence de substances dangereuses dans le processus de fabrication<\/span><\/p><p class=\"p1\"><span class=\"s1\"><strong>DEEE (ou DEEE) 2002\/96 \/ CE.<\/strong> Contr\u00f4le des d\u00e9chets dans le processus de fabrication<\/span><\/p><p class=\"p1\"><span class=\"s1\">L&rsquo;\u00e9quipement a \u00e9t\u00e9 con\u00e7u selon les crit\u00e8res de<strong> l&rsquo;ECODESIGN.<\/strong><\/span><\/p>\t\t\t\t\t\t\t\t<\/div>\n\t\t\t\t<\/div>\n\t\t\t\t\t<\/div>\n\t\t<\/div>\n\t\t\t\t<div class=\"elementor-column elementor-col-33 elementor-top-column elementor-element elementor-element-3a752da\" data-id=\"3a752da\" data-element_type=\"column\" data-e-type=\"column\">\n\t\t\t<div class=\"elementor-widget-wrap elementor-element-populated\">\n\t\t\t\t\t\t<div class=\"elementor-element elementor-element-7a3f389 elementor-widget-divider--view-line elementor-widget elementor-widget-divider\" data-id=\"7a3f389\" data-element_type=\"widget\" data-e-type=\"widget\" data-widget_type=\"divider.default\">\n\t\t\t\t<div class=\"elementor-widget-container\">\n\t\t\t\t\t\t\t<div class=\"elementor-divider\">\n\t\t\t<span class=\"elementor-divider-separator\">\n\t\t\t\t\t\t<\/span>\n\t\t<\/div>\n\t\t\t\t\t\t<\/div>\n\t\t\t\t<\/div>\n\t\t\t\t<div class=\"elementor-element elementor-element-752ced7 elementor-widget elementor-widget-image\" data-id=\"752ced7\" data-element_type=\"widget\" data-e-type=\"widget\" data-widget_type=\"image.default\">\n\t\t\t\t<div class=\"elementor-widget-container\">\n\t\t\t\t\t\t\t\t\t\t\t\t\t\t\t<img decoding=\"async\" width=\"170\" height=\"250\" src=\"https:\/\/arquimedestechnology.com\/wp-content\/uploads\/image002.jpg\" class=\"attachment-medium_large size-medium_large wp-image-3940\" alt=\"\" \/>\t\t\t\t\t\t\t\t\t\t\t\t\t\t\t<\/div>\n\t\t\t\t<\/div>\n\t\t\t\t<div class=\"elementor-element elementor-element-12cf67c elementor-widget elementor-widget-image\" data-id=\"12cf67c\" data-element_type=\"widget\" data-e-type=\"widget\" data-widget_type=\"image.default\">\n\t\t\t\t<div class=\"elementor-widget-container\">\n\t\t\t\t\t\t\t\t\t\t\t\t\t\t\t<img fetchpriority=\"high\" decoding=\"async\" width=\"280\" height=\"279\" src=\"https:\/\/arquimedestechnology.com\/wp-content\/uploads\/rohs-compliant-arquimedes2.png\" class=\"attachment-medium_large size-medium_large wp-image-3449\" alt=\"\" srcset=\"https:\/\/arquimedestechnology.com\/wp-content\/uploads\/rohs-compliant-arquimedes2.png 280w, https:\/\/arquimedestechnology.com\/wp-content\/uploads\/rohs-compliant-arquimedes2-150x150.png 150w\" sizes=\"(max-width: 280px) 100vw, 280px\" \/>\t\t\t\t\t\t\t\t\t\t\t\t\t\t\t<\/div>\n\t\t\t\t<\/div>\n\t\t\t\t<div class=\"elementor-element elementor-element-769197d elementor-widget-divider--view-line elementor-widget elementor-widget-divider\" data-id=\"769197d\" data-element_type=\"widget\" data-e-type=\"widget\" data-widget_type=\"divider.default\">\n\t\t\t\t<div class=\"elementor-widget-container\">\n\t\t\t\t\t\t\t<div class=\"elementor-divider\">\n\t\t\t<span class=\"elementor-divider-separator\">\n\t\t\t\t\t\t<\/span>\n\t\t<\/div>\n\t\t\t\t\t\t<\/div>\n\t\t\t\t<\/div>\n\t\t\t\t\t<\/div>\n\t\t<\/div>\n\t\t\t\t\t<\/div>\n\t\t<\/section>\n\t\t\t\t<\/div>\n\t\t","protected":false},"excerpt":{"rendered":"<p>Nous oublions que l&rsquo;eau et les cycles de vie ne font qu&rsquo;un Jacques Cousteau CONNA\u00ceTRE LA TECHNOLOGIE D&rsquo;ARQU\u00cdMEDES TECHNOLOGIES \u00c9COLOGIQUES DESTIN\u00c9ES AU TRAITEMENT DE L&rsquo;EAU. D\u00e8s le jour de sa fondation, toutes les activit\u00e9s d&rsquo;ARQU\u00cdMEDES TECHNOLOGY, form\u00e9es par une \u00e9quipe de techniciens poss\u00e9dant une vaste exp\u00e9rience dans ce secteur, \u00e9taient orient\u00e9es vers la recherche de &#8230; <a title=\"ARQU\u00cdMEDES TECHNOLOGY\" class=\"read-more\" href=\"https:\/\/arquimedestechnology.com\/fr\/arquimedes-technology\/\" aria-label=\"En savoir plus sur ARQU\u00cdMEDES TECHNOLOGY\">Lire la suite<\/a><\/p>\n","protected":false},"author":1,"featured_media":0,"parent":0,"menu_order":0,"comment_status":"closed","ping_status":"closed","template":"elementor_header_footer","meta":{"footnotes":""},"class_list":["post-4880","page","type-page","status-publish"],"yoast_head":"<!-- This site is optimized with the Yoast SEO plugin v27.4 - https:\/\/yoast.com\/product\/yoast-seo-wordpress\/ -->\n<title>ARQU\u00cdMEDES TECHNOLOGY - Arqu\u00edmedes Technology<\/title>\n<meta name=\"robots\" content=\"index, follow, max-snippet:-1, max-image-preview:large, max-video-preview:-1\" \/>\n<link rel=\"canonical\" href=\"https:\/\/arquimedestechnology.com\/fr\/arquimedes-technology\/\" \/>\n<meta property=\"og:locale\" content=\"fr_FR\" \/>\n<meta property=\"og:type\" content=\"article\" \/>\n<meta property=\"og:title\" content=\"ARQU\u00cdMEDES TECHNOLOGY - Arqu\u00edmedes Technology\" \/>\n<meta property=\"og:description\" content=\"Nous oublions que l&rsquo;eau et les cycles de vie ne font qu&rsquo;un Jacques Cousteau CONNA\u00ceTRE LA TECHNOLOGIE D&rsquo;ARQU\u00cdMEDES TECHNOLOGIES \u00c9COLOGIQUES DESTIN\u00c9ES AU TRAITEMENT DE L&rsquo;EAU. D\u00e8s le jour de sa fondation, toutes les activit\u00e9s d&rsquo;ARQU\u00cdMEDES TECHNOLOGY, form\u00e9es par une \u00e9quipe de techniciens poss\u00e9dant une vaste exp\u00e9rience dans ce secteur, \u00e9taient orient\u00e9es vers la recherche de ... Lire la suite\" \/>\n<meta property=\"og:url\" content=\"https:\/\/arquimedestechnology.com\/fr\/arquimedes-technology\/\" \/>\n<meta property=\"og:site_name\" content=\"Arqu\u00edmedes Technology\" \/>\n<meta property=\"article:modified_time\" content=\"2020-11-18T15:50:29+00:00\" \/>\n<meta property=\"og:image\" content=\"https:\/\/arquimedestechnology.com\/wp-content\/uploads\/image002.jpg\" \/>\n<meta name=\"twitter:card\" content=\"summary_large_image\" \/>\n<meta name=\"twitter:label1\" content=\"Dur\u00e9e de lecture estim\u00e9e\" \/>\n\t<meta name=\"twitter:data1\" content=\"1 minute\" \/>\n<script type=\"application\/ld+json\" class=\"yoast-schema-graph\">{\"@context\":\"https:\\\/\\\/schema.org\",\"@graph\":[{\"@type\":\"WebPage\",\"@id\":\"https:\\\/\\\/arquimedestechnology.com\\\/fr\\\/arquimedes-technology\\\/\",\"url\":\"https:\\\/\\\/arquimedestechnology.com\\\/fr\\\/arquimedes-technology\\\/\",\"name\":\"ARQU\u00cdMEDES TECHNOLOGY - Arqu\u00edmedes Technology\",\"isPartOf\":{\"@id\":\"https:\\\/\\\/arquimedestechnology.com\\\/#website\"},\"primaryImageOfPage\":{\"@id\":\"https:\\\/\\\/arquimedestechnology.com\\\/fr\\\/arquimedes-technology\\\/#primaryimage\"},\"image\":{\"@id\":\"https:\\\/\\\/arquimedestechnology.com\\\/fr\\\/arquimedes-technology\\\/#primaryimage\"},\"thumbnailUrl\":\"https:\\\/\\\/arquimedestechnology.com\\\/wp-content\\\/uploads\\\/image002.jpg\",\"datePublished\":\"2018-07-27T09:55:22+00:00\",\"dateModified\":\"2020-11-18T15:50:29+00:00\",\"breadcrumb\":{\"@id\":\"https:\\\/\\\/arquimedestechnology.com\\\/fr\\\/arquimedes-technology\\\/#breadcrumb\"},\"inLanguage\":\"fr-FR\",\"potentialAction\":[{\"@type\":\"ReadAction\",\"target\":[\"https:\\\/\\\/arquimedestechnology.com\\\/fr\\\/arquimedes-technology\\\/\"]}]},{\"@type\":\"ImageObject\",\"inLanguage\":\"fr-FR\",\"@id\":\"https:\\\/\\\/arquimedestechnology.com\\\/fr\\\/arquimedes-technology\\\/#primaryimage\",\"url\":\"https:\\\/\\\/arquimedestechnology.com\\\/wp-content\\\/uploads\\\/image002.jpg\",\"contentUrl\":\"https:\\\/\\\/arquimedestechnology.com\\\/wp-content\\\/uploads\\\/image002.jpg\"},{\"@type\":\"BreadcrumbList\",\"@id\":\"https:\\\/\\\/arquimedestechnology.com\\\/fr\\\/arquimedes-technology\\\/#breadcrumb\",\"itemListElement\":[{\"@type\":\"ListItem\",\"position\":1,\"name\":\"Portada\",\"item\":\"https:\\\/\\\/arquimedestechnology.com\\\/fr\\\/\"},{\"@type\":\"ListItem\",\"position\":2,\"name\":\"ARQU\u00cdMEDES TECHNOLOGY\"}]},{\"@type\":\"WebSite\",\"@id\":\"https:\\\/\\\/arquimedestechnology.com\\\/#website\",\"url\":\"https:\\\/\\\/arquimedestechnology.com\\\/\",\"name\":\"Arqu\u00edmedes Technology\",\"description\":\"Soluci\u00f3n ecol\u00f3gica a los problemas de la cal\",\"publisher\":{\"@id\":\"https:\\\/\\\/arquimedestechnology.com\\\/#organization\"},\"potentialAction\":[{\"@type\":\"SearchAction\",\"target\":{\"@type\":\"EntryPoint\",\"urlTemplate\":\"https:\\\/\\\/arquimedestechnology.com\\\/?s={search_term_string}\"},\"query-input\":{\"@type\":\"PropertyValueSpecification\",\"valueRequired\":true,\"valueName\":\"search_term_string\"}}],\"inLanguage\":\"fr-FR\"},{\"@type\":\"Organization\",\"@id\":\"https:\\\/\\\/arquimedestechnology.com\\\/#organization\",\"name\":\"Arqu\u00edmedes Technology\",\"url\":\"https:\\\/\\\/arquimedestechnology.com\\\/\",\"logo\":{\"@type\":\"ImageObject\",\"inLanguage\":\"fr-FR\",\"@id\":\"https:\\\/\\\/arquimedestechnology.com\\\/#\\\/schema\\\/logo\\\/image\\\/\",\"url\":\"https:\\\/\\\/arquimedestechnology.com\\\/wp-content\\\/uploads\\\/cropped-logo2x1.png\",\"contentUrl\":\"https:\\\/\\\/arquimedestechnology.com\\\/wp-content\\\/uploads\\\/cropped-logo2x1.png\",\"width\":250,\"height\":134,\"caption\":\"Arqu\u00edmedes Technology\"},\"image\":{\"@id\":\"https:\\\/\\\/arquimedestechnology.com\\\/#\\\/schema\\\/logo\\\/image\\\/\"}}]}<\/script>\n<!-- \/ Yoast SEO plugin. -->","yoast_head_json":{"title":"ARQU\u00cdMEDES TECHNOLOGY - Arqu\u00edmedes Technology","robots":{"index":"index","follow":"follow","max-snippet":"max-snippet:-1","max-image-preview":"max-image-preview:large","max-video-preview":"max-video-preview:-1"},"canonical":"https:\/\/arquimedestechnology.com\/fr\/arquimedes-technology\/","og_locale":"fr_FR","og_type":"article","og_title":"ARQU\u00cdMEDES TECHNOLOGY - Arqu\u00edmedes Technology","og_description":"Nous oublions que l&rsquo;eau et les cycles de vie ne font qu&rsquo;un Jacques Cousteau CONNA\u00ceTRE LA TECHNOLOGIE D&rsquo;ARQU\u00cdMEDES TECHNOLOGIES \u00c9COLOGIQUES DESTIN\u00c9ES AU TRAITEMENT DE L&rsquo;EAU. D\u00e8s le jour de sa fondation, toutes les activit\u00e9s d&rsquo;ARQU\u00cdMEDES TECHNOLOGY, form\u00e9es par une \u00e9quipe de techniciens poss\u00e9dant une vaste exp\u00e9rience dans ce secteur, \u00e9taient orient\u00e9es vers la recherche de ... Lire la suite","og_url":"https:\/\/arquimedestechnology.com\/fr\/arquimedes-technology\/","og_site_name":"Arqu\u00edmedes Technology","article_modified_time":"2020-11-18T15:50:29+00:00","og_image":[{"url":"https:\/\/arquimedestechnology.com\/wp-content\/uploads\/image002.jpg","type":"","width":"","height":""}],"twitter_card":"summary_large_image","twitter_misc":{"Dur\u00e9e de lecture estim\u00e9e":"1 minute"},"schema":{"@context":"https:\/\/schema.org","@graph":[{"@type":"WebPage","@id":"https:\/\/arquimedestechnology.com\/fr\/arquimedes-technology\/","url":"https:\/\/arquimedestechnology.com\/fr\/arquimedes-technology\/","name":"ARQU\u00cdMEDES TECHNOLOGY - Arqu\u00edmedes Technology","isPartOf":{"@id":"https:\/\/arquimedestechnology.com\/#website"},"primaryImageOfPage":{"@id":"https:\/\/arquimedestechnology.com\/fr\/arquimedes-technology\/#primaryimage"},"image":{"@id":"https:\/\/arquimedestechnology.com\/fr\/arquimedes-technology\/#primaryimage"},"thumbnailUrl":"https:\/\/arquimedestechnology.com\/wp-content\/uploads\/image002.jpg","datePublished":"2018-07-27T09:55:22+00:00","dateModified":"2020-11-18T15:50:29+00:00","breadcrumb":{"@id":"https:\/\/arquimedestechnology.com\/fr\/arquimedes-technology\/#breadcrumb"},"inLanguage":"fr-FR","potentialAction":[{"@type":"ReadAction","target":["https:\/\/arquimedestechnology.com\/fr\/arquimedes-technology\/"]}]},{"@type":"ImageObject","inLanguage":"fr-FR","@id":"https:\/\/arquimedestechnology.com\/fr\/arquimedes-technology\/#primaryimage","url":"https:\/\/arquimedestechnology.com\/wp-content\/uploads\/image002.jpg","contentUrl":"https:\/\/arquimedestechnology.com\/wp-content\/uploads\/image002.jpg"},{"@type":"BreadcrumbList","@id":"https:\/\/arquimedestechnology.com\/fr\/arquimedes-technology\/#breadcrumb","itemListElement":[{"@type":"ListItem","position":1,"name":"Portada","item":"https:\/\/arquimedestechnology.com\/fr\/"},{"@type":"ListItem","position":2,"name":"ARQU\u00cdMEDES TECHNOLOGY"}]},{"@type":"WebSite","@id":"https:\/\/arquimedestechnology.com\/#website","url":"https:\/\/arquimedestechnology.com\/","name":"Arqu\u00edmedes Technology","description":"Soluci\u00f3n ecol\u00f3gica a los problemas de la cal","publisher":{"@id":"https:\/\/arquimedestechnology.com\/#organization"},"potentialAction":[{"@type":"SearchAction","target":{"@type":"EntryPoint","urlTemplate":"https:\/\/arquimedestechnology.com\/?s={search_term_string}"},"query-input":{"@type":"PropertyValueSpecification","valueRequired":true,"valueName":"search_term_string"}}],"inLanguage":"fr-FR"},{"@type":"Organization","@id":"https:\/\/arquimedestechnology.com\/#organization","name":"Arqu\u00edmedes Technology","url":"https:\/\/arquimedestechnology.com\/","logo":{"@type":"ImageObject","inLanguage":"fr-FR","@id":"https:\/\/arquimedestechnology.com\/#\/schema\/logo\/image\/","url":"https:\/\/arquimedestechnology.com\/wp-content\/uploads\/cropped-logo2x1.png","contentUrl":"https:\/\/arquimedestechnology.com\/wp-content\/uploads\/cropped-logo2x1.png","width":250,"height":134,"caption":"Arqu\u00edmedes Technology"},"image":{"@id":"https:\/\/arquimedestechnology.com\/#\/schema\/logo\/image\/"}}]}},"_links":{"self":[{"href":"https:\/\/arquimedestechnology.com\/fr\/wp-json\/wp\/v2\/pages\/4880","targetHints":{"allow":["GET"]}}],"collection":[{"href":"https:\/\/arquimedestechnology.com\/fr\/wp-json\/wp\/v2\/pages"}],"about":[{"href":"https:\/\/arquimedestechnology.com\/fr\/wp-json\/wp\/v2\/types\/page"}],"author":[{"embeddable":true,"href":"https:\/\/arquimedestechnology.com\/fr\/wp-json\/wp\/v2\/users\/1"}],"replies":[{"embeddable":true,"href":"https:\/\/arquimedestechnology.com\/fr\/wp-json\/wp\/v2\/comments?post=4880"}],"version-history":[{"count":14,"href":"https:\/\/arquimedestechnology.com\/fr\/wp-json\/wp\/v2\/pages\/4880\/revisions"}],"predecessor-version":[{"id":5055,"href":"https:\/\/arquimedestechnology.com\/fr\/wp-json\/wp\/v2\/pages\/4880\/revisions\/5055"}],"wp:attachment":[{"href":"https:\/\/arquimedestechnology.com\/fr\/wp-json\/wp\/v2\/media?parent=4880"}],"curies":[{"name":"wp","href":"https:\/\/api.w.org\/{rel}","templated":true}]}}