{"id":4902,"date":"2018-09-25T14:16:32","date_gmt":"2018-09-25T12:16:32","guid":{"rendered":"https:\/\/arquimedestechnology.com\/aplicaciones\/"},"modified":"2020-11-20T11:21:08","modified_gmt":"2020-11-20T10:21:08","slug":"applications","status":"publish","type":"page","link":"https:\/\/arquimedestechnology.com\/fr\/applications\/","title":{"rendered":"APPLICATIONS"},"content":{"rendered":"\t\t<div data-elementor-type=\"wp-post\" data-elementor-id=\"4902\" class=\"elementor elementor-4902\" data-elementor-post-type=\"page\">\n\t\t\t\t\t\t<section class=\"elementor-section elementor-top-section elementor-element elementor-element-c1f9dc1 elementor-section-content-middle elementor-section-height-min-height elementor-section-full_width elementor-section-height-default elementor-section-items-middle\" data-id=\"c1f9dc1\" data-element_type=\"section\" data-e-type=\"section\" data-settings=\"{&quot;background_background&quot;:&quot;classic&quot;}\">\n\t\t\t\t\t\t\t<div class=\"elementor-background-overlay\"><\/div>\n\t\t\t\t\t\t\t<div class=\"elementor-container elementor-column-gap-no\">\n\t\t\t\t\t<div class=\"elementor-column elementor-col-50 elementor-top-column elementor-element elementor-element-cb8c471\" data-id=\"cb8c471\" data-element_type=\"column\" data-e-type=\"column\">\n\t\t\t<div class=\"elementor-widget-wrap\">\n\t\t\t\t\t\t\t<\/div>\n\t\t<\/div>\n\t\t\t\t<div class=\"elementor-column elementor-col-50 elementor-top-column elementor-element elementor-element-80abced\" data-id=\"80abced\" data-element_type=\"column\" data-e-type=\"column\" data-settings=\"{&quot;background_background&quot;:&quot;classic&quot;}\">\n\t\t\t<div class=\"elementor-widget-wrap elementor-element-populated\">\n\t\t\t\t\t<div class=\"elementor-background-overlay\"><\/div>\n\t\t\t\t\t\t<div class=\"elementor-element elementor-element-7adad46 elementor-blockquote--skin-quotation elementor-blockquote--align-right elementor-widget elementor-widget-blockquote\" data-id=\"7adad46\" data-element_type=\"widget\" data-e-type=\"widget\" data-widget_type=\"blockquote.default\">\n\t\t\t\t<div class=\"elementor-widget-container\">\n\t\t\t\t\t\t\t<blockquote class=\"elementor-blockquote\">\n\t\t\t<p class=\"elementor-blockquote__content\">\n\t\t\t\tDes milliers de gens ont v\u00e9cu sans amour, pas un n'a v\u00e9cu sans eau.\n\n\t\t\t<\/p>\n\t\t\t\t\t\t\t<div class=\"e-q-footer\">\n\t\t\t\t\t\t\t\t\t\t\t<cite class=\"elementor-blockquote__author\">W.H.Auden.<\/cite>\n\t\t\t\t\t\t\t\t\t\t\t\t\t\t<\/div>\n\t\t\t\t\t<\/blockquote>\n\t\t\t\t\t\t<\/div>\n\t\t\t\t<\/div>\n\t\t\t\t\t<\/div>\n\t\t<\/div>\n\t\t\t\t\t<\/div>\n\t\t<\/section>\n\t\t\t\t<section class=\"elementor-section elementor-top-section elementor-element elementor-element-360980a0 elementor-section-content-middle elementor-section-boxed elementor-section-height-default elementor-section-height-default\" data-id=\"360980a0\" data-element_type=\"section\" data-e-type=\"section\">\n\t\t\t\t\t\t<div class=\"elementor-container elementor-column-gap-default\">\n\t\t\t\t\t<div class=\"elementor-column elementor-col-100 elementor-top-column elementor-element elementor-element-1561fc8\" data-id=\"1561fc8\" data-element_type=\"column\" data-e-type=\"column\">\n\t\t\t<div class=\"elementor-widget-wrap elementor-element-populated\">\n\t\t\t\t\t\t<div class=\"elementor-element elementor-element-3b4fbf37 elementor-widget-divider--view-line elementor-widget elementor-widget-divider\" data-id=\"3b4fbf37\" data-element_type=\"widget\" data-e-type=\"widget\" data-widget_type=\"divider.default\">\n\t\t\t\t<div class=\"elementor-widget-container\">\n\t\t\t\t\t\t\t<div class=\"elementor-divider\">\n\t\t\t<span class=\"elementor-divider-separator\">\n\t\t\t\t\t\t<\/span>\n\t\t<\/div>\n\t\t\t\t\t\t<\/div>\n\t\t\t\t<\/div>\n\t\t\t\t<div class=\"elementor-element elementor-element-38ecddd4 elementor-widget elementor-widget-heading\" data-id=\"38ecddd4\" data-element_type=\"widget\" data-e-type=\"widget\" data-widget_type=\"heading.default\">\n\t\t\t\t<div class=\"elementor-widget-container\">\n\t\t\t\t\t<h1 class=\"elementor-heading-title elementor-size-xl\">APPLICATIONS <b>EUR\u00c9KAL\u00ae<\/b><\/h1>\t\t\t\t<\/div>\n\t\t\t\t<\/div>\n\t\t\t\t<div class=\"elementor-element elementor-element-48e989f0 elementor-widget elementor-widget-heading\" data-id=\"48e989f0\" data-element_type=\"widget\" data-e-type=\"widget\" data-widget_type=\"heading.default\">\n\t\t\t\t<div class=\"elementor-widget-container\">\n\t\t\t\t\t<h2 class=\"elementor-heading-title elementor-size-xl\">D\u00c9COUVREZ TOUS LES SECTEURS O O NOTRE TECHNOLOGIE EST D\u00c9J\u00c0 IMPLANT\u00c9E\n<\/h2>\t\t\t\t<\/div>\n\t\t\t\t<\/div>\n\t\t\t\t<div class=\"elementor-element elementor-element-7e5d22d0 elementor-widget elementor-widget-text-editor\" data-id=\"7e5d22d0\" data-element_type=\"widget\" data-e-type=\"widget\" data-widget_type=\"text-editor.default\">\n\t\t\t\t<div class=\"elementor-widget-container\">\n\t\t\t\t\t\t\t\t\t<p class=\"p1\"><span class=\"s1\">Quel que soit votre secteur, nous avons une solution efficace contre les effets n\u00e9gatifs de la chaux.<\/span><\/p>\t\t\t\t\t\t\t\t<\/div>\n\t\t\t\t<\/div>\n\t\t\t\t\t<\/div>\n\t\t<\/div>\n\t\t\t\t\t<\/div>\n\t\t<\/section>\n\t\t\t\t<section class=\"elementor-section elementor-top-section elementor-element elementor-element-22a9e19b elementor-section-full_width elementor-section-height-default elementor-section-height-default\" data-id=\"22a9e19b\" data-element_type=\"section\" data-e-type=\"section\">\n\t\t\t\t\t\t<div class=\"elementor-container elementor-column-gap-default\">\n\t\t\t\t\t<div class=\"elementor-column elementor-col-25 elementor-top-column elementor-element elementor-element-156c61b\" data-id=\"156c61b\" data-element_type=\"column\" data-e-type=\"column\">\n\t\t\t<div class=\"elementor-widget-wrap elementor-element-populated\">\n\t\t\t\t\t\t<div class=\"elementor-element elementor-element-45207bb elementor-flip-box--effect-fade elementor-widget elementor-widget-flip-box\" data-id=\"45207bb\" data-element_type=\"widget\" data-e-type=\"widget\" data-widget_type=\"flip-box.default\">\n\t\t\t\t<div class=\"elementor-widget-container\">\n\t\t\t\t\t\t\t<div class=\"elementor-flip-box\" tabindex=\"0\">\n\t\t\t<div class=\"elementor-flip-box__layer elementor-flip-box__front\">\n\t\t\t\t<div class=\"elementor-flip-box__layer__overlay\">\n\t\t\t\t\t<div class=\"elementor-flip-box__layer__inner\">\n\t\t\t\t\t\t\t\t\t\t\t\t\t<div class=\"elementor-icon-wrapper elementor-view-default\">\n\t\t\t\t\t\t\t\t<div class=\"elementor-icon\">\n\t\t\t\t\t\t\t\t\t<i aria-hidden=\"true\" class=\"fas fa-star\"><\/i>\t\t\t\t\t\t\t\t<\/div>\n\t\t\t\t\t\t\t<\/div>\n\t\t\t\t\t\t\n\t\t\t\t\t\t\t\t\t\t\t\t\t<h3 class=\"elementor-flip-box__layer__title\">\n\t\t\t\t\t\t\t\tSECTEUR INDUSTRIEL\t\t\t\t\t\t\t<\/h3>\n\t\t\t\t\t\t\n\t\t\t\t\t\t\t\t\t\t\t<\/div>\n\t\t\t\t<\/div>\n\t\t\t<\/div>\n\t\t\t<a class=\"elementor-flip-box__layer elementor-flip-box__back\" href=\"https:\/\/arquimedestechnology.com\/fr\/applications\/secteur-industriel\/\">\n\t\t\t<div class=\"elementor-flip-box__layer__overlay\">\n\t\t\t\t<div class=\"elementor-flip-box__layer__inner\">\n\t\t\t\t\t\n\t\t\t\t\t\n\t\t\t\t\t\t\t\t\t\t\t<span class=\"elementor-flip-box__button elementor-button elementor-size-sm\">\n\t\t\t\t\t\t\t Voir les applications\t\t\t\t\t\t<\/span>\n\t\t\t\t\t\t\t\t<\/div>\n\t\t<\/div>\n\t\t<\/a>\n\t\t<\/div>\n\t\t\t\t\t\t<\/div>\n\t\t\t\t<\/div>\n\t\t\t\t\t<\/div>\n\t\t<\/div>\n\t\t\t\t<div class=\"elementor-column elementor-col-25 elementor-top-column elementor-element elementor-element-c7b4dab\" data-id=\"c7b4dab\" data-element_type=\"column\" data-e-type=\"column\">\n\t\t\t<div class=\"elementor-widget-wrap elementor-element-populated\">\n\t\t\t\t\t\t<div class=\"elementor-element elementor-element-8271793 elementor-flip-box--effect-fade elementor-widget elementor-widget-flip-box\" data-id=\"8271793\" data-element_type=\"widget\" data-e-type=\"widget\" data-widget_type=\"flip-box.default\">\n\t\t\t\t<div class=\"elementor-widget-container\">\n\t\t\t\t\t\t\t<div class=\"elementor-flip-box\" tabindex=\"0\">\n\t\t\t<div class=\"elementor-flip-box__layer elementor-flip-box__front\">\n\t\t\t\t<div class=\"elementor-flip-box__layer__overlay\">\n\t\t\t\t\t<div class=\"elementor-flip-box__layer__inner\">\n\t\t\t\t\t\t\t\t\t\t\t\t\t<div class=\"elementor-icon-wrapper elementor-view-default\">\n\t\t\t\t\t\t\t\t<div class=\"elementor-icon\">\n\t\t\t\t\t\t\t\t\t<i aria-hidden=\"true\" class=\"fas fa-star\"><\/i>\t\t\t\t\t\t\t\t<\/div>\n\t\t\t\t\t\t\t<\/div>\n\t\t\t\t\t\t\n\t\t\t\t\t\t\t\t\t\t\t\t\t<h3 class=\"elementor-flip-box__layer__title\">\n\t\t\t\t\t\t\t\tSECTEUR R\u00c9SIDENTIEL\t\t\t\t\t\t\t<\/h3>\n\t\t\t\t\t\t\n\t\t\t\t\t\t\t\t\t\t\t<\/div>\n\t\t\t\t<\/div>\n\t\t\t<\/div>\n\t\t\t<a class=\"elementor-flip-box__layer elementor-flip-box__back\" href=\"https:\/\/arquimedestechnology.com\/fr\/applications\/secteur-residentiel\/\">\n\t\t\t<div class=\"elementor-flip-box__layer__overlay\">\n\t\t\t\t<div class=\"elementor-flip-box__layer__inner\">\n\t\t\t\t\t\n\t\t\t\t\t\n\t\t\t\t\t\t\t\t\t\t\t<span class=\"elementor-flip-box__button elementor-button elementor-size-sm\">\n\t\t\t\t\t\t\t Voir les applications\t\t\t\t\t\t<\/span>\n\t\t\t\t\t\t\t\t<\/div>\n\t\t<\/div>\n\t\t<\/a>\n\t\t<\/div>\n\t\t\t\t\t\t<\/div>\n\t\t\t\t<\/div>\n\t\t\t\t\t<\/div>\n\t\t<\/div>\n\t\t\t\t<div class=\"elementor-column elementor-col-25 elementor-top-column elementor-element elementor-element-31aa452d\" data-id=\"31aa452d\" data-element_type=\"column\" data-e-type=\"column\">\n\t\t\t<div class=\"elementor-widget-wrap elementor-element-populated\">\n\t\t\t\t\t\t<div class=\"elementor-element elementor-element-79165d92 elementor-flip-box--effect-fade elementor-widget elementor-widget-flip-box\" data-id=\"79165d92\" data-element_type=\"widget\" data-e-type=\"widget\" data-widget_type=\"flip-box.default\">\n\t\t\t\t<div class=\"elementor-widget-container\">\n\t\t\t\t\t\t\t<div class=\"elementor-flip-box\" tabindex=\"0\">\n\t\t\t<div class=\"elementor-flip-box__layer elementor-flip-box__front\">\n\t\t\t\t<div class=\"elementor-flip-box__layer__overlay\">\n\t\t\t\t\t<div class=\"elementor-flip-box__layer__inner\">\n\t\t\t\t\t\t\t\t\t\t\t\t\t<div class=\"elementor-icon-wrapper elementor-view-default\">\n\t\t\t\t\t\t\t\t<div class=\"elementor-icon\">\n\t\t\t\t\t\t\t\t\t<i aria-hidden=\"true\" class=\"fas fa-star\"><\/i>\t\t\t\t\t\t\t\t<\/div>\n\t\t\t\t\t\t\t<\/div>\n\t\t\t\t\t\t\n\t\t\t\t\t\t\t\t\t\t\t\t\t<h3 class=\"elementor-flip-box__layer__title\">\n\t\t\t\t\t\t\t\tSECTEUR URBAIN\t\t\t\t\t\t\t<\/h3>\n\t\t\t\t\t\t\n\t\t\t\t\t\t\t\t\t\t\t<\/div>\n\t\t\t\t<\/div>\n\t\t\t<\/div>\n\t\t\t<a class=\"elementor-flip-box__layer elementor-flip-box__back\" href=\"https:\/\/arquimedestechnology.com\/fr\/applications\/secteur-urbain\/\">\n\t\t\t<div class=\"elementor-flip-box__layer__overlay\">\n\t\t\t\t<div class=\"elementor-flip-box__layer__inner\">\n\t\t\t\t\t\n\t\t\t\t\t\n\t\t\t\t\t\t\t\t\t\t\t<span class=\"elementor-flip-box__button elementor-button elementor-size-sm\">\n\t\t\t\t\t\t\t Voir les applications\t\t\t\t\t\t<\/span>\n\t\t\t\t\t\t\t\t<\/div>\n\t\t<\/div>\n\t\t<\/a>\n\t\t<\/div>\n\t\t\t\t\t\t<\/div>\n\t\t\t\t<\/div>\n\t\t\t\t\t<\/div>\n\t\t<\/div>\n\t\t\t\t<div class=\"elementor-column elementor-col-25 elementor-top-column elementor-element elementor-element-aee656a\" data-id=\"aee656a\" data-element_type=\"column\" data-e-type=\"column\">\n\t\t\t<div class=\"elementor-widget-wrap elementor-element-populated\">\n\t\t\t\t\t\t<div class=\"elementor-element elementor-element-c8f6dd0 elementor-flip-box--effect-fade elementor-widget elementor-widget-flip-box\" data-id=\"c8f6dd0\" data-element_type=\"widget\" data-e-type=\"widget\" data-widget_type=\"flip-box.default\">\n\t\t\t\t<div class=\"elementor-widget-container\">\n\t\t\t\t\t\t\t<div class=\"elementor-flip-box\" tabindex=\"0\">\n\t\t\t<div class=\"elementor-flip-box__layer elementor-flip-box__front\">\n\t\t\t\t<div class=\"elementor-flip-box__layer__overlay\">\n\t\t\t\t\t<div class=\"elementor-flip-box__layer__inner\">\n\t\t\t\t\t\t\t\t\t\t\t\t\t<div class=\"elementor-icon-wrapper elementor-view-default\">\n\t\t\t\t\t\t\t\t<div class=\"elementor-icon\">\n\t\t\t\t\t\t\t\t\t<i aria-hidden=\"true\" class=\"fas fa-star\"><\/i>\t\t\t\t\t\t\t\t<\/div>\n\t\t\t\t\t\t\t<\/div>\n\t\t\t\t\t\t\n\t\t\t\t\t\t\t\t\t\t\t\t\t<h3 class=\"elementor-flip-box__layer__title\">\n\t\t\t\t\t\t\t\tSECTEUR AGRICOLE\t\t\t\t\t\t\t<\/h3>\n\t\t\t\t\t\t\n\t\t\t\t\t\t\t\t\t\t\t<\/div>\n\t\t\t\t<\/div>\n\t\t\t<\/div>\n\t\t\t<a class=\"elementor-flip-box__layer elementor-flip-box__back\" href=\"https:\/\/arquimedestechnology.com\/fr\/applications\/secteur-agricole\/\">\n\t\t\t<div class=\"elementor-flip-box__layer__overlay\">\n\t\t\t\t<div class=\"elementor-flip-box__layer__inner\">\n\t\t\t\t\t\n\t\t\t\t\t\n\t\t\t\t\t\t\t\t\t\t\t<span class=\"elementor-flip-box__button elementor-button elementor-size-sm\">\n\t\t\t\t\t\t\t Voir les applications\t\t\t\t\t\t<\/span>\n\t\t\t\t\t\t\t\t<\/div>\n\t\t<\/div>\n\t\t<\/a>\n\t\t<\/div>\n\t\t\t\t\t\t<\/div>\n\t\t\t\t<\/div>\n\t\t\t\t\t<\/div>\n\t\t<\/div>\n\t\t\t\t\t<\/div>\n\t\t<\/section>\n\t\t\t\t<section class=\"elementor-section elementor-top-section elementor-element elementor-element-1534650 elementor-section-boxed elementor-section-height-default elementor-section-height-default\" data-id=\"1534650\" data-element_type=\"section\" data-e-type=\"section\">\n\t\t\t\t\t\t<div class=\"elementor-container elementor-column-gap-default\">\n\t\t\t\t\t<div class=\"elementor-column elementor-col-100 elementor-top-column elementor-element elementor-element-49e5572\" data-id=\"49e5572\" data-element_type=\"column\" data-e-type=\"column\">\n\t\t\t<div class=\"elementor-widget-wrap elementor-element-populated\">\n\t\t\t\t\t\t<div class=\"elementor-element elementor-element-bd1aefe elementor-widget elementor-widget-text-editor\" data-id=\"bd1aefe\" data-element_type=\"widget\" data-e-type=\"widget\" data-widget_type=\"text-editor.default\">\n\t\t\t\t<div class=\"elementor-widget-container\">\n\t\t\t\t\t\t\t\t\t<p><span lang=\"fr\">Nous avons \u00e9galement une exp\u00e9rience dans la mise en \u0153uvre de notre technologie dans le <a href=\"https:\/\/arquimedestechnology.com\/fr\/applications\/secteur-naval\/\">secteur naval<\/a>.<\/span><\/p>\t\t\t\t\t\t\t\t<\/div>\n\t\t\t\t<\/div>\n\t\t\t\t\t<\/div>\n\t\t<\/div>\n\t\t\t\t\t<\/div>\n\t\t<\/section>\n\t\t\t\t<\/div>\n\t\t","protected":false},"excerpt":{"rendered":"<p>Des milliers de gens ont v\u00e9cu sans amour, pas un n&rsquo;a v\u00e9cu sans eau. W.H.Auden. APPLICATIONS EUR\u00c9KAL\u00ae D\u00c9COUVREZ TOUS LES SECTEURS O O NOTRE TECHNOLOGIE EST D\u00c9J\u00c0 IMPLANT\u00c9E Quel que soit votre secteur, nous avons une solution efficace contre les effets n\u00e9gatifs de la chaux. SECTEUR INDUSTRIEL Voir les applications SECTEUR R\u00c9SIDENTIEL Voir les applications &#8230; <a title=\"APPLICATIONS\" class=\"read-more\" href=\"https:\/\/arquimedestechnology.com\/fr\/applications\/\" aria-label=\"En savoir plus sur APPLICATIONS\">Lire la suite<\/a><\/p>\n","protected":false},"author":1,"featured_media":0,"parent":0,"menu_order":0,"comment_status":"closed","ping_status":"closed","template":"elementor_header_footer","meta":{"footnotes":""},"class_list":["post-4902","page","type-page","status-publish"],"yoast_head":"<!-- This site is optimized with the Yoast SEO plugin v27.3 - https:\/\/yoast.com\/product\/yoast-seo-wordpress\/ -->\n<title>APPLICATIONS - Arqu\u00edmedes Technology<\/title>\n<meta name=\"robots\" content=\"index, follow, max-snippet:-1, max-image-preview:large, max-video-preview:-1\" \/>\n<link rel=\"canonical\" href=\"https:\/\/arquimedestechnology.com\/fr\/applications\/\" \/>\n<meta property=\"og:locale\" content=\"fr_FR\" \/>\n<meta property=\"og:type\" content=\"article\" \/>\n<meta property=\"og:title\" content=\"APPLICATIONS - Arqu\u00edmedes Technology\" \/>\n<meta property=\"og:description\" content=\"Des milliers de gens ont v\u00e9cu sans amour, pas un n&rsquo;a v\u00e9cu sans eau. W.H.Auden. APPLICATIONS EUR\u00c9KAL\u00ae D\u00c9COUVREZ TOUS LES SECTEURS O O NOTRE TECHNOLOGIE EST D\u00c9J\u00c0 IMPLANT\u00c9E Quel que soit votre secteur, nous avons une solution efficace contre les effets n\u00e9gatifs de la chaux. SECTEUR INDUSTRIEL Voir les applications SECTEUR R\u00c9SIDENTIEL Voir les applications ... Lire la suite\" \/>\n<meta property=\"og:url\" content=\"https:\/\/arquimedestechnology.com\/fr\/applications\/\" \/>\n<meta property=\"og:site_name\" content=\"Arqu\u00edmedes Technology\" \/>\n<meta property=\"article:modified_time\" content=\"2020-11-20T10:21:08+00:00\" \/>\n<meta name=\"twitter:card\" content=\"summary_large_image\" \/>\n<script type=\"application\/ld+json\" class=\"yoast-schema-graph\">{\"@context\":\"https:\\\/\\\/schema.org\",\"@graph\":[{\"@type\":\"WebPage\",\"@id\":\"https:\\\/\\\/arquimedestechnology.com\\\/fr\\\/applications\\\/\",\"url\":\"https:\\\/\\\/arquimedestechnology.com\\\/fr\\\/applications\\\/\",\"name\":\"APPLICATIONS - Arqu\u00edmedes Technology\",\"isPartOf\":{\"@id\":\"https:\\\/\\\/arquimedestechnology.com\\\/#website\"},\"datePublished\":\"2018-09-25T12:16:32+00:00\",\"dateModified\":\"2020-11-20T10:21:08+00:00\",\"breadcrumb\":{\"@id\":\"https:\\\/\\\/arquimedestechnology.com\\\/fr\\\/applications\\\/#breadcrumb\"},\"inLanguage\":\"fr-FR\",\"potentialAction\":[{\"@type\":\"ReadAction\",\"target\":[\"https:\\\/\\\/arquimedestechnology.com\\\/fr\\\/applications\\\/\"]}]},{\"@type\":\"BreadcrumbList\",\"@id\":\"https:\\\/\\\/arquimedestechnology.com\\\/fr\\\/applications\\\/#breadcrumb\",\"itemListElement\":[{\"@type\":\"ListItem\",\"position\":1,\"name\":\"Portada\",\"item\":\"https:\\\/\\\/arquimedestechnology.com\\\/fr\\\/\"},{\"@type\":\"ListItem\",\"position\":2,\"name\":\"APPLICATIONS\"}]},{\"@type\":\"WebSite\",\"@id\":\"https:\\\/\\\/arquimedestechnology.com\\\/#website\",\"url\":\"https:\\\/\\\/arquimedestechnology.com\\\/\",\"name\":\"Arqu\u00edmedes Technology\",\"description\":\"Soluci\u00f3n ecol\u00f3gica a los problemas de la cal\",\"publisher\":{\"@id\":\"https:\\\/\\\/arquimedestechnology.com\\\/#organization\"},\"potentialAction\":[{\"@type\":\"SearchAction\",\"target\":{\"@type\":\"EntryPoint\",\"urlTemplate\":\"https:\\\/\\\/arquimedestechnology.com\\\/?s={search_term_string}\"},\"query-input\":{\"@type\":\"PropertyValueSpecification\",\"valueRequired\":true,\"valueName\":\"search_term_string\"}}],\"inLanguage\":\"fr-FR\"},{\"@type\":\"Organization\",\"@id\":\"https:\\\/\\\/arquimedestechnology.com\\\/#organization\",\"name\":\"Arqu\u00edmedes Technology\",\"url\":\"https:\\\/\\\/arquimedestechnology.com\\\/\",\"logo\":{\"@type\":\"ImageObject\",\"inLanguage\":\"fr-FR\",\"@id\":\"https:\\\/\\\/arquimedestechnology.com\\\/#\\\/schema\\\/logo\\\/image\\\/\",\"url\":\"https:\\\/\\\/arquimedestechnology.com\\\/wp-content\\\/uploads\\\/cropped-logo2x1.png\",\"contentUrl\":\"https:\\\/\\\/arquimedestechnology.com\\\/wp-content\\\/uploads\\\/cropped-logo2x1.png\",\"width\":250,\"height\":134,\"caption\":\"Arqu\u00edmedes Technology\"},\"image\":{\"@id\":\"https:\\\/\\\/arquimedestechnology.com\\\/#\\\/schema\\\/logo\\\/image\\\/\"}}]}<\/script>\n<!-- \/ Yoast SEO plugin. -->","yoast_head_json":{"title":"APPLICATIONS - Arqu\u00edmedes Technology","robots":{"index":"index","follow":"follow","max-snippet":"max-snippet:-1","max-image-preview":"max-image-preview:large","max-video-preview":"max-video-preview:-1"},"canonical":"https:\/\/arquimedestechnology.com\/fr\/applications\/","og_locale":"fr_FR","og_type":"article","og_title":"APPLICATIONS - Arqu\u00edmedes Technology","og_description":"Des milliers de gens ont v\u00e9cu sans amour, pas un n&rsquo;a v\u00e9cu sans eau. W.H.Auden. APPLICATIONS EUR\u00c9KAL\u00ae D\u00c9COUVREZ TOUS LES SECTEURS O O NOTRE TECHNOLOGIE EST D\u00c9J\u00c0 IMPLANT\u00c9E Quel que soit votre secteur, nous avons une solution efficace contre les effets n\u00e9gatifs de la chaux. SECTEUR INDUSTRIEL Voir les applications SECTEUR R\u00c9SIDENTIEL Voir les applications ... Lire la suite","og_url":"https:\/\/arquimedestechnology.com\/fr\/applications\/","og_site_name":"Arqu\u00edmedes Technology","article_modified_time":"2020-11-20T10:21:08+00:00","twitter_card":"summary_large_image","schema":{"@context":"https:\/\/schema.org","@graph":[{"@type":"WebPage","@id":"https:\/\/arquimedestechnology.com\/fr\/applications\/","url":"https:\/\/arquimedestechnology.com\/fr\/applications\/","name":"APPLICATIONS - Arqu\u00edmedes Technology","isPartOf":{"@id":"https:\/\/arquimedestechnology.com\/#website"},"datePublished":"2018-09-25T12:16:32+00:00","dateModified":"2020-11-20T10:21:08+00:00","breadcrumb":{"@id":"https:\/\/arquimedestechnology.com\/fr\/applications\/#breadcrumb"},"inLanguage":"fr-FR","potentialAction":[{"@type":"ReadAction","target":["https:\/\/arquimedestechnology.com\/fr\/applications\/"]}]},{"@type":"BreadcrumbList","@id":"https:\/\/arquimedestechnology.com\/fr\/applications\/#breadcrumb","itemListElement":[{"@type":"ListItem","position":1,"name":"Portada","item":"https:\/\/arquimedestechnology.com\/fr\/"},{"@type":"ListItem","position":2,"name":"APPLICATIONS"}]},{"@type":"WebSite","@id":"https:\/\/arquimedestechnology.com\/#website","url":"https:\/\/arquimedestechnology.com\/","name":"Arqu\u00edmedes Technology","description":"Soluci\u00f3n ecol\u00f3gica a los problemas de la cal","publisher":{"@id":"https:\/\/arquimedestechnology.com\/#organization"},"potentialAction":[{"@type":"SearchAction","target":{"@type":"EntryPoint","urlTemplate":"https:\/\/arquimedestechnology.com\/?s={search_term_string}"},"query-input":{"@type":"PropertyValueSpecification","valueRequired":true,"valueName":"search_term_string"}}],"inLanguage":"fr-FR"},{"@type":"Organization","@id":"https:\/\/arquimedestechnology.com\/#organization","name":"Arqu\u00edmedes Technology","url":"https:\/\/arquimedestechnology.com\/","logo":{"@type":"ImageObject","inLanguage":"fr-FR","@id":"https:\/\/arquimedestechnology.com\/#\/schema\/logo\/image\/","url":"https:\/\/arquimedestechnology.com\/wp-content\/uploads\/cropped-logo2x1.png","contentUrl":"https:\/\/arquimedestechnology.com\/wp-content\/uploads\/cropped-logo2x1.png","width":250,"height":134,"caption":"Arqu\u00edmedes Technology"},"image":{"@id":"https:\/\/arquimedestechnology.com\/#\/schema\/logo\/image\/"}}]}},"_links":{"self":[{"href":"https:\/\/arquimedestechnology.com\/fr\/wp-json\/wp\/v2\/pages\/4902","targetHints":{"allow":["GET"]}}],"collection":[{"href":"https:\/\/arquimedestechnology.com\/fr\/wp-json\/wp\/v2\/pages"}],"about":[{"href":"https:\/\/arquimedestechnology.com\/fr\/wp-json\/wp\/v2\/types\/page"}],"author":[{"embeddable":true,"href":"https:\/\/arquimedestechnology.com\/fr\/wp-json\/wp\/v2\/users\/1"}],"replies":[{"embeddable":true,"href":"https:\/\/arquimedestechnology.com\/fr\/wp-json\/wp\/v2\/comments?post=4902"}],"version-history":[{"count":24,"href":"https:\/\/arquimedestechnology.com\/fr\/wp-json\/wp\/v2\/pages\/4902\/revisions"}],"predecessor-version":[{"id":5411,"href":"https:\/\/arquimedestechnology.com\/fr\/wp-json\/wp\/v2\/pages\/4902\/revisions\/5411"}],"wp:attachment":[{"href":"https:\/\/arquimedestechnology.com\/fr\/wp-json\/wp\/v2\/media?parent=4902"}],"curies":[{"name":"wp","href":"https:\/\/api.w.org\/{rel}","templated":true}]}}