{"id":5081,"date":"2018-07-27T12:01:23","date_gmt":"2018-07-27T10:01:23","guid":{"rendered":"https:\/\/arquimedestechnology.com\/aviso-legal\/"},"modified":"2020-11-18T17:41:01","modified_gmt":"2020-11-18T16:41:01","slug":"avis-juridique","status":"publish","type":"page","link":"https:\/\/arquimedestechnology.com\/fr\/avis-juridique\/","title":{"rendered":"AVIS JURIDIQUE"},"content":{"rendered":"\t\t<div data-elementor-type=\"wp-post\" data-elementor-id=\"5081\" class=\"elementor elementor-5081 elementor-bc-flex-widget\" data-elementor-post-type=\"page\">\n\t\t\t\t\t\t<section class=\"elementor-section elementor-top-section elementor-element elementor-element-2bad4ff elementor-section-content-middle elementor-section-boxed elementor-section-height-default elementor-section-height-default\" data-id=\"2bad4ff\" data-element_type=\"section\" data-e-type=\"section\">\n\t\t\t\t\t\t<div class=\"elementor-container elementor-column-gap-default\">\n\t\t\t\t\t<div class=\"elementor-column elementor-col-100 elementor-top-column elementor-element elementor-element-5c01baa\" data-id=\"5c01baa\" data-element_type=\"column\" data-e-type=\"column\">\n\t\t\t<div class=\"elementor-widget-wrap elementor-element-populated\">\n\t\t\t\t\t\t<div class=\"elementor-element elementor-element-8c230da elementor-widget-divider--view-line elementor-widget elementor-widget-divider\" data-id=\"8c230da\" data-element_type=\"widget\" data-e-type=\"widget\" data-widget_type=\"divider.default\">\n\t\t\t\t<div class=\"elementor-widget-container\">\n\t\t\t\t\t\t\t<div class=\"elementor-divider\">\n\t\t\t<span class=\"elementor-divider-separator\">\n\t\t\t\t\t\t<\/span>\n\t\t<\/div>\n\t\t\t\t\t\t<\/div>\n\t\t\t\t<\/div>\n\t\t\t\t<div class=\"elementor-element elementor-element-c50a82d elementor-widget elementor-widget-heading\" data-id=\"c50a82d\" data-element_type=\"widget\" data-e-type=\"widget\" data-widget_type=\"heading.default\">\n\t\t\t\t<div class=\"elementor-widget-container\">\n\t\t\t\t\t<h1 class=\"elementor-heading-title elementor-size-xl\">AVIS JURIDIQUE<\/h1>\t\t\t\t<\/div>\n\t\t\t\t<\/div>\n\t\t\t\t<div class=\"elementor-element elementor-element-204fda9 elementor-widget elementor-widget-text-editor\" data-id=\"204fda9\" data-element_type=\"widget\" data-e-type=\"widget\" data-widget_type=\"text-editor.default\">\n\t\t\t\t<div class=\"elementor-widget-container\">\n\t\t\t\t\t\t\t\t\t<p class=\"p1\"><span class=\"s1\">Les pr\u00e9sentes mentions l\u00e9gales r\u00e9gissent les conditions g\u00e9n\u00e9rales d&rsquo;acc\u00e8s et d&rsquo;utilisation du site Internet accessible \u00e0 l&rsquo;adresse wwwarquimedestechnology.es, que 2M OCIO SL met \u00e0 la disposition des internautes.<\/span><\/p><p class=\"p1\"><span class=\"s1\">L&rsquo;utilisation du site Web implique l&rsquo;acceptation pleine et enti\u00e8re de chacune des dispositions incluses dans les pr\u00e9sentes mentions l\u00e9gales. Par cons\u00e9quent, l&rsquo;utilisateur du site Web doit lire attentivement les pr\u00e9sentes mentions l\u00e9gales \u00e0 chacune des occasions dans lesquelles il a l&rsquo;intention d&rsquo;utiliser le site Web, car le texte pourrait \u00eatre modifi\u00e9 \u00e0 la discr\u00e9tion du propri\u00e9taire du site Web ou en raison d&rsquo;une modification l\u00e9gislative. , jurisprudentiel ou en pratique commerciale.<\/span><\/p><p class=\"p1\"><span class=\"s1\"><strong>1.- PROPRI\u00c9TAIRE DU SITE WEB<\/strong> <\/span><\/p><p class=\"p1\"><span class=\"s1\">Nom du propri\u00e9taire: 2M OCIO S.L.<\/span><\/p><p class=\"p1\"><span class=\"s1\"> Si\u00e8ge social: C \/ Ferm\u00edn Caballero, 12 28034 Madrid <\/span><\/p><p class=\"p1\"><span class=\"s1\">C.I.F .: B85124360<\/span><\/p><p class=\"p2\"><span class=\"s2\"> Email: <a href=\"mailto:info@eurekal.es\"><span class=\"s3\">info@eurekal.es<\/span><\/a><\/span><\/p><p class=\"p1\"><span class=\"s1\"> T\u00e9l\u00e9phone de contact: +34609098903<\/span><\/p><p class=\"p1\"><strong><span class=\"s1\">2.- OBJET<\/span><\/strong><\/p><p class=\"p1\"><span class=\"s1\">Le site Web permet \u00e0 ses utilisateurs d&rsquo;acc\u00e9der aux informations et services fournis par 2M OCIO SL aux personnes ou organisations int\u00e9ress\u00e9es.<\/span><\/p><p class=\"p1\"><span class=\"s1\">3.<strong>&#8211; ACC\u00c8S ET UTILISATION DU WEB<\/strong> <\/span><\/p><p class=\"p1\"><span class=\"s1\">3.1.- Acc\u00e8s et utilisation gratuits du site Internet. L&rsquo;acc\u00e8s au site est gratuit pour ses utilisateurs.<\/span><\/p><p class=\"p1\"><span class=\"s1\">3.2.- Enregistrement de l&rsquo;utilisateur. En g\u00e9n\u00e9ral, l&rsquo;acc\u00e8s et l&rsquo;utilisation du site Web ne n\u00e9cessitent pas d&rsquo;abonnement ou d&rsquo;enregistrement pr\u00e9alable de ses utilisateurs.<\/span><\/p><p class=\"p1\"><strong><span class=\"s1\">4.- CONTENU DU WEB<\/span><\/strong><\/p><p class=\"p1\"><span class=\"s1\"> La langue utilis\u00e9e par le propri\u00e9taire sur le site sera l&rsquo;espagnol. 2M OCIO SL n&rsquo;est pas responsable du manque de compr\u00e9hension ou de compr\u00e9hension de la langue du site par l&rsquo;utilisateur, ni de ses cons\u00e9quences. 2M OCIO SL peut modifier les contenus sans pr\u00e9avis, ainsi que les supprimer et les changer sur le Web, tels que la mani\u00e8re dont ils sont acc\u00e9d\u00e9s, sans aucune justification et librement, sans \u00eatre responsable des cons\u00e9quences qu&rsquo;ils pourraient causer \u00e0 utilisateurs<b>.<\/b><\/span><\/p><p class=\"p1\"><span class=\"s1\">L&rsquo;utilisation du contenu du site Web pour promouvoir, contracter ou diffuser de la publicit\u00e9 ou des informations propres ou de tiers sans l&rsquo;autorisation de 2M OCIO SL, ou envoyer de la publicit\u00e9 ou des informations en utilisant les services ou informations mis \u00e0 disposition est interdite. d&rsquo;utilisateurs, que l&rsquo;utilisation soit gratuite ou non. Les liens ou hyperliens qui int\u00e8grent des tiers dans leurs pages Web, dirig\u00e9s vers ce site Web, seront destin\u00e9s \u00e0 l&rsquo;ouverture de la page Web compl\u00e8te, ne pouvant pas exprimer, directement ou indirectement, des indications fausses, inexactes ou d\u00e9routantes, ni encourir des actions d\u00e9loyales ou ill\u00e9gales dans contre 2M OCIO SL.<\/span><\/p><p class=\"p1\"><span class=\"s1\">4.1 &#8211; CLAUSE DES FORMULAIRES WEB<\/span><\/p><p class=\"p1\"><span class=\"s1\">Conform\u00e9ment aux dispositions du R\u00e8glement G\u00e9n\u00e9ral de Protection des Donn\u00e9es Personnelles, le client dont les donn\u00e9es sont contenues dans ce Formulaire, consent express\u00e9ment \u00e0 2M OCIO SL le traitement de ses donn\u00e9es personnelles afin d&rsquo;effectuer la facturation et la promotion des les services commercialis\u00e9s avec eux, ainsi que l&rsquo;autorisation de communiquer avec les entit\u00e9s pour lesquelles le contrat 2M OCIO SL et la prestation de services ont \u00e9t\u00e9 sign\u00e9s.<\/span><\/p><p class=\"p1\"><span class=\"s1\">Les donn\u00e9es seront incluses dans un fichier automatis\u00e9 de 2M OCIO SL qui dispose des mesures de s\u00e9curit\u00e9 n\u00e9cessaires \u00e0 votre confidentialit\u00e9 et vous pouvez exercer vos droits d&rsquo;acc\u00e8s, de rectification, annulation \/ suppression, opposition, limitation ou portabilit\u00e9, en dirigeant un \u00e9crit \u00e0 2M OCIO SL, Calle Ferm\u00edn Caballero, 12 28034 Madrid.<\/span><\/p><p class=\"p1\"><strong><span class=\"s1\">5.- LIMITATION DE RESPONSABILIT\u00c9<\/span><\/strong><\/p><p class=\"p1\"><span class=\"s1\">L&rsquo;acc\u00e8s au site Web et l&rsquo;utilisation non consensuelle qui peut \u00eatre faite des informations qu&rsquo;il contient rel\u00e8vent de la seule responsabilit\u00e9 de l&rsquo;utilisateur. 2M OCIO SL ne sera pas responsable des cons\u00e9quences, dommages ou pertes qui pourraient d\u00e9couler d&rsquo;un tel acc\u00e8s ou utilisation.<\/span><\/p><p class=\"p1\"><span class=\"s1\">2M OCIO SL n&rsquo;est pas responsable des erreurs de s\u00e9curit\u00e9 qui pourraient survenir ou de tout dommage qui pourrait \u00eatre caus\u00e9 au syst\u00e8me informatique de l&rsquo;utilisateur (mat\u00e9riel et logiciel), ou aux fichiers ou documents qui y sont stock\u00e9s, \u00e0 la suite de:<\/span><\/p><p class=\"p1\"><span class=\"s1\">&#8211; la pr\u00e9sence d&rsquo;un virus sur l&rsquo;ordinateur de l&rsquo;utilisateur utilis\u00e9 pour la connexion aux services et contenus du web.<\/span><\/p><p class=\"p1\"><span class=\"s1\">&#8211; un dysfonctionnement du navigateur.<\/span><\/p><p class=\"p1\"><span class=\"s1\">&#8211; et \/ ou l&rsquo;utilisation de versions non mises \u00e0 jour de celles-ci.<\/span><\/p><p class=\"p1\"><span class=\"s1\">2M OCIO SL n&rsquo;est pas responsable de la fiabilit\u00e9 et de la vitesse des hyperliens qui sont incorpor\u00e9s dans le Web pour l&rsquo;ouverture de tiers. 2M OCIO SL ne garantit pas l&rsquo;utilit\u00e9 de ces liens, ni n&rsquo;est responsable du contenu ou des services auxquels l&rsquo;utilisateur peut acc\u00e9der via ces liens, ni du bon fonctionnement de ces sites Web.<\/span><\/p><p class=\"p1\"><span class=\"s1\">2M OCIO SL ne sera pas responsable des virus ou autres programmes informatiques qui d\u00e9t\u00e9riorent ou peuvent d\u00e9t\u00e9riorer les syst\u00e8mes informatiques ou l&rsquo;\u00e9quipement des utilisateurs lors de l&rsquo;acc\u00e8s \u00e0 son site Web ou \u00e0 d&rsquo;autres sites Web auxquels des liens ont \u00e9t\u00e9 accessibles sur ce site Web.<\/span><\/p><p class=\"p1\"><strong><span class=\"s1\">6.- UTILISATION DE LA TECHNOLOGIE \u00ab\u00a0COOKIE\u00a0\u00bb<\/span><\/strong><\/p><p class=\"p1\"><span class=\"s1\">Le site utilise des cookies, vous pouvez consulter notre Politique de Cookies, qui en respecte \u00e0 tout moment la confidentialit\u00e9 et la confidentialit\u00e9.<\/span><\/p><p class=\"p1\"><strong><span class=\"s1\">7.- PROPRI\u00c9T\u00c9 INTELLECTUELLE ET INDUSTRIELLE<\/span><\/strong><\/p><p class=\"p1\"><span class=\"s1\">Ils sont la propri\u00e9t\u00e9 de 2M OCIO SL, tous les droits de propri\u00e9t\u00e9 industrielle et intellectuelle du web, ainsi que les contenus qu&rsquo;il h\u00e9berge. Toute utilisation du site ou de son contenu doit \u00eatre exclusivement priv\u00e9e.<\/span><\/p><p class=\"p1\"><span class=\"s1\">Il est r\u00e9serv\u00e9 exclusivement \u00e0 2M OCIO SL, toute autre utilisation impliquant la copie, la reproduction, la distribution, la transformation, la communication publique ou toute autre action similaire, de tout ou partie du contenu du web, afin qu&rsquo;aucun utilisateur ne puisse effectuer Ces actions sans l&rsquo;autorisation \u00e9crite pr\u00e9alable de 2M OCIO SL.<\/span><\/p><p class=\"p1\"><strong><span class=\"s1\">8.- L\u00c9GISLATION APPLICABLE ET JURIDICTION COMP\u00c9TENTE<\/span><\/strong><\/p><p class=\"p1\"><span class=\"s1\">Cet avis juridique sera interpr\u00e9t\u00e9 et r\u00e9gi conform\u00e9ment \u00e0 la l\u00e9gislation espagnole. 2M OCIO SL et les utilisateurs, renon\u00e7ant express\u00e9ment \u00e0 toute autre juridiction qui pourrait leur \u00eatre applicable, se soumettent aux cours et tribunaux de l&rsquo;adresse de l&rsquo;utilisateur pour tout litige pouvant survenir de l&rsquo;acc\u00e8s ou de l&rsquo;utilisation du site. Dans le cas o\u00f9 l&rsquo;utilisateur a son domicile en dehors de l&rsquo;Espagne, 2M OCIO SL et l&rsquo;utilisateur, se soumettent, renon\u00e7ant express\u00e9ment \u00e0 toute autre juridiction, aux cours et tribunaux du domicile de Madrid.<\/span><\/p>\t\t\t\t\t\t\t\t<\/div>\n\t\t\t\t<\/div>\n\t\t\t\t\t<\/div>\n\t\t<\/div>\n\t\t\t\t\t<\/div>\n\t\t<\/section>\n\t\t\t\t<\/div>\n\t\t","protected":false},"excerpt":{"rendered":"<p>AVIS JURIDIQUE Les pr\u00e9sentes mentions l\u00e9gales r\u00e9gissent les conditions g\u00e9n\u00e9rales d&rsquo;acc\u00e8s et d&rsquo;utilisation du site Internet accessible \u00e0 l&rsquo;adresse wwwarquimedestechnology.es, que 2M OCIO SL met \u00e0 la disposition des internautes. L&rsquo;utilisation du site Web implique l&rsquo;acceptation pleine et enti\u00e8re de chacune des dispositions incluses dans les pr\u00e9sentes mentions l\u00e9gales. Par cons\u00e9quent, l&rsquo;utilisateur du site Web &#8230; <a title=\"AVIS JURIDIQUE\" class=\"read-more\" href=\"https:\/\/arquimedestechnology.com\/fr\/avis-juridique\/\" aria-label=\"En savoir plus sur AVIS JURIDIQUE\">Lire la suite<\/a><\/p>\n","protected":false},"author":1,"featured_media":0,"parent":0,"menu_order":0,"comment_status":"closed","ping_status":"closed","template":"elementor_header_footer","meta":{"footnotes":""},"class_list":["post-5081","page","type-page","status-publish"],"yoast_head":"<!-- This site is optimized with the Yoast SEO plugin v27.4 - https:\/\/yoast.com\/product\/yoast-seo-wordpress\/ -->\n<title>AVIS JURIDIQUE - Arqu\u00edmedes Technology<\/title>\n<meta name=\"robots\" content=\"noindex, follow\" \/>\n<meta property=\"og:locale\" content=\"fr_FR\" \/>\n<meta property=\"og:type\" content=\"article\" \/>\n<meta property=\"og:title\" content=\"AVIS JURIDIQUE - Arqu\u00edmedes Technology\" \/>\n<meta property=\"og:description\" content=\"AVIS JURIDIQUE Les pr\u00e9sentes mentions l\u00e9gales r\u00e9gissent les conditions g\u00e9n\u00e9rales d&rsquo;acc\u00e8s et d&rsquo;utilisation du site Internet accessible \u00e0 l&rsquo;adresse wwwarquimedestechnology.es, que 2M OCIO SL met \u00e0 la disposition des internautes. L&rsquo;utilisation du site Web implique l&rsquo;acceptation pleine et enti\u00e8re de chacune des dispositions incluses dans les pr\u00e9sentes mentions l\u00e9gales. Par cons\u00e9quent, l&rsquo;utilisateur du site Web ... Lire la suite\" \/>\n<meta property=\"og:url\" content=\"https:\/\/arquimedestechnology.com\/fr\/avis-juridique\/\" \/>\n<meta property=\"og:site_name\" content=\"Arqu\u00edmedes Technology\" \/>\n<meta property=\"article:modified_time\" content=\"2020-11-18T16:41:01+00:00\" \/>\n<meta name=\"twitter:card\" content=\"summary_large_image\" \/>\n<meta name=\"twitter:label1\" content=\"Dur\u00e9e de lecture estim\u00e9e\" \/>\n\t<meta name=\"twitter:data1\" content=\"5 minutes\" \/>\n<script type=\"application\/ld+json\" class=\"yoast-schema-graph\">{\"@context\":\"https:\\\/\\\/schema.org\",\"@graph\":[{\"@type\":\"WebPage\",\"@id\":\"https:\\\/\\\/arquimedestechnology.com\\\/fr\\\/avis-juridique\\\/\",\"url\":\"https:\\\/\\\/arquimedestechnology.com\\\/fr\\\/avis-juridique\\\/\",\"name\":\"AVIS JURIDIQUE - Arqu\u00edmedes Technology\",\"isPartOf\":{\"@id\":\"https:\\\/\\\/arquimedestechnology.com\\\/#website\"},\"datePublished\":\"2018-07-27T10:01:23+00:00\",\"dateModified\":\"2020-11-18T16:41:01+00:00\",\"breadcrumb\":{\"@id\":\"https:\\\/\\\/arquimedestechnology.com\\\/fr\\\/avis-juridique\\\/#breadcrumb\"},\"inLanguage\":\"fr-FR\",\"potentialAction\":[{\"@type\":\"ReadAction\",\"target\":[\"https:\\\/\\\/arquimedestechnology.com\\\/fr\\\/avis-juridique\\\/\"]}]},{\"@type\":\"BreadcrumbList\",\"@id\":\"https:\\\/\\\/arquimedestechnology.com\\\/fr\\\/avis-juridique\\\/#breadcrumb\",\"itemListElement\":[{\"@type\":\"ListItem\",\"position\":1,\"name\":\"Portada\",\"item\":\"https:\\\/\\\/arquimedestechnology.com\\\/fr\\\/\"},{\"@type\":\"ListItem\",\"position\":2,\"name\":\"AVIS JURIDIQUE\"}]},{\"@type\":\"WebSite\",\"@id\":\"https:\\\/\\\/arquimedestechnology.com\\\/#website\",\"url\":\"https:\\\/\\\/arquimedestechnology.com\\\/\",\"name\":\"Arqu\u00edmedes Technology\",\"description\":\"Soluci\u00f3n ecol\u00f3gica a los problemas de la cal\",\"publisher\":{\"@id\":\"https:\\\/\\\/arquimedestechnology.com\\\/#organization\"},\"potentialAction\":[{\"@type\":\"SearchAction\",\"target\":{\"@type\":\"EntryPoint\",\"urlTemplate\":\"https:\\\/\\\/arquimedestechnology.com\\\/?s={search_term_string}\"},\"query-input\":{\"@type\":\"PropertyValueSpecification\",\"valueRequired\":true,\"valueName\":\"search_term_string\"}}],\"inLanguage\":\"fr-FR\"},{\"@type\":\"Organization\",\"@id\":\"https:\\\/\\\/arquimedestechnology.com\\\/#organization\",\"name\":\"Arqu\u00edmedes Technology\",\"url\":\"https:\\\/\\\/arquimedestechnology.com\\\/\",\"logo\":{\"@type\":\"ImageObject\",\"inLanguage\":\"fr-FR\",\"@id\":\"https:\\\/\\\/arquimedestechnology.com\\\/#\\\/schema\\\/logo\\\/image\\\/\",\"url\":\"https:\\\/\\\/arquimedestechnology.com\\\/wp-content\\\/uploads\\\/cropped-logo2x1.png\",\"contentUrl\":\"https:\\\/\\\/arquimedestechnology.com\\\/wp-content\\\/uploads\\\/cropped-logo2x1.png\",\"width\":250,\"height\":134,\"caption\":\"Arqu\u00edmedes Technology\"},\"image\":{\"@id\":\"https:\\\/\\\/arquimedestechnology.com\\\/#\\\/schema\\\/logo\\\/image\\\/\"}}]}<\/script>\n<!-- \/ Yoast SEO plugin. -->","yoast_head_json":{"title":"AVIS JURIDIQUE - Arqu\u00edmedes Technology","robots":{"index":"noindex","follow":"follow"},"og_locale":"fr_FR","og_type":"article","og_title":"AVIS JURIDIQUE - Arqu\u00edmedes Technology","og_description":"AVIS JURIDIQUE Les pr\u00e9sentes mentions l\u00e9gales r\u00e9gissent les conditions g\u00e9n\u00e9rales d&rsquo;acc\u00e8s et d&rsquo;utilisation du site Internet accessible \u00e0 l&rsquo;adresse wwwarquimedestechnology.es, que 2M OCIO SL met \u00e0 la disposition des internautes. L&rsquo;utilisation du site Web implique l&rsquo;acceptation pleine et enti\u00e8re de chacune des dispositions incluses dans les pr\u00e9sentes mentions l\u00e9gales. Par cons\u00e9quent, l&rsquo;utilisateur du site Web ... Lire la suite","og_url":"https:\/\/arquimedestechnology.com\/fr\/avis-juridique\/","og_site_name":"Arqu\u00edmedes Technology","article_modified_time":"2020-11-18T16:41:01+00:00","twitter_card":"summary_large_image","twitter_misc":{"Dur\u00e9e de lecture estim\u00e9e":"5 minutes"},"schema":{"@context":"https:\/\/schema.org","@graph":[{"@type":"WebPage","@id":"https:\/\/arquimedestechnology.com\/fr\/avis-juridique\/","url":"https:\/\/arquimedestechnology.com\/fr\/avis-juridique\/","name":"AVIS JURIDIQUE - Arqu\u00edmedes Technology","isPartOf":{"@id":"https:\/\/arquimedestechnology.com\/#website"},"datePublished":"2018-07-27T10:01:23+00:00","dateModified":"2020-11-18T16:41:01+00:00","breadcrumb":{"@id":"https:\/\/arquimedestechnology.com\/fr\/avis-juridique\/#breadcrumb"},"inLanguage":"fr-FR","potentialAction":[{"@type":"ReadAction","target":["https:\/\/arquimedestechnology.com\/fr\/avis-juridique\/"]}]},{"@type":"BreadcrumbList","@id":"https:\/\/arquimedestechnology.com\/fr\/avis-juridique\/#breadcrumb","itemListElement":[{"@type":"ListItem","position":1,"name":"Portada","item":"https:\/\/arquimedestechnology.com\/fr\/"},{"@type":"ListItem","position":2,"name":"AVIS JURIDIQUE"}]},{"@type":"WebSite","@id":"https:\/\/arquimedestechnology.com\/#website","url":"https:\/\/arquimedestechnology.com\/","name":"Arqu\u00edmedes Technology","description":"Soluci\u00f3n ecol\u00f3gica a los problemas de la cal","publisher":{"@id":"https:\/\/arquimedestechnology.com\/#organization"},"potentialAction":[{"@type":"SearchAction","target":{"@type":"EntryPoint","urlTemplate":"https:\/\/arquimedestechnology.com\/?s={search_term_string}"},"query-input":{"@type":"PropertyValueSpecification","valueRequired":true,"valueName":"search_term_string"}}],"inLanguage":"fr-FR"},{"@type":"Organization","@id":"https:\/\/arquimedestechnology.com\/#organization","name":"Arqu\u00edmedes Technology","url":"https:\/\/arquimedestechnology.com\/","logo":{"@type":"ImageObject","inLanguage":"fr-FR","@id":"https:\/\/arquimedestechnology.com\/#\/schema\/logo\/image\/","url":"https:\/\/arquimedestechnology.com\/wp-content\/uploads\/cropped-logo2x1.png","contentUrl":"https:\/\/arquimedestechnology.com\/wp-content\/uploads\/cropped-logo2x1.png","width":250,"height":134,"caption":"Arqu\u00edmedes Technology"},"image":{"@id":"https:\/\/arquimedestechnology.com\/#\/schema\/logo\/image\/"}}]}},"_links":{"self":[{"href":"https:\/\/arquimedestechnology.com\/fr\/wp-json\/wp\/v2\/pages\/5081","targetHints":{"allow":["GET"]}}],"collection":[{"href":"https:\/\/arquimedestechnology.com\/fr\/wp-json\/wp\/v2\/pages"}],"about":[{"href":"https:\/\/arquimedestechnology.com\/fr\/wp-json\/wp\/v2\/types\/page"}],"author":[{"embeddable":true,"href":"https:\/\/arquimedestechnology.com\/fr\/wp-json\/wp\/v2\/users\/1"}],"replies":[{"embeddable":true,"href":"https:\/\/arquimedestechnology.com\/fr\/wp-json\/wp\/v2\/comments?post=5081"}],"version-history":[{"count":9,"href":"https:\/\/arquimedestechnology.com\/fr\/wp-json\/wp\/v2\/pages\/5081\/revisions"}],"predecessor-version":[{"id":5136,"href":"https:\/\/arquimedestechnology.com\/fr\/wp-json\/wp\/v2\/pages\/5081\/revisions\/5136"}],"wp:attachment":[{"href":"https:\/\/arquimedestechnology.com\/fr\/wp-json\/wp\/v2\/media?parent=5081"}],"curies":[{"name":"wp","href":"https:\/\/api.w.org\/{rel}","templated":true}]}}