{"id":5172,"date":"2018-07-27T11:55:22","date_gmt":"2018-07-27T09:55:22","guid":{"rendered":"https:\/\/arquimedestechnology.com\/arquimedes-technology\/"},"modified":"2020-11-19T17:19:01","modified_gmt":"2020-11-19T16:19:01","slug":"arquimedes-technology","status":"publish","type":"page","link":"https:\/\/arquimedestechnology.com\/pt-pt\/arquimedes-technology\/","title":{"rendered":"ARQU\u00cdMEDES TECHNOLOGY"},"content":{"rendered":"\t\t<div data-elementor-type=\"wp-post\" data-elementor-id=\"5172\" class=\"elementor elementor-5172\" data-elementor-post-type=\"page\">\n\t\t\t\t\t\t<section class=\"elementor-section elementor-top-section elementor-element elementor-element-2ea5a7fd elementor-section-content-middle elementor-section-height-min-height elementor-section-full_width elementor-section-height-default elementor-section-items-middle\" data-id=\"2ea5a7fd\" data-element_type=\"section\" data-e-type=\"section\" data-settings=\"{&quot;background_background&quot;:&quot;classic&quot;}\">\n\t\t\t\t\t\t\t<div class=\"elementor-background-overlay\"><\/div>\n\t\t\t\t\t\t\t<div class=\"elementor-container elementor-column-gap-no\">\n\t\t\t\t\t<div class=\"elementor-column elementor-col-50 elementor-top-column elementor-element elementor-element-69e51a8\" data-id=\"69e51a8\" data-element_type=\"column\" data-e-type=\"column\">\n\t\t\t<div class=\"elementor-widget-wrap\">\n\t\t\t\t\t\t\t<\/div>\n\t\t<\/div>\n\t\t\t\t<div class=\"elementor-column elementor-col-50 elementor-top-column elementor-element elementor-element-bb96d3f\" data-id=\"bb96d3f\" data-element_type=\"column\" data-e-type=\"column\" data-settings=\"{&quot;background_background&quot;:&quot;classic&quot;}\">\n\t\t\t<div class=\"elementor-widget-wrap elementor-element-populated\">\n\t\t\t\t\t<div class=\"elementor-background-overlay\"><\/div>\n\t\t\t\t\t\t<div class=\"elementor-element elementor-element-f8dc31f elementor-blockquote--skin-quotation elementor-blockquote--align-right elementor-widget elementor-widget-blockquote\" data-id=\"f8dc31f\" data-element_type=\"widget\" data-e-type=\"widget\" data-widget_type=\"blockquote.default\">\n\t\t\t\t<div class=\"elementor-widget-container\">\n\t\t\t\t\t\t\t<blockquote class=\"elementor-blockquote\">\n\t\t\t<p class=\"elementor-blockquote__content\">\n\t\t\t\tOlvidamos que el ciclo del agua y el de la vida son uno\t\t\t<\/p>\n\t\t\t\t\t\t\t<div class=\"e-q-footer\">\n\t\t\t\t\t\t\t\t\t\t\t<cite class=\"elementor-blockquote__author\">Jacques Cousteau<\/cite>\n\t\t\t\t\t\t\t\t\t\t\t\t\t\t<\/div>\n\t\t\t\t\t<\/blockquote>\n\t\t\t\t\t\t<\/div>\n\t\t\t\t<\/div>\n\t\t\t\t\t<\/div>\n\t\t<\/div>\n\t\t\t\t\t<\/div>\n\t\t<\/section>\n\t\t\t\t<section class=\"elementor-section elementor-top-section elementor-element elementor-element-723a041 elementor-section-content-middle elementor-section-boxed elementor-section-height-default elementor-section-height-default\" data-id=\"723a041\" data-element_type=\"section\" data-e-type=\"section\">\n\t\t\t\t\t\t<div class=\"elementor-container elementor-column-gap-default\">\n\t\t\t\t\t<div class=\"elementor-column elementor-col-100 elementor-top-column elementor-element elementor-element-18c1638\" data-id=\"18c1638\" data-element_type=\"column\" data-e-type=\"column\">\n\t\t\t<div class=\"elementor-widget-wrap elementor-element-populated\">\n\t\t\t\t\t\t<div class=\"elementor-element elementor-element-64907a7 elementor-widget-divider--view-line elementor-widget elementor-widget-divider\" data-id=\"64907a7\" data-element_type=\"widget\" data-e-type=\"widget\" data-widget_type=\"divider.default\">\n\t\t\t\t<div class=\"elementor-widget-container\">\n\t\t\t\t\t\t\t<div class=\"elementor-divider\">\n\t\t\t<span class=\"elementor-divider-separator\">\n\t\t\t\t\t\t<\/span>\n\t\t<\/div>\n\t\t\t\t\t\t<\/div>\n\t\t\t\t<\/div>\n\t\t\t\t<div class=\"elementor-element elementor-element-c46f98f elementor-widget elementor-widget-heading\" data-id=\"c46f98f\" data-element_type=\"widget\" data-e-type=\"widget\" data-widget_type=\"heading.default\">\n\t\t\t\t<div class=\"elementor-widget-container\">\n\t\t\t\t\t<h1 class=\"elementor-heading-title elementor-size-xl\">CONHE\u00c7A A ARQUIMEDES <b>TECHNOLOGY<\/b><\/h1>\t\t\t\t<\/div>\n\t\t\t\t<\/div>\n\t\t\t\t<div class=\"elementor-element elementor-element-a4fd948 elementor-widget elementor-widget-heading\" data-id=\"a4fd948\" data-element_type=\"widget\" data-e-type=\"widget\" data-widget_type=\"heading.default\">\n\t\t\t\t<div class=\"elementor-widget-container\">\n\t\t\t\t\t<h2 class=\"elementor-heading-title elementor-size-xl\">TECNOLOGIAS ECOL\u00d3GICAS DESTINADAS AO TRATAMENTO DE \u00c1GUA..<\/h2>\t\t\t\t<\/div>\n\t\t\t\t<\/div>\n\t\t\t\t<div class=\"elementor-element elementor-element-8172853 elementor-widget elementor-widget-text-editor\" data-id=\"8172853\" data-element_type=\"widget\" data-e-type=\"widget\" data-widget_type=\"text-editor.default\">\n\t\t\t\t<div class=\"elementor-widget-container\">\n\t\t\t\t\t\t\t\t\t<p class=\"p1\"><span class=\"s1\">Desde o dia de sua funda\u00e7\u00e3o, todas as atividades da ARQU\u00cdMEDES TECHNOLOGY, formadas por uma equipe de t\u00e9cnicos com vasta experi\u00eancia neste setor, foram orientadas para a busca de tecnologias ecol\u00f3gicas para tratamento de \u00e1gua. <\/span><span class=\"s1\">Como conseq\u00fc\u00eancia dessa preocupa\u00e7\u00e3o, surgiu a necessidade de desenvolver nossa pr\u00f3pria tecnologia e fabricar nossos equipamentos. Assim nasceu o projeto <strong>EUR\u00c9KAL \u00ae<\/strong>.<\/span><\/p><p class=\"p1\"><span class=\"s1\">A ARQU\u00cdMEDES TECHNOLOGY est\u00e1 presente em todos os setores em que as incrusta\u00e7\u00f5es causadas pelo cal podem ser um problema: transporte mar\u00edtimo, agr\u00edcola, industrial, obras p\u00fablicas, energia renov\u00e1vel, municipal, urbana &#8230; empresa no compromisso de fornecer solu\u00e7\u00f5es efetivas e concretas, juntamente com um servi\u00e7o imbat\u00edvel aos seus clientes e sempre respeitoso com o meio ambiente..<\/span><\/p>\t\t\t\t\t\t\t\t<\/div>\n\t\t\t\t<\/div>\n\t\t\t\t\t<\/div>\n\t\t<\/div>\n\t\t\t\t\t<\/div>\n\t\t<\/section>\n\t\t\t\t<section class=\"elementor-section elementor-top-section elementor-element elementor-element-a0d327b elementor-section-content-middle elementor-section-boxed elementor-section-height-default elementor-section-height-default\" data-id=\"a0d327b\" data-element_type=\"section\" data-e-type=\"section\">\n\t\t\t\t\t\t<div class=\"elementor-container elementor-column-gap-default\">\n\t\t\t\t\t<div class=\"elementor-column elementor-col-66 elementor-top-column elementor-element elementor-element-537f0d4\" data-id=\"537f0d4\" data-element_type=\"column\" data-e-type=\"column\">\n\t\t\t<div class=\"elementor-widget-wrap elementor-element-populated\">\n\t\t\t\t\t\t<div class=\"elementor-element elementor-element-9b8e11b elementor-widget-divider--view-line elementor-widget elementor-widget-divider\" data-id=\"9b8e11b\" data-element_type=\"widget\" data-e-type=\"widget\" data-widget_type=\"divider.default\">\n\t\t\t\t<div class=\"elementor-widget-container\">\n\t\t\t\t\t\t\t<div class=\"elementor-divider\">\n\t\t\t<span class=\"elementor-divider-separator\">\n\t\t\t\t\t\t<\/span>\n\t\t<\/div>\n\t\t\t\t\t\t<\/div>\n\t\t\t\t<\/div>\n\t\t\t\t<div class=\"elementor-element elementor-element-95b8ea9 elementor-widget elementor-widget-heading\" data-id=\"95b8ea9\" data-element_type=\"widget\" data-e-type=\"widget\" data-widget_type=\"heading.default\">\n\t\t\t\t<div class=\"elementor-widget-container\">\n\t\t\t\t\t<h2 class=\"elementor-heading-title elementor-size-xl\">GARANTIAS E CERTIFICA\u00c7\u00d5ES<\/h2>\t\t\t\t<\/div>\n\t\t\t\t<\/div>\n\t\t\t\t<div class=\"elementor-element elementor-element-f2f169c elementor-widget elementor-widget-text-editor\" data-id=\"f2f169c\" data-element_type=\"widget\" data-e-type=\"widget\" data-widget_type=\"text-editor.default\">\n\t\t\t\t<div class=\"elementor-widget-container\">\n\t\t\t\t\t\t\t\t\t<p class=\"p1\"><span class=\"s1\">Os sistemas EUR\u00c9KAL t\u00eam uma garantia de 5 anos, que inclui a Garantia de Satisfa\u00e7\u00e3o, pela qual a ARQU\u00cdMEDES TECHNOLOGY se compromete a devolver o valor se eles n\u00e3o cumprirem sua fun\u00e7\u00e3o.<\/span><\/p><p class=\"p1\"><span class=\"s1\">O equipamento EUR\u00c9KAL est\u00e1 em conformidade com a <strong>Certifica\u00e7\u00e3o CE<\/strong><\/span><\/p><p class=\"p1\"><span class=\"s1\">Fabricado de acordo com a Diretiva EMC de compatibilidade e seguran\u00e7a eletr\u00f4nica e el\u00e9trica, em conformidade com as normas europeias, espec\u00edficas para aplica\u00e7\u00f5es de emiss\u00e3o de ondas eletr\u00f4nicas <strong>EN55014, EN55022 CEI 801-2 e IEC 801\u20104<\/strong><\/span><\/p><p class=\"p1\"><span class=\"s1\"><strong>RoHS 2002\/95 \/ CE.<\/strong> Aus\u00eancia de subst\u00e2ncias perigosas no processo de fabrica\u00e7\u00e3o<\/span><\/p><p class=\"p1\"><span class=\"s1\"><strong>DEEE (ou WEEE) 2002\/96 \/ CE.<\/strong> Controle de res\u00edduos no processo de fabrica\u00e7\u00e3o<\/span><\/p><p class=\"p1\"><span class=\"s1\">O equipamento foi projetado de acordo com os crit\u00e9rios da <strong>ECODISE\u00d1O<\/strong><\/span><\/p>\t\t\t\t\t\t\t\t<\/div>\n\t\t\t\t<\/div>\n\t\t\t\t\t<\/div>\n\t\t<\/div>\n\t\t\t\t<div class=\"elementor-column elementor-col-33 elementor-top-column elementor-element elementor-element-3a752da\" data-id=\"3a752da\" data-element_type=\"column\" data-e-type=\"column\">\n\t\t\t<div class=\"elementor-widget-wrap elementor-element-populated\">\n\t\t\t\t\t\t<div class=\"elementor-element elementor-element-7a3f389 elementor-widget-divider--view-line elementor-widget elementor-widget-divider\" data-id=\"7a3f389\" data-element_type=\"widget\" data-e-type=\"widget\" data-widget_type=\"divider.default\">\n\t\t\t\t<div class=\"elementor-widget-container\">\n\t\t\t\t\t\t\t<div class=\"elementor-divider\">\n\t\t\t<span class=\"elementor-divider-separator\">\n\t\t\t\t\t\t<\/span>\n\t\t<\/div>\n\t\t\t\t\t\t<\/div>\n\t\t\t\t<\/div>\n\t\t\t\t<div class=\"elementor-element elementor-element-752ced7 elementor-widget elementor-widget-image\" data-id=\"752ced7\" data-element_type=\"widget\" data-e-type=\"widget\" data-widget_type=\"image.default\">\n\t\t\t\t<div class=\"elementor-widget-container\">\n\t\t\t\t\t\t\t\t\t\t\t\t\t\t\t<img decoding=\"async\" width=\"170\" height=\"250\" src=\"https:\/\/arquimedestechnology.com\/wp-content\/uploads\/image002.jpg\" class=\"attachment-medium_large size-medium_large wp-image-3940\" alt=\"\" \/>\t\t\t\t\t\t\t\t\t\t\t\t\t\t\t<\/div>\n\t\t\t\t<\/div>\n\t\t\t\t<div class=\"elementor-element elementor-element-12cf67c elementor-widget elementor-widget-image\" data-id=\"12cf67c\" data-element_type=\"widget\" data-e-type=\"widget\" data-widget_type=\"image.default\">\n\t\t\t\t<div class=\"elementor-widget-container\">\n\t\t\t\t\t\t\t\t\t\t\t\t\t\t\t<img fetchpriority=\"high\" decoding=\"async\" width=\"280\" height=\"279\" src=\"https:\/\/arquimedestechnology.com\/wp-content\/uploads\/rohs-compliant-arquimedes2.png\" class=\"attachment-medium_large size-medium_large wp-image-3449\" alt=\"\" srcset=\"https:\/\/arquimedestechnology.com\/wp-content\/uploads\/rohs-compliant-arquimedes2.png 280w, https:\/\/arquimedestechnology.com\/wp-content\/uploads\/rohs-compliant-arquimedes2-150x150.png 150w\" sizes=\"(max-width: 280px) 100vw, 280px\" \/>\t\t\t\t\t\t\t\t\t\t\t\t\t\t\t<\/div>\n\t\t\t\t<\/div>\n\t\t\t\t<div class=\"elementor-element elementor-element-769197d elementor-widget-divider--view-line elementor-widget elementor-widget-divider\" data-id=\"769197d\" data-element_type=\"widget\" data-e-type=\"widget\" data-widget_type=\"divider.default\">\n\t\t\t\t<div class=\"elementor-widget-container\">\n\t\t\t\t\t\t\t<div class=\"elementor-divider\">\n\t\t\t<span class=\"elementor-divider-separator\">\n\t\t\t\t\t\t<\/span>\n\t\t<\/div>\n\t\t\t\t\t\t<\/div>\n\t\t\t\t<\/div>\n\t\t\t\t\t<\/div>\n\t\t<\/div>\n\t\t\t\t\t<\/div>\n\t\t<\/section>\n\t\t\t\t<\/div>\n\t\t","protected":false},"excerpt":{"rendered":"<p>Olvidamos que el ciclo del agua y el de la vida son uno Jacques Cousteau CONHE\u00c7A A ARQUIMEDES TECHNOLOGY TECNOLOGIAS ECOL\u00d3GICAS DESTINADAS AO TRATAMENTO DE \u00c1GUA.. Desde o dia de sua funda\u00e7\u00e3o, todas as atividades da ARQU\u00cdMEDES TECHNOLOGY, formadas por uma equipe de t\u00e9cnicos com vasta experi\u00eancia neste setor, foram orientadas para a busca de &#8230; <a title=\"ARQU\u00cdMEDES TECHNOLOGY\" class=\"read-more\" href=\"https:\/\/arquimedestechnology.com\/pt-pt\/arquimedes-technology\/\" aria-label=\"Leia mais sobre ARQU\u00cdMEDES TECHNOLOGY\">Ler mais<\/a><\/p>\n","protected":false},"author":1,"featured_media":0,"parent":0,"menu_order":0,"comment_status":"closed","ping_status":"closed","template":"elementor_header_footer","meta":{"footnotes":""},"class_list":["post-5172","page","type-page","status-publish"],"yoast_head":"<!-- This site is optimized with the Yoast SEO plugin v27.4 - https:\/\/yoast.com\/product\/yoast-seo-wordpress\/ -->\n<title>ARQU\u00cdMEDES TECHNOLOGY - Arqu\u00edmedes Technology<\/title>\n<meta name=\"robots\" content=\"index, follow, max-snippet:-1, max-image-preview:large, max-video-preview:-1\" \/>\n<link rel=\"canonical\" href=\"https:\/\/arquimedestechnology.com\/pt-pt\/arquimedes-technology\/\" \/>\n<meta property=\"og:locale\" content=\"pt_PT\" \/>\n<meta property=\"og:type\" content=\"article\" \/>\n<meta property=\"og:title\" content=\"ARQU\u00cdMEDES TECHNOLOGY - Arqu\u00edmedes Technology\" \/>\n<meta property=\"og:description\" content=\"Olvidamos que el ciclo del agua y el de la vida son uno Jacques Cousteau CONHE\u00c7A A ARQUIMEDES TECHNOLOGY TECNOLOGIAS ECOL\u00d3GICAS DESTINADAS AO TRATAMENTO DE \u00c1GUA.. Desde o dia de sua funda\u00e7\u00e3o, todas as atividades da ARQU\u00cdMEDES TECHNOLOGY, formadas por uma equipe de t\u00e9cnicos com vasta experi\u00eancia neste setor, foram orientadas para a busca de ... Ler mais\" \/>\n<meta property=\"og:url\" content=\"https:\/\/arquimedestechnology.com\/pt-pt\/arquimedes-technology\/\" \/>\n<meta property=\"og:site_name\" content=\"Arqu\u00edmedes Technology\" \/>\n<meta property=\"article:modified_time\" content=\"2020-11-19T16:19:01+00:00\" \/>\n<meta property=\"og:image\" content=\"https:\/\/arquimedestechnology.com\/wp-content\/uploads\/image002.jpg\" \/>\n<meta name=\"twitter:card\" content=\"summary_large_image\" \/>\n<meta name=\"twitter:label1\" content=\"Tempo estimado de leitura\" \/>\n\t<meta name=\"twitter:data1\" content=\"1 minuto\" \/>\n<script type=\"application\/ld+json\" class=\"yoast-schema-graph\">{\"@context\":\"https:\\\/\\\/schema.org\",\"@graph\":[{\"@type\":\"WebPage\",\"@id\":\"https:\\\/\\\/arquimedestechnology.com\\\/pt-pt\\\/arquimedes-technology\\\/\",\"url\":\"https:\\\/\\\/arquimedestechnology.com\\\/pt-pt\\\/arquimedes-technology\\\/\",\"name\":\"ARQU\u00cdMEDES TECHNOLOGY - Arqu\u00edmedes Technology\",\"isPartOf\":{\"@id\":\"https:\\\/\\\/arquimedestechnology.com\\\/#website\"},\"primaryImageOfPage\":{\"@id\":\"https:\\\/\\\/arquimedestechnology.com\\\/pt-pt\\\/arquimedes-technology\\\/#primaryimage\"},\"image\":{\"@id\":\"https:\\\/\\\/arquimedestechnology.com\\\/pt-pt\\\/arquimedes-technology\\\/#primaryimage\"},\"thumbnailUrl\":\"https:\\\/\\\/arquimedestechnology.com\\\/wp-content\\\/uploads\\\/image002.jpg\",\"datePublished\":\"2018-07-27T09:55:22+00:00\",\"dateModified\":\"2020-11-19T16:19:01+00:00\",\"breadcrumb\":{\"@id\":\"https:\\\/\\\/arquimedestechnology.com\\\/pt-pt\\\/arquimedes-technology\\\/#breadcrumb\"},\"inLanguage\":\"pt-PT\",\"potentialAction\":[{\"@type\":\"ReadAction\",\"target\":[\"https:\\\/\\\/arquimedestechnology.com\\\/pt-pt\\\/arquimedes-technology\\\/\"]}]},{\"@type\":\"ImageObject\",\"inLanguage\":\"pt-PT\",\"@id\":\"https:\\\/\\\/arquimedestechnology.com\\\/pt-pt\\\/arquimedes-technology\\\/#primaryimage\",\"url\":\"https:\\\/\\\/arquimedestechnology.com\\\/wp-content\\\/uploads\\\/image002.jpg\",\"contentUrl\":\"https:\\\/\\\/arquimedestechnology.com\\\/wp-content\\\/uploads\\\/image002.jpg\"},{\"@type\":\"BreadcrumbList\",\"@id\":\"https:\\\/\\\/arquimedestechnology.com\\\/pt-pt\\\/arquimedes-technology\\\/#breadcrumb\",\"itemListElement\":[{\"@type\":\"ListItem\",\"position\":1,\"name\":\"Portada\",\"item\":\"https:\\\/\\\/arquimedestechnology.com\\\/pt-pt\\\/\"},{\"@type\":\"ListItem\",\"position\":2,\"name\":\"ARQU\u00cdMEDES TECHNOLOGY\"}]},{\"@type\":\"WebSite\",\"@id\":\"https:\\\/\\\/arquimedestechnology.com\\\/#website\",\"url\":\"https:\\\/\\\/arquimedestechnology.com\\\/\",\"name\":\"Arqu\u00edmedes Technology\",\"description\":\"Soluci\u00f3n ecol\u00f3gica a los problemas de la cal\",\"publisher\":{\"@id\":\"https:\\\/\\\/arquimedestechnology.com\\\/#organization\"},\"potentialAction\":[{\"@type\":\"SearchAction\",\"target\":{\"@type\":\"EntryPoint\",\"urlTemplate\":\"https:\\\/\\\/arquimedestechnology.com\\\/?s={search_term_string}\"},\"query-input\":{\"@type\":\"PropertyValueSpecification\",\"valueRequired\":true,\"valueName\":\"search_term_string\"}}],\"inLanguage\":\"pt-PT\"},{\"@type\":\"Organization\",\"@id\":\"https:\\\/\\\/arquimedestechnology.com\\\/#organization\",\"name\":\"Arqu\u00edmedes Technology\",\"url\":\"https:\\\/\\\/arquimedestechnology.com\\\/\",\"logo\":{\"@type\":\"ImageObject\",\"inLanguage\":\"pt-PT\",\"@id\":\"https:\\\/\\\/arquimedestechnology.com\\\/#\\\/schema\\\/logo\\\/image\\\/\",\"url\":\"https:\\\/\\\/arquimedestechnology.com\\\/wp-content\\\/uploads\\\/cropped-logo2x1.png\",\"contentUrl\":\"https:\\\/\\\/arquimedestechnology.com\\\/wp-content\\\/uploads\\\/cropped-logo2x1.png\",\"width\":250,\"height\":134,\"caption\":\"Arqu\u00edmedes Technology\"},\"image\":{\"@id\":\"https:\\\/\\\/arquimedestechnology.com\\\/#\\\/schema\\\/logo\\\/image\\\/\"}}]}<\/script>\n<!-- \/ Yoast SEO plugin. -->","yoast_head_json":{"title":"ARQU\u00cdMEDES TECHNOLOGY - Arqu\u00edmedes Technology","robots":{"index":"index","follow":"follow","max-snippet":"max-snippet:-1","max-image-preview":"max-image-preview:large","max-video-preview":"max-video-preview:-1"},"canonical":"https:\/\/arquimedestechnology.com\/pt-pt\/arquimedes-technology\/","og_locale":"pt_PT","og_type":"article","og_title":"ARQU\u00cdMEDES TECHNOLOGY - Arqu\u00edmedes Technology","og_description":"Olvidamos que el ciclo del agua y el de la vida son uno Jacques Cousteau CONHE\u00c7A A ARQUIMEDES TECHNOLOGY TECNOLOGIAS ECOL\u00d3GICAS DESTINADAS AO TRATAMENTO DE \u00c1GUA.. Desde o dia de sua funda\u00e7\u00e3o, todas as atividades da ARQU\u00cdMEDES TECHNOLOGY, formadas por uma equipe de t\u00e9cnicos com vasta experi\u00eancia neste setor, foram orientadas para a busca de ... Ler mais","og_url":"https:\/\/arquimedestechnology.com\/pt-pt\/arquimedes-technology\/","og_site_name":"Arqu\u00edmedes Technology","article_modified_time":"2020-11-19T16:19:01+00:00","og_image":[{"url":"https:\/\/arquimedestechnology.com\/wp-content\/uploads\/image002.jpg","type":"","width":"","height":""}],"twitter_card":"summary_large_image","twitter_misc":{"Tempo estimado de leitura":"1 minuto"},"schema":{"@context":"https:\/\/schema.org","@graph":[{"@type":"WebPage","@id":"https:\/\/arquimedestechnology.com\/pt-pt\/arquimedes-technology\/","url":"https:\/\/arquimedestechnology.com\/pt-pt\/arquimedes-technology\/","name":"ARQU\u00cdMEDES TECHNOLOGY - Arqu\u00edmedes Technology","isPartOf":{"@id":"https:\/\/arquimedestechnology.com\/#website"},"primaryImageOfPage":{"@id":"https:\/\/arquimedestechnology.com\/pt-pt\/arquimedes-technology\/#primaryimage"},"image":{"@id":"https:\/\/arquimedestechnology.com\/pt-pt\/arquimedes-technology\/#primaryimage"},"thumbnailUrl":"https:\/\/arquimedestechnology.com\/wp-content\/uploads\/image002.jpg","datePublished":"2018-07-27T09:55:22+00:00","dateModified":"2020-11-19T16:19:01+00:00","breadcrumb":{"@id":"https:\/\/arquimedestechnology.com\/pt-pt\/arquimedes-technology\/#breadcrumb"},"inLanguage":"pt-PT","potentialAction":[{"@type":"ReadAction","target":["https:\/\/arquimedestechnology.com\/pt-pt\/arquimedes-technology\/"]}]},{"@type":"ImageObject","inLanguage":"pt-PT","@id":"https:\/\/arquimedestechnology.com\/pt-pt\/arquimedes-technology\/#primaryimage","url":"https:\/\/arquimedestechnology.com\/wp-content\/uploads\/image002.jpg","contentUrl":"https:\/\/arquimedestechnology.com\/wp-content\/uploads\/image002.jpg"},{"@type":"BreadcrumbList","@id":"https:\/\/arquimedestechnology.com\/pt-pt\/arquimedes-technology\/#breadcrumb","itemListElement":[{"@type":"ListItem","position":1,"name":"Portada","item":"https:\/\/arquimedestechnology.com\/pt-pt\/"},{"@type":"ListItem","position":2,"name":"ARQU\u00cdMEDES TECHNOLOGY"}]},{"@type":"WebSite","@id":"https:\/\/arquimedestechnology.com\/#website","url":"https:\/\/arquimedestechnology.com\/","name":"Arqu\u00edmedes Technology","description":"Soluci\u00f3n ecol\u00f3gica a los problemas de la cal","publisher":{"@id":"https:\/\/arquimedestechnology.com\/#organization"},"potentialAction":[{"@type":"SearchAction","target":{"@type":"EntryPoint","urlTemplate":"https:\/\/arquimedestechnology.com\/?s={search_term_string}"},"query-input":{"@type":"PropertyValueSpecification","valueRequired":true,"valueName":"search_term_string"}}],"inLanguage":"pt-PT"},{"@type":"Organization","@id":"https:\/\/arquimedestechnology.com\/#organization","name":"Arqu\u00edmedes Technology","url":"https:\/\/arquimedestechnology.com\/","logo":{"@type":"ImageObject","inLanguage":"pt-PT","@id":"https:\/\/arquimedestechnology.com\/#\/schema\/logo\/image\/","url":"https:\/\/arquimedestechnology.com\/wp-content\/uploads\/cropped-logo2x1.png","contentUrl":"https:\/\/arquimedestechnology.com\/wp-content\/uploads\/cropped-logo2x1.png","width":250,"height":134,"caption":"Arqu\u00edmedes Technology"},"image":{"@id":"https:\/\/arquimedestechnology.com\/#\/schema\/logo\/image\/"}}]}},"_links":{"self":[{"href":"https:\/\/arquimedestechnology.com\/pt-pt\/wp-json\/wp\/v2\/pages\/5172","targetHints":{"allow":["GET"]}}],"collection":[{"href":"https:\/\/arquimedestechnology.com\/pt-pt\/wp-json\/wp\/v2\/pages"}],"about":[{"href":"https:\/\/arquimedestechnology.com\/pt-pt\/wp-json\/wp\/v2\/types\/page"}],"author":[{"embeddable":true,"href":"https:\/\/arquimedestechnology.com\/pt-pt\/wp-json\/wp\/v2\/users\/1"}],"replies":[{"embeddable":true,"href":"https:\/\/arquimedestechnology.com\/pt-pt\/wp-json\/wp\/v2\/comments?post=5172"}],"version-history":[{"count":3,"href":"https:\/\/arquimedestechnology.com\/pt-pt\/wp-json\/wp\/v2\/pages\/5172\/revisions"}],"predecessor-version":[{"id":5179,"href":"https:\/\/arquimedestechnology.com\/pt-pt\/wp-json\/wp\/v2\/pages\/5172\/revisions\/5179"}],"wp:attachment":[{"href":"https:\/\/arquimedestechnology.com\/pt-pt\/wp-json\/wp\/v2\/media?parent=5172"}],"curies":[{"name":"wp","href":"https:\/\/api.w.org\/{rel}","templated":true}]}}