{"id":5295,"date":"2018-07-27T12:01:23","date_gmt":"2018-07-27T10:01:23","guid":{"rendered":"https:\/\/arquimedestechnology.com\/aviso-legal\/"},"modified":"2020-11-20T10:26:25","modified_gmt":"2020-11-20T09:26:25","slug":"aviso-legal","status":"publish","type":"page","link":"https:\/\/arquimedestechnology.com\/pt-pt\/aviso-legal\/","title":{"rendered":"AVISO LEGAL"},"content":{"rendered":"\t\t<div data-elementor-type=\"wp-post\" data-elementor-id=\"5295\" class=\"elementor elementor-5295\" data-elementor-post-type=\"page\">\n\t\t\t\t\t\t<section class=\"elementor-section elementor-top-section elementor-element elementor-element-2bad4ff elementor-section-content-middle elementor-section-boxed elementor-section-height-default elementor-section-height-default\" data-id=\"2bad4ff\" data-element_type=\"section\" data-e-type=\"section\">\n\t\t\t\t\t\t<div class=\"elementor-container elementor-column-gap-default\">\n\t\t\t\t\t<div class=\"elementor-column elementor-col-100 elementor-top-column elementor-element elementor-element-5c01baa\" data-id=\"5c01baa\" data-element_type=\"column\" data-e-type=\"column\">\n\t\t\t<div class=\"elementor-widget-wrap elementor-element-populated\">\n\t\t\t\t\t\t<div class=\"elementor-element elementor-element-8c230da elementor-widget-divider--view-line elementor-widget elementor-widget-divider\" data-id=\"8c230da\" data-element_type=\"widget\" data-e-type=\"widget\" data-widget_type=\"divider.default\">\n\t\t\t\t<div class=\"elementor-widget-container\">\n\t\t\t\t\t\t\t<div class=\"elementor-divider\">\n\t\t\t<span class=\"elementor-divider-separator\">\n\t\t\t\t\t\t<\/span>\n\t\t<\/div>\n\t\t\t\t\t\t<\/div>\n\t\t\t\t<\/div>\n\t\t\t\t<div class=\"elementor-element elementor-element-c50a82d elementor-widget elementor-widget-heading\" data-id=\"c50a82d\" data-element_type=\"widget\" data-e-type=\"widget\" data-widget_type=\"heading.default\">\n\t\t\t\t<div class=\"elementor-widget-container\">\n\t\t\t\t\t<h1 class=\"elementor-heading-title elementor-size-xl\">AVISO LEGAL<\/h1>\t\t\t\t<\/div>\n\t\t\t\t<\/div>\n\t\t\t\t<div class=\"elementor-element elementor-element-204fda9 elementor-widget elementor-widget-text-editor\" data-id=\"204fda9\" data-element_type=\"widget\" data-e-type=\"widget\" data-widget_type=\"text-editor.default\">\n\t\t\t\t<div class=\"elementor-widget-container\">\n\t\t\t\t\t\t\t\t\t<p class=\"p1\"><span class=\"s1\">Este Aviso Legal regula as condi\u00e7\u00f5es gerais de acesso e uso do site acess\u00edvel no endere\u00e7o wwwarquimedestechnology.es, que 2M OCIO SL, disponibiliza aos usu\u00e1rios da Internet.<\/span><\/p><p class=\"p1\"><span class=\"s1\">O uso do site implica na aceita\u00e7\u00e3o total e sem reservas de todas e quaisquer das disposi\u00e7\u00f5es inclu\u00eddas neste Aviso Legal. Consequentemente, o usu\u00e1rio do site deve ler atentamente este Aviso Legal em cada uma das ocasi\u00f5es em que ele pretende usar o site, uma vez que o texto pode ser modificado a crit\u00e9rio do propriet\u00e1rio do site ou devido a uma altera\u00e7\u00e3o legislativa. , jurisprudencial ou na pr\u00e1tica comercial.<\/span><\/p><p class=\"p1\"><span class=\"s1\"><strong>1.- PROPRIET\u00c1RIO DO WEBSITE<\/strong> <\/span><\/p><p class=\"p1\"><span class=\"s1\">Nome do propriet\u00e1rio: 2M OCIO S.L. Sede social: C \/ Ferm\u00edn Caballero, 12 28034 Madrid C.I.F.: B85124360 E-mail: info@eurekal.es Telefone para contato: 609098903<\/span><\/p><p class=\"p1\"><strong><span class=\"s1\">2.- OBJETO<\/span><\/strong><\/p><p class=\"p1\"><span class=\"s1\">O site fornece aos seus usu\u00e1rios acesso \u00e0s informa\u00e7\u00f5es e servi\u00e7os fornecidos pela 2M OCIO SL \u00e0s pessoas ou organiza\u00e7\u00f5es interessadas neles.<\/span><\/p><p class=\"p1\"><span class=\"s1\"><strong>3.- ACESSO E USO DA WEB<\/strong> <\/span><\/p><p class=\"p1\"><span class=\"s1\">3.1.- Car\u00e1ter livre de acesso e uso da web. O acesso ao site \u00e9 gratuito para seus usu\u00e1rios.<\/span><\/p><p class=\"p1\"><span class=\"s1\">3.2.- Registro do usu\u00e1rio. Em geral, o acesso e o uso do site n\u00e3o exigem assinatura ou registro pr\u00e9vio de seus usu\u00e1rios.<\/span><\/p><p class=\"p1\"><strong><span class=\"s1\">4.- CONTE\u00daDO DA WEB<\/span><\/strong><\/p><p class=\"p1\"><span class=\"s1\"> O idioma usado pelo propriet\u00e1rio no site ser\u00e1 o espanhol. 2M OCIO SL n\u00e3o \u00e9 respons\u00e1vel pela falta de entendimento ou compreens\u00e3o do idioma do site pelo usu\u00e1rio, ou por suas conseq\u00fc\u00eancias. A 2M OCIO SL pode modificar o conte\u00fado sem aviso pr\u00e9vio, bem como exclu\u00ed-lo e alter\u00e1-lo na web, como o acesso, sem justificativa e liberdade, sem responsabilizar-se pelas conseq\u00fc\u00eancias que possam causar aos usu\u00e1rios.<\/span><\/p><p class=\"p1\"><span class=\"s1\">\u00c9 proibido o uso do conte\u00fado do site para promover, contratar ou disseminar publicidade ou informa\u00e7\u00f5es pr\u00f3prias ou de terceiros sem a autoriza\u00e7\u00e3o da 2M OCIO SL, nem enviar publicidade ou informa\u00e7\u00e3o usando os servi\u00e7os ou informa\u00e7\u00f5es disponibilizadas de usu\u00e1rios, independentemente de o uso ser gratuito ou n\u00e3o. Os links ou hiperlinks que incorporam terceiros em suas p\u00e1ginas da web, direcionados a este site, destinam-se \u00e0 abertura da p\u00e1gina completa, n\u00e3o podendo expressar, direta ou indiretamente, indica\u00e7\u00f5es falsas, imprecisas ou confusas, nem incorrer em a\u00e7\u00f5es injustas ou ilegais. contra 2M OCIO SL.<\/span><\/p><p class=\"p1\"><span class=\"s1\">4.1 &#8211; CL\u00c1USULA DE FORMAS DE WEB<\/span><\/p><p class=\"p1\"><span class=\"s1\">De acordo com as disposi\u00e7\u00f5es do Regulamento Geral de Prote\u00e7\u00e3o de Dados Pessoais, o cliente cujos dados est\u00e3o contidos neste Formul\u00e1rio, consente expressamente \u00e0 2M OCIO SL o processamento de seus dados pessoais para realizar a cobran\u00e7a e promo\u00e7\u00e3o do servi\u00e7os comercializados com eles, bem como a autoriza\u00e7\u00e3o para se comunicar com aquelas entidades para as quais foram assinados o contrato 2M OCIO SL e a presta\u00e7\u00e3o de servi\u00e7os.<\/span><\/p><p class=\"p1\"><span class=\"s1\">Os dados ser\u00e3o inclu\u00eddos em um arquivo automatizado da 2M OCIO SL que possui as medidas de seguran\u00e7a necess\u00e1rias para sua confidencialidade e voc\u00ea poder\u00e1 exercer seus direitos de acesso, retifica\u00e7\u00e3o, cancelamento \/ exclus\u00e3o, oposi\u00e7\u00e3o, limita\u00e7\u00e3o ou portabilidade, direcionando uma escrito para 2M OCIO SL, na Calle Ferm\u00edn Caballero, 12 28034 Madrid.<\/span><\/p><p class=\"p1\"><strong><span class=\"s1\">5.- LIMITA\u00c7\u00c3O DE RESPONSABILIDADE<\/span><\/strong><\/p><p class=\"p1\"><span class=\"s1\">Tanto o acesso ao site quanto o uso n\u00e3o consensual que pode ser feito das informa\u00e7\u00f5es nele contidas s\u00e3o de exclusiva responsabilidade do usu\u00e1rio. A 2M OCIO SL n\u00e3o se responsabiliza por quaisquer conseq\u00fc\u00eancias, danos ou perdas que possam surgir de tal acesso ou uso.<\/span><\/p><p class=\"p1\"><span class=\"s1\">A 2M OCIO SL n\u00e3o se responsabiliza por erros de seguran\u00e7a que possam ocorrer ou por qualquer dano que possa ser causado ao sistema de computador do usu\u00e1rio (hardware e software) ou aos arquivos ou documentos armazenados nele, como resultado de:<\/span><\/p><p class=\"p1\"><span class=\"s1\">&#8211; a presen\u00e7a de um v\u00edrus no computador do usu\u00e1rio usado para conex\u00e3o com os servi\u00e7os e o conte\u00fado da web.<\/span><\/p><p class=\"p1\"><span class=\"s1\">&#8211; um mau funcionamento do navegador.<\/span><\/p><p class=\"p1\"><span class=\"s1\">&#8211; e \/ ou o uso de vers\u00f5es n\u00e3o atualizadas.<\/span><\/p><p class=\"p1\"><span class=\"s1\">A 2M OCIO SL n\u00e3o se responsabiliza pela confiabilidade e velocidade dos hiperlinks incorporados na web para a abertura de outros. 2M OCIO SL n\u00e3o garante a utilidade desses links, nem \u00e9 respons\u00e1vel pelo conte\u00fado ou servi\u00e7os que o usu\u00e1rio possa acessar por meio desses links, ou pelo bom funcionamento desses sites.<\/span><\/p><p class=\"p1\"><span class=\"s1\">A 2M OCIO SL n\u00e3o se responsabiliza por v\u00edrus ou outros programas de computador que se deteriorem ou que podem deteriorar os sistemas ou equipamentos de computadores dos usu\u00e1rios ao acessar seus sites ou outros sites que foram acessados \u200b\u200batrav\u00e9s de links neste site.<\/span><\/p><p class=\"p1\"><strong><span class=\"s1\">6.- USO DA TECNOLOGIA &#8220;COOKIE&#8221;<\/span><\/strong><\/p><p class=\"p1\"><span class=\"s1\">O site usa cookies, voc\u00ea pode consultar nossa Pol\u00edtica de Cookies, que respeita sempre a confidencialidade e privacidade dele.<\/span><\/p><p class=\"p1\"><strong><span class=\"s1\">7.- PROPRIEDADE INTELECTUAL E INDUSTRIAL<\/span><\/strong><\/p><p class=\"p1\"><span class=\"s1\">Eles s\u00e3o de propriedade da 2M OCIO SL, todos os direitos de propriedade industrial e intelectual da web, bem como o conte\u00fado que ela abriga. Qualquer uso do site ou de seu conte\u00fado deve ser exclusivamente privado.<\/span><\/p><p class=\"p1\"><span class=\"s1\">Est\u00e1 reservado exclusivamente para a 2M OCIO SL, qualquer outro uso que envolva c\u00f3pia, reprodu\u00e7\u00e3o, distribui\u00e7\u00e3o, transforma\u00e7\u00e3o, comunica\u00e7\u00e3o p\u00fablica ou qualquer outra a\u00e7\u00e3o semelhante, de todo ou parte do conte\u00fado da web, para que nenhum usu\u00e1rio possa realizar Essas a\u00e7\u00f5es sem a autoriza\u00e7\u00e3o pr\u00e9via por escrito da 2M OCIO SL.<\/span><\/p><p class=\"p1\"><strong><span class=\"s1\">8.- LEGISLA\u00c7\u00c3O APLIC\u00c1VEL E JURISDI\u00c7\u00c3O COMPETENTE<\/span><\/strong><\/p><p class=\"p1\"><span class=\"s1\">Este Aviso Legal ser\u00e1 interpretado e regido de acordo com a legisla\u00e7\u00e3o espanhola. A 2M OCIO SL e os usu\u00e1rios, renunciando expressamente a qualquer outra jurisdi\u00e7\u00e3o que lhes possa ser aplicada, submetem-se aos tribunais e tribunais do endere\u00e7o do usu\u00e1rio para qualquer disputa que possa surgir ao acessar ou usar o site. Caso o usu\u00e1rio tenha seu domic\u00edlio fora da Espanha, a 2M OCIO SL e o usu\u00e1rio submeter\u00e3o, renunciando expressamente a qualquer outra jurisdi\u00e7\u00e3o, aos tribunais e tribunais do domic\u00edlio de Madrid.<\/span><\/p><p class=\"p1\">\u00a0<\/p>\t\t\t\t\t\t\t\t<\/div>\n\t\t\t\t<\/div>\n\t\t\t\t\t<\/div>\n\t\t<\/div>\n\t\t\t\t\t<\/div>\n\t\t<\/section>\n\t\t\t\t<\/div>\n\t\t","protected":false},"excerpt":{"rendered":"<p>AVISO LEGAL Este Aviso Legal regula as condi\u00e7\u00f5es gerais de acesso e uso do site acess\u00edvel no endere\u00e7o wwwarquimedestechnology.es, que 2M OCIO SL, disponibiliza aos usu\u00e1rios da Internet. O uso do site implica na aceita\u00e7\u00e3o total e sem reservas de todas e quaisquer das disposi\u00e7\u00f5es inclu\u00eddas neste Aviso Legal. Consequentemente, o usu\u00e1rio do site deve &#8230; <a title=\"AVISO LEGAL\" class=\"read-more\" href=\"https:\/\/arquimedestechnology.com\/pt-pt\/aviso-legal\/\" aria-label=\"Leia mais sobre AVISO LEGAL\">Ler mais<\/a><\/p>\n","protected":false},"author":1,"featured_media":0,"parent":0,"menu_order":0,"comment_status":"closed","ping_status":"closed","template":"elementor_header_footer","meta":{"footnotes":""},"class_list":["post-5295","page","type-page","status-publish"],"yoast_head":"<!-- This site is optimized with the Yoast SEO plugin v27.4 - https:\/\/yoast.com\/product\/yoast-seo-wordpress\/ -->\n<title>AVISO LEGAL - Arqu\u00edmedes Technology<\/title>\n<meta name=\"robots\" content=\"noindex, follow\" \/>\n<meta property=\"og:locale\" content=\"pt_PT\" \/>\n<meta property=\"og:type\" content=\"article\" \/>\n<meta property=\"og:title\" content=\"AVISO LEGAL - Arqu\u00edmedes Technology\" \/>\n<meta property=\"og:description\" content=\"AVISO LEGAL Este Aviso Legal regula as condi\u00e7\u00f5es gerais de acesso e uso do site acess\u00edvel no endere\u00e7o wwwarquimedestechnology.es, que 2M OCIO SL, disponibiliza aos usu\u00e1rios da Internet. O uso do site implica na aceita\u00e7\u00e3o total e sem reservas de todas e quaisquer das disposi\u00e7\u00f5es inclu\u00eddas neste Aviso Legal. Consequentemente, o usu\u00e1rio do site deve ... Ler mais\" \/>\n<meta property=\"og:url\" content=\"https:\/\/arquimedestechnology.com\/pt-pt\/aviso-legal\/\" \/>\n<meta property=\"og:site_name\" content=\"Arqu\u00edmedes Technology\" \/>\n<meta property=\"article:modified_time\" content=\"2020-11-20T09:26:25+00:00\" \/>\n<meta name=\"twitter:card\" content=\"summary_large_image\" \/>\n<meta name=\"twitter:label1\" content=\"Tempo estimado de leitura\" \/>\n\t<meta name=\"twitter:data1\" content=\"5 minutos\" \/>\n<script type=\"application\/ld+json\" class=\"yoast-schema-graph\">{\"@context\":\"https:\\\/\\\/schema.org\",\"@graph\":[{\"@type\":\"WebPage\",\"@id\":\"https:\\\/\\\/arquimedestechnology.com\\\/pt-pt\\\/aviso-legal\\\/\",\"url\":\"https:\\\/\\\/arquimedestechnology.com\\\/pt-pt\\\/aviso-legal\\\/\",\"name\":\"AVISO LEGAL - Arqu\u00edmedes Technology\",\"isPartOf\":{\"@id\":\"https:\\\/\\\/arquimedestechnology.com\\\/#website\"},\"datePublished\":\"2018-07-27T10:01:23+00:00\",\"dateModified\":\"2020-11-20T09:26:25+00:00\",\"breadcrumb\":{\"@id\":\"https:\\\/\\\/arquimedestechnology.com\\\/pt-pt\\\/aviso-legal\\\/#breadcrumb\"},\"inLanguage\":\"pt-PT\",\"potentialAction\":[{\"@type\":\"ReadAction\",\"target\":[\"https:\\\/\\\/arquimedestechnology.com\\\/pt-pt\\\/aviso-legal\\\/\"]}]},{\"@type\":\"BreadcrumbList\",\"@id\":\"https:\\\/\\\/arquimedestechnology.com\\\/pt-pt\\\/aviso-legal\\\/#breadcrumb\",\"itemListElement\":[{\"@type\":\"ListItem\",\"position\":1,\"name\":\"Portada\",\"item\":\"https:\\\/\\\/arquimedestechnology.com\\\/pt-pt\\\/\"},{\"@type\":\"ListItem\",\"position\":2,\"name\":\"AVISO LEGAL\"}]},{\"@type\":\"WebSite\",\"@id\":\"https:\\\/\\\/arquimedestechnology.com\\\/#website\",\"url\":\"https:\\\/\\\/arquimedestechnology.com\\\/\",\"name\":\"Arqu\u00edmedes Technology\",\"description\":\"Soluci\u00f3n ecol\u00f3gica a los problemas de la cal\",\"publisher\":{\"@id\":\"https:\\\/\\\/arquimedestechnology.com\\\/#organization\"},\"potentialAction\":[{\"@type\":\"SearchAction\",\"target\":{\"@type\":\"EntryPoint\",\"urlTemplate\":\"https:\\\/\\\/arquimedestechnology.com\\\/?s={search_term_string}\"},\"query-input\":{\"@type\":\"PropertyValueSpecification\",\"valueRequired\":true,\"valueName\":\"search_term_string\"}}],\"inLanguage\":\"pt-PT\"},{\"@type\":\"Organization\",\"@id\":\"https:\\\/\\\/arquimedestechnology.com\\\/#organization\",\"name\":\"Arqu\u00edmedes Technology\",\"url\":\"https:\\\/\\\/arquimedestechnology.com\\\/\",\"logo\":{\"@type\":\"ImageObject\",\"inLanguage\":\"pt-PT\",\"@id\":\"https:\\\/\\\/arquimedestechnology.com\\\/#\\\/schema\\\/logo\\\/image\\\/\",\"url\":\"https:\\\/\\\/arquimedestechnology.com\\\/wp-content\\\/uploads\\\/cropped-logo2x1.png\",\"contentUrl\":\"https:\\\/\\\/arquimedestechnology.com\\\/wp-content\\\/uploads\\\/cropped-logo2x1.png\",\"width\":250,\"height\":134,\"caption\":\"Arqu\u00edmedes Technology\"},\"image\":{\"@id\":\"https:\\\/\\\/arquimedestechnology.com\\\/#\\\/schema\\\/logo\\\/image\\\/\"}}]}<\/script>\n<!-- \/ Yoast SEO plugin. -->","yoast_head_json":{"title":"AVISO LEGAL - Arqu\u00edmedes Technology","robots":{"index":"noindex","follow":"follow"},"og_locale":"pt_PT","og_type":"article","og_title":"AVISO LEGAL - Arqu\u00edmedes Technology","og_description":"AVISO LEGAL Este Aviso Legal regula as condi\u00e7\u00f5es gerais de acesso e uso do site acess\u00edvel no endere\u00e7o wwwarquimedestechnology.es, que 2M OCIO SL, disponibiliza aos usu\u00e1rios da Internet. O uso do site implica na aceita\u00e7\u00e3o total e sem reservas de todas e quaisquer das disposi\u00e7\u00f5es inclu\u00eddas neste Aviso Legal. Consequentemente, o usu\u00e1rio do site deve ... Ler mais","og_url":"https:\/\/arquimedestechnology.com\/pt-pt\/aviso-legal\/","og_site_name":"Arqu\u00edmedes Technology","article_modified_time":"2020-11-20T09:26:25+00:00","twitter_card":"summary_large_image","twitter_misc":{"Tempo estimado de leitura":"5 minutos"},"schema":{"@context":"https:\/\/schema.org","@graph":[{"@type":"WebPage","@id":"https:\/\/arquimedestechnology.com\/pt-pt\/aviso-legal\/","url":"https:\/\/arquimedestechnology.com\/pt-pt\/aviso-legal\/","name":"AVISO LEGAL - Arqu\u00edmedes Technology","isPartOf":{"@id":"https:\/\/arquimedestechnology.com\/#website"},"datePublished":"2018-07-27T10:01:23+00:00","dateModified":"2020-11-20T09:26:25+00:00","breadcrumb":{"@id":"https:\/\/arquimedestechnology.com\/pt-pt\/aviso-legal\/#breadcrumb"},"inLanguage":"pt-PT","potentialAction":[{"@type":"ReadAction","target":["https:\/\/arquimedestechnology.com\/pt-pt\/aviso-legal\/"]}]},{"@type":"BreadcrumbList","@id":"https:\/\/arquimedestechnology.com\/pt-pt\/aviso-legal\/#breadcrumb","itemListElement":[{"@type":"ListItem","position":1,"name":"Portada","item":"https:\/\/arquimedestechnology.com\/pt-pt\/"},{"@type":"ListItem","position":2,"name":"AVISO LEGAL"}]},{"@type":"WebSite","@id":"https:\/\/arquimedestechnology.com\/#website","url":"https:\/\/arquimedestechnology.com\/","name":"Arqu\u00edmedes Technology","description":"Soluci\u00f3n ecol\u00f3gica a los problemas de la cal","publisher":{"@id":"https:\/\/arquimedestechnology.com\/#organization"},"potentialAction":[{"@type":"SearchAction","target":{"@type":"EntryPoint","urlTemplate":"https:\/\/arquimedestechnology.com\/?s={search_term_string}"},"query-input":{"@type":"PropertyValueSpecification","valueRequired":true,"valueName":"search_term_string"}}],"inLanguage":"pt-PT"},{"@type":"Organization","@id":"https:\/\/arquimedestechnology.com\/#organization","name":"Arqu\u00edmedes Technology","url":"https:\/\/arquimedestechnology.com\/","logo":{"@type":"ImageObject","inLanguage":"pt-PT","@id":"https:\/\/arquimedestechnology.com\/#\/schema\/logo\/image\/","url":"https:\/\/arquimedestechnology.com\/wp-content\/uploads\/cropped-logo2x1.png","contentUrl":"https:\/\/arquimedestechnology.com\/wp-content\/uploads\/cropped-logo2x1.png","width":250,"height":134,"caption":"Arqu\u00edmedes Technology"},"image":{"@id":"https:\/\/arquimedestechnology.com\/#\/schema\/logo\/image\/"}}]}},"_links":{"self":[{"href":"https:\/\/arquimedestechnology.com\/pt-pt\/wp-json\/wp\/v2\/pages\/5295","targetHints":{"allow":["GET"]}}],"collection":[{"href":"https:\/\/arquimedestechnology.com\/pt-pt\/wp-json\/wp\/v2\/pages"}],"about":[{"href":"https:\/\/arquimedestechnology.com\/pt-pt\/wp-json\/wp\/v2\/types\/page"}],"author":[{"embeddable":true,"href":"https:\/\/arquimedestechnology.com\/pt-pt\/wp-json\/wp\/v2\/users\/1"}],"replies":[{"embeddable":true,"href":"https:\/\/arquimedestechnology.com\/pt-pt\/wp-json\/wp\/v2\/comments?post=5295"}],"version-history":[{"count":4,"href":"https:\/\/arquimedestechnology.com\/pt-pt\/wp-json\/wp\/v2\/pages\/5295\/revisions"}],"predecessor-version":[{"id":5305,"href":"https:\/\/arquimedestechnology.com\/pt-pt\/wp-json\/wp\/v2\/pages\/5295\/revisions\/5305"}],"wp:attachment":[{"href":"https:\/\/arquimedestechnology.com\/pt-pt\/wp-json\/wp\/v2\/media?parent=5295"}],"curies":[{"name":"wp","href":"https:\/\/api.w.org\/{rel}","templated":true}]}}