{"id":5298,"date":"2018-07-27T12:00:06","date_gmt":"2018-07-27T10:00:06","guid":{"rendered":"https:\/\/arquimedestechnology.com\/contacto\/"},"modified":"2020-11-20T11:16:33","modified_gmt":"2020-11-20T10:16:33","slug":"contato","status":"publish","type":"page","link":"https:\/\/arquimedestechnology.com\/pt-pt\/contato\/","title":{"rendered":"CONTATO"},"content":{"rendered":"\t\t<div data-elementor-type=\"wp-post\" data-elementor-id=\"5298\" class=\"elementor elementor-5298 elementor-bc-flex-widget\" data-elementor-post-type=\"page\">\n\t\t\t\t\t\t<section class=\"elementor-section elementor-top-section elementor-element elementor-element-204337f elementor-section-content-middle elementor-section-height-min-height elementor-section-full_width elementor-section-height-default elementor-section-items-middle\" data-id=\"204337f\" data-element_type=\"section\" data-e-type=\"section\" data-settings=\"{&quot;background_background&quot;:&quot;classic&quot;}\">\n\t\t\t\t\t\t\t<div class=\"elementor-background-overlay\"><\/div>\n\t\t\t\t\t\t\t<div class=\"elementor-container elementor-column-gap-no\">\n\t\t\t\t\t<div class=\"elementor-column elementor-col-50 elementor-top-column elementor-element elementor-element-2fb0afd3\" data-id=\"2fb0afd3\" data-element_type=\"column\" data-e-type=\"column\">\n\t\t\t<div class=\"elementor-widget-wrap\">\n\t\t\t\t\t\t\t<\/div>\n\t\t<\/div>\n\t\t\t\t<div class=\"elementor-column elementor-col-50 elementor-top-column elementor-element elementor-element-4f5d9b7f\" data-id=\"4f5d9b7f\" data-element_type=\"column\" data-e-type=\"column\" data-settings=\"{&quot;background_background&quot;:&quot;classic&quot;}\">\n\t\t\t<div class=\"elementor-widget-wrap elementor-element-populated\">\n\t\t\t\t\t<div class=\"elementor-background-overlay\"><\/div>\n\t\t\t\t\t\t<div class=\"elementor-element elementor-element-7c54f619 elementor-blockquote--skin-quotation elementor-blockquote--align-right elementor-widget elementor-widget-blockquote\" data-id=\"7c54f619\" data-element_type=\"widget\" data-e-type=\"widget\" data-widget_type=\"blockquote.default\">\n\t\t\t\t<div class=\"elementor-widget-container\">\n\t\t\t\t\t\t\t<blockquote class=\"elementor-blockquote\">\n\t\t\t<p class=\"elementor-blockquote__content\">\n\t\t\t\tNunca reconheceremos o valor da \u00e1gua at\u00e9 que o po\u00e7o esteja seco\n\t\t\t<\/p>\n\t\t\t\t\t\t\t<div class=\"e-q-footer\">\n\t\t\t\t\t\t\t\t\t\t\t<cite class=\"elementor-blockquote__author\">Thomas Fuller<\/cite>\n\t\t\t\t\t\t\t\t\t\t\t\t\t\t<\/div>\n\t\t\t\t\t<\/blockquote>\n\t\t\t\t\t\t<\/div>\n\t\t\t\t<\/div>\n\t\t\t\t\t<\/div>\n\t\t<\/div>\n\t\t\t\t\t<\/div>\n\t\t<\/section>\n\t\t\t\t<section class=\"elementor-section elementor-top-section elementor-element elementor-element-b2867 elementor-section-content-middle elementor-section-boxed elementor-section-height-default elementor-section-height-default\" data-id=\"b2867\" data-element_type=\"section\" data-e-type=\"section\">\n\t\t\t\t\t\t<div class=\"elementor-container elementor-column-gap-default\">\n\t\t\t\t\t<div class=\"elementor-column elementor-col-100 elementor-top-column elementor-element elementor-element-7b642891\" data-id=\"7b642891\" data-element_type=\"column\" data-e-type=\"column\">\n\t\t\t<div class=\"elementor-widget-wrap elementor-element-populated\">\n\t\t\t\t\t\t<section class=\"elementor-section elementor-inner-section elementor-element elementor-element-49bbade elementor-section-boxed elementor-section-height-default elementor-section-height-default\" data-id=\"49bbade\" data-element_type=\"section\" data-e-type=\"section\">\n\t\t\t\t\t\t<div class=\"elementor-container elementor-column-gap-default\">\n\t\t\t\t\t<div class=\"elementor-column elementor-col-50 elementor-inner-column elementor-element elementor-element-f5e66aa\" data-id=\"f5e66aa\" data-element_type=\"column\" data-e-type=\"column\">\n\t\t\t<div class=\"elementor-widget-wrap elementor-element-populated\">\n\t\t\t\t\t\t<div class=\"elementor-element elementor-element-73ec1357 elementor-widget-divider--view-line elementor-widget elementor-widget-divider\" data-id=\"73ec1357\" data-element_type=\"widget\" data-e-type=\"widget\" data-widget_type=\"divider.default\">\n\t\t\t\t<div class=\"elementor-widget-container\">\n\t\t\t\t\t\t\t<div class=\"elementor-divider\">\n\t\t\t<span class=\"elementor-divider-separator\">\n\t\t\t\t\t\t<\/span>\n\t\t<\/div>\n\t\t\t\t\t\t<\/div>\n\t\t\t\t<\/div>\n\t\t\t\t<div class=\"elementor-element elementor-element-75ba7837 elementor-widget elementor-widget-heading\" data-id=\"75ba7837\" data-element_type=\"widget\" data-e-type=\"widget\" data-widget_type=\"heading.default\">\n\t\t\t\t<div class=\"elementor-widget-container\">\n\t\t\t\t\t<h1 class=\"elementor-heading-title elementor-size-xl\"><b>CONTATE-NOS<\/b>\n<\/h1>\t\t\t\t<\/div>\n\t\t\t\t<\/div>\n\t\t\t\t<div class=\"elementor-element elementor-element-688736ca elementor-widget elementor-widget-heading\" data-id=\"688736ca\" data-element_type=\"widget\" data-e-type=\"widget\" data-widget_type=\"heading.default\">\n\t\t\t\t<div class=\"elementor-widget-container\">\n\t\t\t\t\t<h2 class=\"elementor-heading-title elementor-size-xl\">Se voc\u00ea estiver interessado em algum de nossos produtos, preencha este formul\u00e1rio\n<\/h2>\t\t\t\t<\/div>\n\t\t\t\t<\/div>\n\t\t\t\t<div class=\"elementor-element elementor-element-1f26b2c1 elementor-widget elementor-widget-text-editor\" data-id=\"1f26b2c1\" data-element_type=\"widget\" data-e-type=\"widget\" data-widget_type=\"text-editor.default\">\n\t\t\t\t<div class=\"elementor-widget-container\">\n\t\t\t\t\t\t\t\t\t<p>Se voc\u00ea quiser que o aconselhe pessoalmente, tamb\u00e9m pode entrar em contato conosco por telefone:<\/p><h3><strong>+34 91 388 76 15 \u00b7 + 34 609 09 89 03<\/strong><\/h3>\t\t\t\t\t\t\t\t<\/div>\n\t\t\t\t<\/div>\n\t\t\t\t\t<\/div>\n\t\t<\/div>\n\t\t\t\t<div class=\"elementor-column elementor-col-50 elementor-inner-column elementor-element elementor-element-e144604\" data-id=\"e144604\" data-element_type=\"column\" data-e-type=\"column\" data-settings=\"{&quot;background_background&quot;:&quot;classic&quot;}\">\n\t\t\t<div class=\"elementor-widget-wrap elementor-element-populated\">\n\t\t\t\t\t\t<div class=\"elementor-element elementor-element-bde55d5 elementor-button-align-stretch elementor-widget elementor-widget-form\" data-id=\"bde55d5\" data-element_type=\"widget\" data-e-type=\"widget\" data-settings=\"{&quot;step_next_label&quot;:&quot;Next&quot;,&quot;step_previous_label&quot;:&quot;Previous&quot;,&quot;button_width&quot;:&quot;100&quot;,&quot;step_type&quot;:&quot;number_text&quot;,&quot;step_icon_shape&quot;:&quot;circle&quot;}\" data-widget_type=\"form.default\">\n\t\t\t\t<div class=\"elementor-widget-container\">\n\t\t\t\t\t\t\t<form class=\"elementor-form\" method=\"post\" name=\"Contacto\" aria-label=\"Contacto\">\n\t\t\t<input type=\"hidden\" name=\"post_id\" value=\"5298\"\/>\n\t\t\t<input type=\"hidden\" name=\"form_id\" value=\"bde55d5\"\/>\n\t\t\t<input type=\"hidden\" name=\"referer_title\" value=\"CONTATO - Arqu\u00edmedes Technology\" \/>\n\n\t\t\t\t\t\t\t<input type=\"hidden\" name=\"queried_id\" value=\"5298\"\/>\n\t\t\t\n\t\t\t<div class=\"elementor-form-fields-wrapper elementor-labels-\">\n\t\t\t\t\t\t\t\t<div class=\"elementor-field-type-text elementor-field-group elementor-column elementor-field-group-name elementor-col-100 elementor-field-required\">\n\t\t\t\t\t\t\t\t\t\t\t\t<label for=\"form-field-name\" class=\"elementor-field-label elementor-screen-only\">\n\t\t\t\t\t\t\t\tNombre\t\t\t\t\t\t\t<\/label>\n\t\t\t\t\t\t\t\t\t\t\t\t\t\t<input size=\"1\" type=\"text\" name=\"form_fields[name]\" id=\"form-field-name\" class=\"elementor-field elementor-size-md  elementor-field-textual\" placeholder=\"Nome\" required=\"required\">\n\t\t\t\t\t\t\t\t\t\t\t<\/div>\n\t\t\t\t\t\t\t\t<div class=\"elementor-field-type-email elementor-field-group elementor-column elementor-field-group-d28406e elementor-col-100 elementor-field-required\">\n\t\t\t\t\t\t\t\t\t\t\t\t<label for=\"form-field-d28406e\" class=\"elementor-field-label elementor-screen-only\">\n\t\t\t\t\t\t\t\tEmail\t\t\t\t\t\t\t<\/label>\n\t\t\t\t\t\t\t\t\t\t\t\t\t\t<input size=\"1\" type=\"email\" name=\"form_fields[d28406e]\" id=\"form-field-d28406e\" class=\"elementor-field elementor-size-md  elementor-field-textual\" placeholder=\"Email\" required=\"required\">\n\t\t\t\t\t\t\t\t\t\t\t<\/div>\n\t\t\t\t\t\t\t\t<div class=\"elementor-field-type-textarea elementor-field-group elementor-column elementor-field-group-message elementor-col-100 elementor-field-required\">\n\t\t\t\t\t\t\t\t\t\t\t\t<label for=\"form-field-message\" class=\"elementor-field-label elementor-screen-only\">\n\t\t\t\t\t\t\t\tTexto\t\t\t\t\t\t\t<\/label>\n\t\t\t\t\t\t<textarea class=\"elementor-field-textual elementor-field  elementor-size-md\" name=\"form_fields[message]\" id=\"form-field-message\" rows=\"5\" placeholder=\"Consulta\" required=\"required\"><\/textarea>\t\t\t\t<\/div>\n\t\t\t\t\t\t\t\t<div class=\"elementor-field-type-checkbox elementor-field-group elementor-column elementor-field-group-e8b93b8 elementor-col-100\">\n\t\t\t\t\t\t\t\t\t\t\t\t<label for=\"form-field-e8b93b8\" class=\"elementor-field-label elementor-screen-only\">\n\t\t\t\t\t\t\t\tCheckbox\t\t\t\t\t\t\t<\/label>\n\t\t\t\t\t\t<div class=\"elementor-field-subgroup  \"><span class=\"elementor-field-option\"><input type=\"checkbox\" value=\"Concordo em receber informa\u00e7\u00f5es comerciais, inclusive por e-mail.\" id=\"form-field-e8b93b8-0\" name=\"form_fields[e8b93b8]\"> <label for=\"form-field-e8b93b8-0\">Concordo em receber informa\u00e7\u00f5es comerciais, inclusive por e-mail.<\/label><\/span><\/div>\t\t\t\t<\/div>\n\t\t\t\t\t\t\t\t<div class=\"elementor-field-type-acceptance elementor-field-group elementor-column elementor-field-group-0b1a2ed elementor-col-100 elementor-field-required\">\n\t\t\t\t\t\t\t\t\t\t\t\t<label for=\"form-field-0b1a2ed\" class=\"elementor-field-label elementor-screen-only\">\n\t\t\t\t\t\t\t\tAceptaci\u00f3n\t\t\t\t\t\t\t<\/label>\n\t\t\t\t\t\t\t\t<div class=\"elementor-field-subgroup\">\n\t\t\t<span class=\"elementor-field-option\">\n\t\t\t\t<input type=\"checkbox\" name=\"form_fields[0b1a2ed]\" id=\"form-field-0b1a2ed\" class=\"elementor-field elementor-size-md  elementor-acceptance-field\" required=\"required\">\n\t\t\t\t<label for=\"form-field-0b1a2ed\">\u00a0Eu li e aceito a <a href=\"https:\/\/arquimedestechnology.com\/pt-pt\/politica-de-privacidade\/\" target=\"_blank\">Pol\u00edtica de Privacidade<\/a>.<\/label>\t\t\t<\/span>\n\t\t<\/div>\n\t\t\t\t\t\t<\/div>\n\t\t\t\t\t\t\t\t<div class=\"elementor-field-group elementor-column elementor-field-type-submit elementor-col-100 e-form__buttons\">\n\t\t\t\t\t<button class=\"elementor-button elementor-size-md\" type=\"submit\">\n\t\t\t\t\t\t<span class=\"elementor-button-content-wrapper\">\n\t\t\t\t\t\t\t\t\t\t\t\t\t\t\t\t\t\t\t\t\t\t<span class=\"elementor-button-text\">ENVIAR<\/span>\n\t\t\t\t\t\t\t\t\t\t\t\t\t<\/span>\n\t\t\t\t\t<\/button>\n\t\t\t\t<\/div>\n\t\t\t<\/div>\n\t\t<\/form>\n\t\t\t\t\t\t<\/div>\n\t\t\t\t<\/div>\n\t\t\t\t<div class=\"elementor-element elementor-element-5c402cd elementor-widget elementor-widget-toggle\" data-id=\"5c402cd\" data-element_type=\"widget\" data-e-type=\"widget\" data-widget_type=\"toggle.default\">\n\t\t\t\t<div class=\"elementor-widget-container\">\n\t\t\t\t\t\t\t<div class=\"elementor-toggle\">\n\t\t\t\t\t\t\t<div class=\"elementor-toggle-item\">\n\t\t\t\t\t<div id=\"elementor-tab-title-9671\" class=\"elementor-tab-title\" data-tab=\"1\" role=\"button\" aria-controls=\"elementor-tab-content-9671\" aria-expanded=\"false\">\n\t\t\t\t\t\t\t\t\t\t\t\t<span class=\"elementor-toggle-icon elementor-toggle-icon-left\" aria-hidden=\"true\">\n\t\t\t\t\t\t\t\t\t\t\t\t\t\t\t<span class=\"elementor-toggle-icon-closed\"><i class=\"far fa-question-circle\"><\/i><\/span>\n\t\t\t\t\t\t\t\t<span class=\"elementor-toggle-icon-opened\"><i class=\"elementor-toggle-icon-opened fas fa-caret-up\"><\/i><\/span>\n\t\t\t\t\t\t\t\t\t\t\t\t\t<\/span>\n\t\t\t\t\t\t\t\t\t\t\t\t<a class=\"elementor-toggle-title\" tabindex=\"0\">Antes de enviar o formul\u00e1rio, voc\u00ea deve ler as informa\u00e7\u00f5es b\u00e1sicas sobre prote\u00e7\u00e3o de dados aqui.<\/a>\n\t\t\t\t\t<\/div>\n\n\t\t\t\t\t<div id=\"elementor-tab-content-9671\" class=\"elementor-tab-content elementor-clearfix\" data-tab=\"1\" role=\"region\" aria-labelledby=\"elementor-tab-title-9671\"><p class=\"p1\"><span class=\"s1\">Informa\u00e7\u00f5es b\u00e1sicas sobre prote\u00e7\u00e3o de dados:<\/span><\/p><ul><li class=\"p1\"><span class=\"s1\"><strong>Respons\u00e1vel<\/strong>: 2M OCIO S.L.<\/span><\/li><li class=\"p1\"><span class=\"s1\"><strong>Objetivo<\/strong>: responda sua pergunta e envie informa\u00e7\u00f5es \u00fateis sobre nossos servi\u00e7os.<\/span><\/li><li class=\"p1\"><span class=\"s1\"><strong>Legitima\u00e7\u00e3o<\/strong>: seu consentimento atrav\u00e9s deste formul\u00e1rio.<\/span><\/li><li class=\"p1\"><span class=\"s1\"><strong>Destinat\u00e1rios<\/strong>: N\u00e3o planejamos transferir seus dados para terceiros, exceto por obriga\u00e7\u00e3o legal.<\/span><\/li><li class=\"p1\"><span class=\"s1\"><strong>Direitos<\/strong>: voc\u00ea tem o direito de acessar, retificar, excluir, portabilidade e oposi\u00e7\u00e3o aos seus dados. As informa\u00e7\u00f5es de contato ser\u00e3o armazenadas em nossos servidores e no Mailchimp, nosso provedor de correio.<\/span><\/li><li class=\"p1\"><span class=\"s1\"><strong>Informa\u00e7\u00f5es adicionais<\/strong>: voc\u00ea pode consultar informa\u00e7\u00f5es adicionais e detalhadas sobre prote\u00e7\u00e3o de dados no link na parte inferior desta p\u00e1gina.<\/span><\/li><\/ul><\/div>\n\t\t\t\t<\/div>\n\t\t\t\t\t\t\t\t<\/div>\n\t\t\t\t\t\t<\/div>\n\t\t\t\t<\/div>\n\t\t\t\t\t<\/div>\n\t\t<\/div>\n\t\t\t\t\t<\/div>\n\t\t<\/section>\n\t\t\t\t\t<\/div>\n\t\t<\/div>\n\t\t\t\t\t<\/div>\n\t\t<\/section>\n\t\t\t\t<\/div>\n\t\t","protected":false},"excerpt":{"rendered":"<p>Nunca reconheceremos o valor da \u00e1gua at\u00e9 que o po\u00e7o esteja seco Thomas Fuller CONTATE-NOS Se voc\u00ea estiver interessado em algum de nossos produtos, preencha este formul\u00e1rio Se voc\u00ea quiser que o aconselhe pessoalmente, tamb\u00e9m pode entrar em contato conosco por telefone: +34 91 388 76 15 \u00b7 + 34 609 09 89 03 Antes &#8230; <a title=\"CONTATO\" class=\"read-more\" href=\"https:\/\/arquimedestechnology.com\/pt-pt\/contato\/\" aria-label=\"Leia mais sobre CONTATO\">Ler mais<\/a><\/p>\n","protected":false},"author":1,"featured_media":0,"parent":0,"menu_order":0,"comment_status":"closed","ping_status":"closed","template":"","meta":{"footnotes":""},"class_list":["post-5298","page","type-page","status-publish"],"yoast_head":"<!-- This site is optimized with the Yoast SEO plugin v27.3 - https:\/\/yoast.com\/product\/yoast-seo-wordpress\/ -->\n<title>CONTATO - Arqu\u00edmedes Technology<\/title>\n<meta name=\"description\" content=\"Arqu\u00edmedes Technology - CONTATO\" \/>\n<meta name=\"robots\" content=\"index, follow, max-snippet:-1, max-image-preview:large, max-video-preview:-1\" \/>\n<link rel=\"canonical\" href=\"https:\/\/arquimedestechnology.com\/pt-pt\/contato\/\" \/>\n<meta property=\"og:locale\" content=\"pt_PT\" \/>\n<meta property=\"og:type\" content=\"article\" \/>\n<meta property=\"og:title\" content=\"CONTATO - Arqu\u00edmedes Technology\" \/>\n<meta property=\"og:description\" content=\"Arqu\u00edmedes Technology - CONTATO\" \/>\n<meta property=\"og:url\" content=\"https:\/\/arquimedestechnology.com\/pt-pt\/contato\/\" \/>\n<meta property=\"og:site_name\" content=\"Arqu\u00edmedes Technology\" \/>\n<meta property=\"article:modified_time\" content=\"2020-11-20T10:16:33+00:00\" \/>\n<meta name=\"twitter:card\" content=\"summary_large_image\" \/>\n<meta name=\"twitter:label1\" content=\"Tempo estimado de leitura\" \/>\n\t<meta name=\"twitter:data1\" content=\"1 minuto\" \/>\n<script type=\"application\/ld+json\" class=\"yoast-schema-graph\">{\"@context\":\"https:\\\/\\\/schema.org\",\"@graph\":[{\"@type\":\"WebPage\",\"@id\":\"https:\\\/\\\/arquimedestechnology.com\\\/pt-pt\\\/contato\\\/\",\"url\":\"https:\\\/\\\/arquimedestechnology.com\\\/pt-pt\\\/contato\\\/\",\"name\":\"CONTATO - Arqu\u00edmedes Technology\",\"isPartOf\":{\"@id\":\"https:\\\/\\\/arquimedestechnology.com\\\/#website\"},\"datePublished\":\"2018-07-27T10:00:06+00:00\",\"dateModified\":\"2020-11-20T10:16:33+00:00\",\"description\":\"Arqu\u00edmedes Technology - CONTATO\",\"breadcrumb\":{\"@id\":\"https:\\\/\\\/arquimedestechnology.com\\\/pt-pt\\\/contato\\\/#breadcrumb\"},\"inLanguage\":\"pt-PT\",\"potentialAction\":[{\"@type\":\"ReadAction\",\"target\":[\"https:\\\/\\\/arquimedestechnology.com\\\/pt-pt\\\/contato\\\/\"]}]},{\"@type\":\"BreadcrumbList\",\"@id\":\"https:\\\/\\\/arquimedestechnology.com\\\/pt-pt\\\/contato\\\/#breadcrumb\",\"itemListElement\":[{\"@type\":\"ListItem\",\"position\":1,\"name\":\"Portada\",\"item\":\"https:\\\/\\\/arquimedestechnology.com\\\/pt-pt\\\/\"},{\"@type\":\"ListItem\",\"position\":2,\"name\":\"CONTATO\"}]},{\"@type\":\"WebSite\",\"@id\":\"https:\\\/\\\/arquimedestechnology.com\\\/#website\",\"url\":\"https:\\\/\\\/arquimedestechnology.com\\\/\",\"name\":\"Arqu\u00edmedes Technology\",\"description\":\"Soluci\u00f3n ecol\u00f3gica a los problemas de la cal\",\"publisher\":{\"@id\":\"https:\\\/\\\/arquimedestechnology.com\\\/#organization\"},\"potentialAction\":[{\"@type\":\"SearchAction\",\"target\":{\"@type\":\"EntryPoint\",\"urlTemplate\":\"https:\\\/\\\/arquimedestechnology.com\\\/?s={search_term_string}\"},\"query-input\":{\"@type\":\"PropertyValueSpecification\",\"valueRequired\":true,\"valueName\":\"search_term_string\"}}],\"inLanguage\":\"pt-PT\"},{\"@type\":\"Organization\",\"@id\":\"https:\\\/\\\/arquimedestechnology.com\\\/#organization\",\"name\":\"Arqu\u00edmedes Technology\",\"url\":\"https:\\\/\\\/arquimedestechnology.com\\\/\",\"logo\":{\"@type\":\"ImageObject\",\"inLanguage\":\"pt-PT\",\"@id\":\"https:\\\/\\\/arquimedestechnology.com\\\/#\\\/schema\\\/logo\\\/image\\\/\",\"url\":\"https:\\\/\\\/arquimedestechnology.com\\\/wp-content\\\/uploads\\\/cropped-logo2x1.png\",\"contentUrl\":\"https:\\\/\\\/arquimedestechnology.com\\\/wp-content\\\/uploads\\\/cropped-logo2x1.png\",\"width\":250,\"height\":134,\"caption\":\"Arqu\u00edmedes Technology\"},\"image\":{\"@id\":\"https:\\\/\\\/arquimedestechnology.com\\\/#\\\/schema\\\/logo\\\/image\\\/\"}}]}<\/script>\n<!-- \/ Yoast SEO plugin. -->","yoast_head_json":{"title":"CONTATO - Arqu\u00edmedes Technology","description":"Arqu\u00edmedes Technology - CONTATO","robots":{"index":"index","follow":"follow","max-snippet":"max-snippet:-1","max-image-preview":"max-image-preview:large","max-video-preview":"max-video-preview:-1"},"canonical":"https:\/\/arquimedestechnology.com\/pt-pt\/contato\/","og_locale":"pt_PT","og_type":"article","og_title":"CONTATO - Arqu\u00edmedes Technology","og_description":"Arqu\u00edmedes Technology - CONTATO","og_url":"https:\/\/arquimedestechnology.com\/pt-pt\/contato\/","og_site_name":"Arqu\u00edmedes Technology","article_modified_time":"2020-11-20T10:16:33+00:00","twitter_card":"summary_large_image","twitter_misc":{"Tempo estimado de leitura":"1 minuto"},"schema":{"@context":"https:\/\/schema.org","@graph":[{"@type":"WebPage","@id":"https:\/\/arquimedestechnology.com\/pt-pt\/contato\/","url":"https:\/\/arquimedestechnology.com\/pt-pt\/contato\/","name":"CONTATO - Arqu\u00edmedes Technology","isPartOf":{"@id":"https:\/\/arquimedestechnology.com\/#website"},"datePublished":"2018-07-27T10:00:06+00:00","dateModified":"2020-11-20T10:16:33+00:00","description":"Arqu\u00edmedes Technology - CONTATO","breadcrumb":{"@id":"https:\/\/arquimedestechnology.com\/pt-pt\/contato\/#breadcrumb"},"inLanguage":"pt-PT","potentialAction":[{"@type":"ReadAction","target":["https:\/\/arquimedestechnology.com\/pt-pt\/contato\/"]}]},{"@type":"BreadcrumbList","@id":"https:\/\/arquimedestechnology.com\/pt-pt\/contato\/#breadcrumb","itemListElement":[{"@type":"ListItem","position":1,"name":"Portada","item":"https:\/\/arquimedestechnology.com\/pt-pt\/"},{"@type":"ListItem","position":2,"name":"CONTATO"}]},{"@type":"WebSite","@id":"https:\/\/arquimedestechnology.com\/#website","url":"https:\/\/arquimedestechnology.com\/","name":"Arqu\u00edmedes Technology","description":"Soluci\u00f3n ecol\u00f3gica a los problemas de la cal","publisher":{"@id":"https:\/\/arquimedestechnology.com\/#organization"},"potentialAction":[{"@type":"SearchAction","target":{"@type":"EntryPoint","urlTemplate":"https:\/\/arquimedestechnology.com\/?s={search_term_string}"},"query-input":{"@type":"PropertyValueSpecification","valueRequired":true,"valueName":"search_term_string"}}],"inLanguage":"pt-PT"},{"@type":"Organization","@id":"https:\/\/arquimedestechnology.com\/#organization","name":"Arqu\u00edmedes Technology","url":"https:\/\/arquimedestechnology.com\/","logo":{"@type":"ImageObject","inLanguage":"pt-PT","@id":"https:\/\/arquimedestechnology.com\/#\/schema\/logo\/image\/","url":"https:\/\/arquimedestechnology.com\/wp-content\/uploads\/cropped-logo2x1.png","contentUrl":"https:\/\/arquimedestechnology.com\/wp-content\/uploads\/cropped-logo2x1.png","width":250,"height":134,"caption":"Arqu\u00edmedes Technology"},"image":{"@id":"https:\/\/arquimedestechnology.com\/#\/schema\/logo\/image\/"}}]}},"_links":{"self":[{"href":"https:\/\/arquimedestechnology.com\/pt-pt\/wp-json\/wp\/v2\/pages\/5298","targetHints":{"allow":["GET"]}}],"collection":[{"href":"https:\/\/arquimedestechnology.com\/pt-pt\/wp-json\/wp\/v2\/pages"}],"about":[{"href":"https:\/\/arquimedestechnology.com\/pt-pt\/wp-json\/wp\/v2\/types\/page"}],"author":[{"embeddable":true,"href":"https:\/\/arquimedestechnology.com\/pt-pt\/wp-json\/wp\/v2\/users\/1"}],"replies":[{"embeddable":true,"href":"https:\/\/arquimedestechnology.com\/pt-pt\/wp-json\/wp\/v2\/comments?post=5298"}],"version-history":[{"count":13,"href":"https:\/\/arquimedestechnology.com\/pt-pt\/wp-json\/wp\/v2\/pages\/5298\/revisions"}],"predecessor-version":[{"id":5402,"href":"https:\/\/arquimedestechnology.com\/pt-pt\/wp-json\/wp\/v2\/pages\/5298\/revisions\/5402"}],"wp:attachment":[{"href":"https:\/\/arquimedestechnology.com\/pt-pt\/wp-json\/wp\/v2\/media?parent=5298"}],"curies":[{"name":"wp","href":"https:\/\/api.w.org\/{rel}","templated":true}]}}