{"id":5315,"date":"2018-11-08T14:04:25","date_gmt":"2018-11-08T13:04:25","guid":{"rendered":"https:\/\/arquimedestechnology.com\/produtos\/serie-grandes-consumos\/"},"modified":"2020-11-20T11:05:06","modified_gmt":"2020-11-20T10:05:06","slug":"series-grandes-consumos","status":"publish","type":"page","link":"https:\/\/arquimedestechnology.com\/pt-pt\/produtos\/series-grandes-consumos\/","title":{"rendered":"S\u00c9RIES GRANDES CONSUMOS"},"content":{"rendered":"\t\t<div data-elementor-type=\"wp-post\" data-elementor-id=\"5315\" class=\"elementor elementor-5315\" data-elementor-post-type=\"page\">\n\t\t\t\t\t\t<section class=\"elementor-section elementor-top-section elementor-element elementor-element-6c1d797b elementor-section-content-middle elementor-section-boxed elementor-section-height-default elementor-section-height-default\" data-id=\"6c1d797b\" data-element_type=\"section\" data-e-type=\"section\">\n\t\t\t\t\t\t<div class=\"elementor-container elementor-column-gap-default\">\n\t\t\t\t\t<div class=\"elementor-column elementor-col-100 elementor-top-column elementor-element elementor-element-34284f26\" data-id=\"34284f26\" data-element_type=\"column\" data-e-type=\"column\">\n\t\t\t<div class=\"elementor-widget-wrap elementor-element-populated\">\n\t\t\t\t\t\t<div class=\"elementor-element elementor-element-25c0bd34 elementor-widget-divider--view-line elementor-widget elementor-widget-divider\" data-id=\"25c0bd34\" data-element_type=\"widget\" data-e-type=\"widget\" data-widget_type=\"divider.default\">\n\t\t\t\t<div class=\"elementor-widget-container\">\n\t\t\t\t\t\t\t<div class=\"elementor-divider\">\n\t\t\t<span class=\"elementor-divider-separator\">\n\t\t\t\t\t\t<\/span>\n\t\t<\/div>\n\t\t\t\t\t\t<\/div>\n\t\t\t\t<\/div>\n\t\t\t\t<div class=\"elementor-element elementor-element-29d2e0c8 elementor-widget elementor-widget-heading\" data-id=\"29d2e0c8\" data-element_type=\"widget\" data-e-type=\"widget\" data-widget_type=\"heading.default\">\n\t\t\t\t<div class=\"elementor-widget-container\">\n\t\t\t\t\t<h1 class=\"elementor-heading-title elementor-size-xl\">S\u00c9RIES <b>GRANDES CONSUMOS<\/b>\n<\/h1>\t\t\t\t<\/div>\n\t\t\t\t<\/div>\n\t\t\t\t<div class=\"elementor-element elementor-element-6f0710c7 elementor-widget elementor-widget-heading\" data-id=\"6f0710c7\" data-element_type=\"widget\" data-e-type=\"widget\" data-widget_type=\"heading.default\">\n\t\t\t\t<div class=\"elementor-widget-container\">\n\t\t\t\t\t<h2 class=\"elementor-heading-title elementor-size-xl\">GAMA EUR\u00c9KAL CAL DESINCRUSTER\n<\/h2>\t\t\t\t<\/div>\n\t\t\t\t<\/div>\n\t\t\t\t\t<\/div>\n\t\t<\/div>\n\t\t\t\t\t<\/div>\n\t\t<\/section>\n\t\t\t\t<section class=\"elementor-section elementor-top-section elementor-element elementor-element-7d6fa373 elementor-section-boxed elementor-section-height-default elementor-section-height-default\" data-id=\"7d6fa373\" data-element_type=\"section\" data-e-type=\"section\" data-settings=\"{&quot;background_background&quot;:&quot;gradient&quot;}\">\n\t\t\t\t\t\t<div class=\"elementor-container elementor-column-gap-default\">\n\t\t\t\t\t<div class=\"elementor-column elementor-col-50 elementor-top-column elementor-element elementor-element-188946fd\" data-id=\"188946fd\" data-element_type=\"column\" data-e-type=\"column\">\n\t\t\t<div class=\"elementor-widget-wrap elementor-element-populated\">\n\t\t\t\t\t\t<div class=\"elementor-element elementor-element-5962851b elementor-widget elementor-widget-image\" data-id=\"5962851b\" data-element_type=\"widget\" data-e-type=\"widget\" data-widget_type=\"image.default\">\n\t\t\t\t<div class=\"elementor-widget-container\">\n\t\t\t\t\t\t\t\t\t\t\t\t\t\t\t<img fetchpriority=\"high\" decoding=\"async\" width=\"300\" height=\"269\" src=\"https:\/\/arquimedestechnology.com\/wp-content\/uploads\/e-600.png\" class=\"attachment-large size-large wp-image-4319\" alt=\"\" \/>\t\t\t\t\t\t\t\t\t\t\t\t\t\t\t<\/div>\n\t\t\t\t<\/div>\n\t\t\t\t\t<\/div>\n\t\t<\/div>\n\t\t\t\t<div class=\"elementor-column elementor-col-50 elementor-top-column elementor-element elementor-element-2a70c75a\" data-id=\"2a70c75a\" data-element_type=\"column\" data-e-type=\"column\" data-settings=\"{&quot;background_background&quot;:&quot;classic&quot;}\">\n\t\t\t<div class=\"elementor-widget-wrap elementor-element-populated\">\n\t\t\t\t\t\t<div class=\"elementor-element elementor-element-3c6d271f elementor-widget elementor-widget-heading\" data-id=\"3c6d271f\" data-element_type=\"widget\" data-e-type=\"widget\" data-widget_type=\"heading.default\">\n\t\t\t\t<div class=\"elementor-widget-container\">\n\t\t\t\t\t<h2 class=\"elementor-heading-title elementor-size-xl\">e-600, E-800, E-1000, E-2000<\/h2>\t\t\t\t<\/div>\n\t\t\t\t<\/div>\n\t\t\t\t<div class=\"elementor-element elementor-element-756f505a elementor-widget elementor-widget-text-editor\" data-id=\"756f505a\" data-element_type=\"widget\" data-e-type=\"widget\" data-widget_type=\"text-editor.default\">\n\t\t\t\t<div class=\"elementor-widget-container\">\n\t\t\t\t\t\t\t\t\t<p class=\"p1\"><span class=\"s1\">Gama dedicada a instala\u00e7\u00f5es com grande consumo de \u00e1gua, como:<\/span><\/p>\t\t\t\t\t\t\t\t<\/div>\n\t\t\t\t<\/div>\n\t\t\t\t<div class=\"elementor-element elementor-element-148b6657 elementor-icon-list--layout-traditional elementor-list-item-link-full_width elementor-widget elementor-widget-icon-list\" data-id=\"148b6657\" data-element_type=\"widget\" data-e-type=\"widget\" data-widget_type=\"icon-list.default\">\n\t\t\t\t<div class=\"elementor-widget-container\">\n\t\t\t\t\t\t\t<ul class=\"elementor-icon-list-items\">\n\t\t\t\t\t\t\t<li class=\"elementor-icon-list-item\">\n\t\t\t\t\t\t\t\t\t\t\t<span class=\"elementor-icon-list-icon\">\n\t\t\t\t\t\t\t<i aria-hidden=\"true\" class=\"fas fa-check\"><\/i>\t\t\t\t\t\t<\/span>\n\t\t\t\t\t\t\t\t\t\t<span class=\"elementor-icon-list-text\">Tratamento Municipal de \u00c1gua <\/span>\n\t\t\t\t\t\t\t\t\t<\/li>\n\t\t\t\t\t\t\t\t<li class=\"elementor-icon-list-item\">\n\t\t\t\t\t\t\t\t\t\t\t<span class=\"elementor-icon-list-icon\">\n\t\t\t\t\t\t\t<i aria-hidden=\"true\" class=\"fas fa-check\"><\/i>\t\t\t\t\t\t<\/span>\n\t\t\t\t\t\t\t\t\t\t<span class=\"elementor-icon-list-text\"> Ind\u00fastria <\/span>\n\t\t\t\t\t\t\t\t\t<\/li>\n\t\t\t\t\t\t\t\t<li class=\"elementor-icon-list-item\">\n\t\t\t\t\t\t\t\t\t\t\t<span class=\"elementor-icon-list-icon\">\n\t\t\t\t\t\t\t<i aria-hidden=\"true\" class=\"fas fa-check\"><\/i>\t\t\t\t\t\t<\/span>\n\t\t\t\t\t\t\t\t\t\t<span class=\"elementor-icon-list-text\">Agricultura<\/span>\n\t\t\t\t\t\t\t\t\t<\/li>\n\t\t\t\t\t\t<\/ul>\n\t\t\t\t\t\t<\/div>\n\t\t\t\t<\/div>\n\t\t\t\t\t<\/div>\n\t\t<\/div>\n\t\t\t\t\t<\/div>\n\t\t<\/section>\n\t\t\t\t<section class=\"elementor-section elementor-top-section elementor-element elementor-element-4cb806a elementor-section-boxed elementor-section-height-default elementor-section-height-default\" data-id=\"4cb806a\" data-element_type=\"section\" data-e-type=\"section\">\n\t\t\t\t\t\t<div class=\"elementor-container elementor-column-gap-default\">\n\t\t\t\t\t<div class=\"elementor-column elementor-col-100 elementor-top-column elementor-element elementor-element-fa649cf\" data-id=\"fa649cf\" data-element_type=\"column\" data-e-type=\"column\">\n\t\t\t<div class=\"elementor-widget-wrap elementor-element-populated\">\n\t\t\t\t\t\t<div class=\"elementor-element elementor-element-530adf5 elementor-align-center elementor-widget elementor-widget-button\" data-id=\"530adf5\" data-element_type=\"widget\" data-e-type=\"widget\" data-widget_type=\"button.default\">\n\t\t\t\t<div class=\"elementor-widget-container\">\n\t\t\t\t\t\t\t\t\t<div class=\"elementor-button-wrapper\">\n\t\t\t\t\t<a class=\"elementor-button elementor-button-link elementor-size-xl\" href=\"https:\/\/arquimedestechnology.com\/wp-content\/uploads\/COMPARATIVA-MODELOS.jpg\" target=\"_blank\">\n\t\t\t\t\t\t<span class=\"elementor-button-content-wrapper\">\n\t\t\t\t\t\t<span class=\"elementor-button-icon\">\n\t\t\t\t<i aria-hidden=\"true\" class=\"fas fa-table\"><\/i>\t\t\t<\/span>\n\t\t\t\t\t\t\t\t\t<span class=\"elementor-button-text\">Tabela comparativa<\/span>\n\t\t\t\t\t<\/span>\n\t\t\t\t\t<\/a>\n\t\t\t\t<\/div>\n\t\t\t\t\t\t\t\t<\/div>\n\t\t\t\t<\/div>\n\t\t\t\t\t<\/div>\n\t\t<\/div>\n\t\t\t\t\t<\/div>\n\t\t<\/section>\n\t\t\t\t<\/div>\n\t\t","protected":false},"excerpt":{"rendered":"<p>S\u00c9RIES GRANDES CONSUMOS GAMA EUR\u00c9KAL CAL DESINCRUSTER e-600, E-800, E-1000, E-2000 Gama dedicada a instala\u00e7\u00f5es com grande consumo de \u00e1gua, como: Tratamento Municipal de \u00c1gua Ind\u00fastria Agricultura Tabela comparativa<\/p>\n","protected":false},"author":1,"featured_media":0,"parent":5231,"menu_order":0,"comment_status":"closed","ping_status":"closed","template":"elementor_header_footer","meta":{"footnotes":""},"class_list":["post-5315","page","type-page","status-publish"],"yoast_head":"<!-- This site is optimized with the Yoast SEO plugin v27.4 - https:\/\/yoast.com\/product\/yoast-seo-wordpress\/ -->\n<title>S\u00c9RIES GRANDES CONSUMOS - Arqu\u00edmedes Technology<\/title>\n<meta name=\"robots\" content=\"index, follow, max-snippet:-1, max-image-preview:large, max-video-preview:-1\" \/>\n<link rel=\"canonical\" href=\"https:\/\/arquimedestechnology.com\/pt-pt\/produtos\/series-grandes-consumos\/\" \/>\n<meta property=\"og:locale\" content=\"pt_PT\" \/>\n<meta property=\"og:type\" content=\"article\" \/>\n<meta property=\"og:title\" content=\"S\u00c9RIES GRANDES CONSUMOS - Arqu\u00edmedes Technology\" \/>\n<meta property=\"og:description\" content=\"S\u00c9RIES GRANDES CONSUMOS GAMA EUR\u00c9KAL CAL DESINCRUSTER e-600, E-800, E-1000, E-2000 Gama dedicada a instala\u00e7\u00f5es com grande consumo de \u00e1gua, como: Tratamento Municipal de \u00c1gua Ind\u00fastria Agricultura Tabela comparativa\" \/>\n<meta property=\"og:url\" content=\"https:\/\/arquimedestechnology.com\/pt-pt\/produtos\/series-grandes-consumos\/\" \/>\n<meta property=\"og:site_name\" content=\"Arqu\u00edmedes Technology\" \/>\n<meta property=\"article:modified_time\" content=\"2020-11-20T10:05:06+00:00\" \/>\n<meta property=\"og:image\" content=\"https:\/\/arquimedestechnology.com\/wp-content\/uploads\/e-600.png\" \/>\n<meta name=\"twitter:card\" content=\"summary_large_image\" \/>\n<script type=\"application\/ld+json\" class=\"yoast-schema-graph\">{\"@context\":\"https:\\\/\\\/schema.org\",\"@graph\":[{\"@type\":\"WebPage\",\"@id\":\"https:\\\/\\\/arquimedestechnology.com\\\/pt-pt\\\/produtos\\\/series-grandes-consumos\\\/\",\"url\":\"https:\\\/\\\/arquimedestechnology.com\\\/pt-pt\\\/produtos\\\/series-grandes-consumos\\\/\",\"name\":\"S\u00c9RIES GRANDES CONSUMOS - Arqu\u00edmedes Technology\",\"isPartOf\":{\"@id\":\"https:\\\/\\\/arquimedestechnology.com\\\/#website\"},\"primaryImageOfPage\":{\"@id\":\"https:\\\/\\\/arquimedestechnology.com\\\/pt-pt\\\/produtos\\\/series-grandes-consumos\\\/#primaryimage\"},\"image\":{\"@id\":\"https:\\\/\\\/arquimedestechnology.com\\\/pt-pt\\\/produtos\\\/series-grandes-consumos\\\/#primaryimage\"},\"thumbnailUrl\":\"https:\\\/\\\/arquimedestechnology.com\\\/wp-content\\\/uploads\\\/e-600.png\",\"datePublished\":\"2018-11-08T13:04:25+00:00\",\"dateModified\":\"2020-11-20T10:05:06+00:00\",\"breadcrumb\":{\"@id\":\"https:\\\/\\\/arquimedestechnology.com\\\/pt-pt\\\/produtos\\\/series-grandes-consumos\\\/#breadcrumb\"},\"inLanguage\":\"pt-PT\",\"potentialAction\":[{\"@type\":\"ReadAction\",\"target\":[\"https:\\\/\\\/arquimedestechnology.com\\\/pt-pt\\\/produtos\\\/series-grandes-consumos\\\/\"]}]},{\"@type\":\"ImageObject\",\"inLanguage\":\"pt-PT\",\"@id\":\"https:\\\/\\\/arquimedestechnology.com\\\/pt-pt\\\/produtos\\\/series-grandes-consumos\\\/#primaryimage\",\"url\":\"https:\\\/\\\/arquimedestechnology.com\\\/wp-content\\\/uploads\\\/e-600.png\",\"contentUrl\":\"https:\\\/\\\/arquimedestechnology.com\\\/wp-content\\\/uploads\\\/e-600.png\"},{\"@type\":\"BreadcrumbList\",\"@id\":\"https:\\\/\\\/arquimedestechnology.com\\\/pt-pt\\\/produtos\\\/series-grandes-consumos\\\/#breadcrumb\",\"itemListElement\":[{\"@type\":\"ListItem\",\"position\":1,\"name\":\"Portada\",\"item\":\"https:\\\/\\\/arquimedestechnology.com\\\/pt-pt\\\/\"},{\"@type\":\"ListItem\",\"position\":2,\"name\":\"produtos\",\"item\":\"https:\\\/\\\/arquimedestechnology.com\\\/pt-pt\\\/produtos\\\/\"},{\"@type\":\"ListItem\",\"position\":3,\"name\":\"S\u00c9RIES GRANDES CONSUMOS\"}]},{\"@type\":\"WebSite\",\"@id\":\"https:\\\/\\\/arquimedestechnology.com\\\/#website\",\"url\":\"https:\\\/\\\/arquimedestechnology.com\\\/\",\"name\":\"Arqu\u00edmedes Technology\",\"description\":\"Soluci\u00f3n ecol\u00f3gica a los problemas de la cal\",\"publisher\":{\"@id\":\"https:\\\/\\\/arquimedestechnology.com\\\/#organization\"},\"potentialAction\":[{\"@type\":\"SearchAction\",\"target\":{\"@type\":\"EntryPoint\",\"urlTemplate\":\"https:\\\/\\\/arquimedestechnology.com\\\/?s={search_term_string}\"},\"query-input\":{\"@type\":\"PropertyValueSpecification\",\"valueRequired\":true,\"valueName\":\"search_term_string\"}}],\"inLanguage\":\"pt-PT\"},{\"@type\":\"Organization\",\"@id\":\"https:\\\/\\\/arquimedestechnology.com\\\/#organization\",\"name\":\"Arqu\u00edmedes Technology\",\"url\":\"https:\\\/\\\/arquimedestechnology.com\\\/\",\"logo\":{\"@type\":\"ImageObject\",\"inLanguage\":\"pt-PT\",\"@id\":\"https:\\\/\\\/arquimedestechnology.com\\\/#\\\/schema\\\/logo\\\/image\\\/\",\"url\":\"https:\\\/\\\/arquimedestechnology.com\\\/wp-content\\\/uploads\\\/cropped-logo2x1.png\",\"contentUrl\":\"https:\\\/\\\/arquimedestechnology.com\\\/wp-content\\\/uploads\\\/cropped-logo2x1.png\",\"width\":250,\"height\":134,\"caption\":\"Arqu\u00edmedes Technology\"},\"image\":{\"@id\":\"https:\\\/\\\/arquimedestechnology.com\\\/#\\\/schema\\\/logo\\\/image\\\/\"}}]}<\/script>\n<!-- \/ Yoast SEO plugin. -->","yoast_head_json":{"title":"S\u00c9RIES GRANDES CONSUMOS - Arqu\u00edmedes Technology","robots":{"index":"index","follow":"follow","max-snippet":"max-snippet:-1","max-image-preview":"max-image-preview:large","max-video-preview":"max-video-preview:-1"},"canonical":"https:\/\/arquimedestechnology.com\/pt-pt\/produtos\/series-grandes-consumos\/","og_locale":"pt_PT","og_type":"article","og_title":"S\u00c9RIES GRANDES CONSUMOS - Arqu\u00edmedes Technology","og_description":"S\u00c9RIES GRANDES CONSUMOS GAMA EUR\u00c9KAL CAL DESINCRUSTER e-600, E-800, E-1000, E-2000 Gama dedicada a instala\u00e7\u00f5es com grande consumo de \u00e1gua, como: Tratamento Municipal de \u00c1gua Ind\u00fastria Agricultura Tabela comparativa","og_url":"https:\/\/arquimedestechnology.com\/pt-pt\/produtos\/series-grandes-consumos\/","og_site_name":"Arqu\u00edmedes Technology","article_modified_time":"2020-11-20T10:05:06+00:00","og_image":[{"url":"https:\/\/arquimedestechnology.com\/wp-content\/uploads\/e-600.png","type":"","width":"","height":""}],"twitter_card":"summary_large_image","schema":{"@context":"https:\/\/schema.org","@graph":[{"@type":"WebPage","@id":"https:\/\/arquimedestechnology.com\/pt-pt\/produtos\/series-grandes-consumos\/","url":"https:\/\/arquimedestechnology.com\/pt-pt\/produtos\/series-grandes-consumos\/","name":"S\u00c9RIES GRANDES CONSUMOS - Arqu\u00edmedes Technology","isPartOf":{"@id":"https:\/\/arquimedestechnology.com\/#website"},"primaryImageOfPage":{"@id":"https:\/\/arquimedestechnology.com\/pt-pt\/produtos\/series-grandes-consumos\/#primaryimage"},"image":{"@id":"https:\/\/arquimedestechnology.com\/pt-pt\/produtos\/series-grandes-consumos\/#primaryimage"},"thumbnailUrl":"https:\/\/arquimedestechnology.com\/wp-content\/uploads\/e-600.png","datePublished":"2018-11-08T13:04:25+00:00","dateModified":"2020-11-20T10:05:06+00:00","breadcrumb":{"@id":"https:\/\/arquimedestechnology.com\/pt-pt\/produtos\/series-grandes-consumos\/#breadcrumb"},"inLanguage":"pt-PT","potentialAction":[{"@type":"ReadAction","target":["https:\/\/arquimedestechnology.com\/pt-pt\/produtos\/series-grandes-consumos\/"]}]},{"@type":"ImageObject","inLanguage":"pt-PT","@id":"https:\/\/arquimedestechnology.com\/pt-pt\/produtos\/series-grandes-consumos\/#primaryimage","url":"https:\/\/arquimedestechnology.com\/wp-content\/uploads\/e-600.png","contentUrl":"https:\/\/arquimedestechnology.com\/wp-content\/uploads\/e-600.png"},{"@type":"BreadcrumbList","@id":"https:\/\/arquimedestechnology.com\/pt-pt\/produtos\/series-grandes-consumos\/#breadcrumb","itemListElement":[{"@type":"ListItem","position":1,"name":"Portada","item":"https:\/\/arquimedestechnology.com\/pt-pt\/"},{"@type":"ListItem","position":2,"name":"produtos","item":"https:\/\/arquimedestechnology.com\/pt-pt\/produtos\/"},{"@type":"ListItem","position":3,"name":"S\u00c9RIES GRANDES CONSUMOS"}]},{"@type":"WebSite","@id":"https:\/\/arquimedestechnology.com\/#website","url":"https:\/\/arquimedestechnology.com\/","name":"Arqu\u00edmedes Technology","description":"Soluci\u00f3n ecol\u00f3gica a los problemas de la cal","publisher":{"@id":"https:\/\/arquimedestechnology.com\/#organization"},"potentialAction":[{"@type":"SearchAction","target":{"@type":"EntryPoint","urlTemplate":"https:\/\/arquimedestechnology.com\/?s={search_term_string}"},"query-input":{"@type":"PropertyValueSpecification","valueRequired":true,"valueName":"search_term_string"}}],"inLanguage":"pt-PT"},{"@type":"Organization","@id":"https:\/\/arquimedestechnology.com\/#organization","name":"Arqu\u00edmedes Technology","url":"https:\/\/arquimedestechnology.com\/","logo":{"@type":"ImageObject","inLanguage":"pt-PT","@id":"https:\/\/arquimedestechnology.com\/#\/schema\/logo\/image\/","url":"https:\/\/arquimedestechnology.com\/wp-content\/uploads\/cropped-logo2x1.png","contentUrl":"https:\/\/arquimedestechnology.com\/wp-content\/uploads\/cropped-logo2x1.png","width":250,"height":134,"caption":"Arqu\u00edmedes Technology"},"image":{"@id":"https:\/\/arquimedestechnology.com\/#\/schema\/logo\/image\/"}}]}},"_links":{"self":[{"href":"https:\/\/arquimedestechnology.com\/pt-pt\/wp-json\/wp\/v2\/pages\/5315","targetHints":{"allow":["GET"]}}],"collection":[{"href":"https:\/\/arquimedestechnology.com\/pt-pt\/wp-json\/wp\/v2\/pages"}],"about":[{"href":"https:\/\/arquimedestechnology.com\/pt-pt\/wp-json\/wp\/v2\/types\/page"}],"author":[{"embeddable":true,"href":"https:\/\/arquimedestechnology.com\/pt-pt\/wp-json\/wp\/v2\/users\/1"}],"replies":[{"embeddable":true,"href":"https:\/\/arquimedestechnology.com\/pt-pt\/wp-json\/wp\/v2\/comments?post=5315"}],"version-history":[{"count":7,"href":"https:\/\/arquimedestechnology.com\/pt-pt\/wp-json\/wp\/v2\/pages\/5315\/revisions"}],"predecessor-version":[{"id":5372,"href":"https:\/\/arquimedestechnology.com\/pt-pt\/wp-json\/wp\/v2\/pages\/5315\/revisions\/5372"}],"up":[{"embeddable":true,"href":"https:\/\/arquimedestechnology.com\/pt-pt\/wp-json\/wp\/v2\/pages\/5231"}],"wp:attachment":[{"href":"https:\/\/arquimedestechnology.com\/pt-pt\/wp-json\/wp\/v2\/media?parent=5315"}],"curies":[{"name":"wp","href":"https:\/\/api.w.org\/{rel}","templated":true}]}}