{"id":5319,"date":"2018-11-08T14:03:08","date_gmt":"2018-11-08T13:03:08","guid":{"rendered":"https:\/\/arquimedestechnology.com\/produtos\/serie-intermedia\/"},"modified":"2020-11-20T10:59:33","modified_gmt":"2020-11-20T09:59:33","slug":"serie-intermedia","status":"publish","type":"page","link":"https:\/\/arquimedestechnology.com\/pt-pt\/produtos\/serie-intermedia\/","title":{"rendered":"S\u00c9RIE PEQUENA E CONSUMO M\u00c9DIO"},"content":{"rendered":"\t\t<div data-elementor-type=\"wp-post\" data-elementor-id=\"5319\" class=\"elementor elementor-5319\" data-elementor-post-type=\"page\">\n\t\t\t\t\t\t<section class=\"elementor-section elementor-top-section elementor-element elementor-element-64cd13e0 elementor-section-content-middle elementor-section-boxed elementor-section-height-default elementor-section-height-default\" data-id=\"64cd13e0\" data-element_type=\"section\" data-e-type=\"section\">\n\t\t\t\t\t\t<div class=\"elementor-container elementor-column-gap-default\">\n\t\t\t\t\t<div class=\"elementor-column elementor-col-100 elementor-top-column elementor-element elementor-element-e20c585\" data-id=\"e20c585\" data-element_type=\"column\" data-e-type=\"column\">\n\t\t\t<div class=\"elementor-widget-wrap elementor-element-populated\">\n\t\t\t\t\t\t<div class=\"elementor-element elementor-element-551e0448 elementor-widget-divider--view-line elementor-widget elementor-widget-divider\" data-id=\"551e0448\" data-element_type=\"widget\" data-e-type=\"widget\" data-widget_type=\"divider.default\">\n\t\t\t\t<div class=\"elementor-widget-container\">\n\t\t\t\t\t\t\t<div class=\"elementor-divider\">\n\t\t\t<span class=\"elementor-divider-separator\">\n\t\t\t\t\t\t<\/span>\n\t\t<\/div>\n\t\t\t\t\t\t<\/div>\n\t\t\t\t<\/div>\n\t\t\t\t<div class=\"elementor-element elementor-element-2b000cb6 elementor-widget elementor-widget-heading\" data-id=\"2b000cb6\" data-element_type=\"widget\" data-e-type=\"widget\" data-widget_type=\"heading.default\">\n\t\t\t\t<div class=\"elementor-widget-container\">\n\t\t\t\t\t<h1 class=\"elementor-heading-title elementor-size-xl\">\nS\u00c9RIE <b> PEQUENA E CONSUMO M\u00c9DIO<\/b><\/h1>\t\t\t\t<\/div>\n\t\t\t\t<\/div>\n\t\t\t\t<div class=\"elementor-element elementor-element-517bed48 elementor-widget elementor-widget-heading\" data-id=\"517bed48\" data-element_type=\"widget\" data-e-type=\"widget\" data-widget_type=\"heading.default\">\n\t\t\t\t<div class=\"elementor-widget-container\">\n\t\t\t\t\t<h2 class=\"elementor-heading-title elementor-size-xl\">EUR\u00c9KAL CAL DEINCRUDERS\n<\/h2>\t\t\t\t<\/div>\n\t\t\t\t<\/div>\n\t\t\t\t\t<\/div>\n\t\t<\/div>\n\t\t\t\t\t<\/div>\n\t\t<\/section>\n\t\t\t\t<section class=\"elementor-section elementor-top-section elementor-element elementor-element-2eb3314 elementor-section-boxed elementor-section-height-default elementor-section-height-default\" data-id=\"2eb3314\" data-element_type=\"section\" data-e-type=\"section\" data-settings=\"{&quot;background_background&quot;:&quot;gradient&quot;}\">\n\t\t\t\t\t\t<div class=\"elementor-container elementor-column-gap-default\">\n\t\t\t\t\t<div class=\"elementor-column elementor-col-50 elementor-top-column elementor-element elementor-element-15403190\" data-id=\"15403190\" data-element_type=\"column\" data-e-type=\"column\">\n\t\t\t<div class=\"elementor-widget-wrap elementor-element-populated\">\n\t\t\t\t\t\t<div class=\"elementor-element elementor-element-191f34c elementor-widget elementor-widget-image\" data-id=\"191f34c\" data-element_type=\"widget\" data-e-type=\"widget\" data-widget_type=\"image.default\">\n\t\t\t\t<div class=\"elementor-widget-container\">\n\t\t\t\t\t\t\t\t\t\t\t\t\t\t\t<img fetchpriority=\"high\" decoding=\"async\" width=\"1024\" height=\"678\" src=\"https:\/\/arquimedestechnology.com\/wp-content\/uploads\/DSC_0062-1024x678.jpg\" class=\"attachment-large size-large wp-image-4323\" alt=\"\" srcset=\"https:\/\/arquimedestechnology.com\/wp-content\/uploads\/DSC_0062-1024x678.jpg 1024w, https:\/\/arquimedestechnology.com\/wp-content\/uploads\/DSC_0062-300x199.jpg 300w, https:\/\/arquimedestechnology.com\/wp-content\/uploads\/DSC_0062-768x509.jpg 768w\" sizes=\"(max-width: 1024px) 100vw, 1024px\" \/>\t\t\t\t\t\t\t\t\t\t\t\t\t\t\t<\/div>\n\t\t\t\t<\/div>\n\t\t\t\t\t<\/div>\n\t\t<\/div>\n\t\t\t\t<div class=\"elementor-column elementor-col-50 elementor-top-column elementor-element elementor-element-7560bd4c\" data-id=\"7560bd4c\" data-element_type=\"column\" data-e-type=\"column\" data-settings=\"{&quot;background_background&quot;:&quot;classic&quot;}\">\n\t\t\t<div class=\"elementor-widget-wrap elementor-element-populated\">\n\t\t\t\t\t\t<div class=\"elementor-element elementor-element-65c8b445 elementor-widget elementor-widget-heading\" data-id=\"65c8b445\" data-element_type=\"widget\" data-e-type=\"widget\" data-widget_type=\"heading.default\">\n\t\t\t\t<div class=\"elementor-widget-container\">\n\t\t\t\t\t<h2 class=\"elementor-heading-title elementor-size-xl\">e-200, e-300, e-400, e-500<\/h2>\t\t\t\t<\/div>\n\t\t\t\t<\/div>\n\t\t\t\t<div class=\"elementor-element elementor-element-210a5e8e elementor-widget elementor-widget-text-editor\" data-id=\"210a5e8e\" data-element_type=\"widget\" data-e-type=\"widget\" data-widget_type=\"text-editor.default\">\n\t\t\t\t<div class=\"elementor-widget-container\">\n\t\t\t\t\t\t\t\t\t<p>Temos um modelo para cada tipo de instala\u00e7\u00e3o, como:<\/p>\t\t\t\t\t\t\t\t<\/div>\n\t\t\t\t<\/div>\n\t\t\t\t<div class=\"elementor-element elementor-element-10c1dc03 elementor-icon-list--layout-traditional elementor-list-item-link-full_width elementor-widget elementor-widget-icon-list\" data-id=\"10c1dc03\" data-element_type=\"widget\" data-e-type=\"widget\" data-widget_type=\"icon-list.default\">\n\t\t\t\t<div class=\"elementor-widget-container\">\n\t\t\t\t\t\t\t<ul class=\"elementor-icon-list-items\">\n\t\t\t\t\t\t\t<li class=\"elementor-icon-list-item\">\n\t\t\t\t\t\t\t\t\t\t\t<span class=\"elementor-icon-list-icon\">\n\t\t\t\t\t\t\t<i aria-hidden=\"true\" class=\"fas fa-check\"><\/i>\t\t\t\t\t\t<\/span>\n\t\t\t\t\t\t\t\t\t\t<span class=\"elementor-icon-list-text\">Comunidades de propriet\u00e1rios<\/span>\n\t\t\t\t\t\t\t\t\t<\/li>\n\t\t\t\t\t\t\t\t<li class=\"elementor-icon-list-item\">\n\t\t\t\t\t\t\t\t\t\t\t<span class=\"elementor-icon-list-icon\">\n\t\t\t\t\t\t\t<i aria-hidden=\"true\" class=\"fas fa-check\"><\/i>\t\t\t\t\t\t<\/span>\n\t\t\t\t\t\t\t\t\t\t<span class=\"elementor-icon-list-text\"> Empreendimentos habitacionais<\/span>\n\t\t\t\t\t\t\t\t\t<\/li>\n\t\t\t\t\t\t\t\t<li class=\"elementor-icon-list-item\">\n\t\t\t\t\t\t\t\t\t\t\t<span class=\"elementor-icon-list-icon\">\n\t\t\t\t\t\t\t<i aria-hidden=\"true\" class=\"fas fa-check\"><\/i>\t\t\t\t\t\t<\/span>\n\t\t\t\t\t\t\t\t\t\t<span class=\"elementor-icon-list-text\"> Hospitais <\/span>\n\t\t\t\t\t\t\t\t\t<\/li>\n\t\t\t\t\t\t\t\t<li class=\"elementor-icon-list-item\">\n\t\t\t\t\t\t\t\t\t\t\t<span class=\"elementor-icon-list-icon\">\n\t\t\t\t\t\t\t<i aria-hidden=\"true\" class=\"fas fa-check\"><\/i>\t\t\t\t\t\t<\/span>\n\t\t\t\t\t\t\t\t\t\t<span class=\"elementor-icon-list-text\">Hot\u00e9is<\/span>\n\t\t\t\t\t\t\t\t\t<\/li>\n\t\t\t\t\t\t\t\t<li class=\"elementor-icon-list-item\">\n\t\t\t\t\t\t\t\t\t\t\t<span class=\"elementor-icon-list-icon\">\n\t\t\t\t\t\t\t<i aria-hidden=\"true\" class=\"fas fa-check\"><\/i>\t\t\t\t\t\t<\/span>\n\t\t\t\t\t\t\t\t\t\t<span class=\"elementor-icon-list-text\"> Pequena e M\u00e9dia Ind\u00fastria <\/span>\n\t\t\t\t\t\t\t\t\t<\/li>\n\t\t\t\t\t\t\t\t<li class=\"elementor-icon-list-item\">\n\t\t\t\t\t\t\t\t\t\t\t<span class=\"elementor-icon-list-icon\">\n\t\t\t\t\t\t\t<i aria-hidden=\"true\" class=\"fas fa-check\"><\/i>\t\t\t\t\t\t<\/span>\n\t\t\t\t\t\t\t\t\t\t<span class=\"elementor-icon-list-text\">Campos de golf <\/span>\n\t\t\t\t\t\t\t\t\t<\/li>\n\t\t\t\t\t\t\t\t<li class=\"elementor-icon-list-item\">\n\t\t\t\t\t\t\t\t\t\t\t<span class=\"elementor-icon-list-icon\">\n\t\t\t\t\t\t\t<i aria-hidden=\"true\" class=\"fas fa-check\"><\/i>\t\t\t\t\t\t<\/span>\n\t\t\t\t\t\t\t\t\t\t<span class=\"elementor-icon-list-text\">Centro Esportivo<\/span>\n\t\t\t\t\t\t\t\t\t<\/li>\n\t\t\t\t\t\t<\/ul>\n\t\t\t\t\t\t<\/div>\n\t\t\t\t<\/div>\n\t\t\t\t\t<\/div>\n\t\t<\/div>\n\t\t\t\t\t<\/div>\n\t\t<\/section>\n\t\t\t\t<section class=\"elementor-section elementor-top-section elementor-element elementor-element-2d01a08 elementor-section-boxed elementor-section-height-default elementor-section-height-default\" data-id=\"2d01a08\" data-element_type=\"section\" data-e-type=\"section\">\n\t\t\t\t\t\t<div class=\"elementor-container elementor-column-gap-default\">\n\t\t\t\t\t<div class=\"elementor-column elementor-col-100 elementor-top-column elementor-element elementor-element-143d319\" data-id=\"143d319\" data-element_type=\"column\" data-e-type=\"column\">\n\t\t\t<div class=\"elementor-widget-wrap elementor-element-populated\">\n\t\t\t\t\t\t<div class=\"elementor-element elementor-element-792b048 elementor-align-center elementor-widget elementor-widget-button\" data-id=\"792b048\" data-element_type=\"widget\" data-e-type=\"widget\" data-widget_type=\"button.default\">\n\t\t\t\t<div class=\"elementor-widget-container\">\n\t\t\t\t\t\t\t\t\t<div class=\"elementor-button-wrapper\">\n\t\t\t\t\t<a class=\"elementor-button elementor-button-link elementor-size-xl\" href=\"https:\/\/arquimedestechnology.com\/wp-content\/uploads\/COMPARATIVA-MODELOS.jpg\" target=\"_blank\">\n\t\t\t\t\t\t<span class=\"elementor-button-content-wrapper\">\n\t\t\t\t\t\t<span class=\"elementor-button-icon\">\n\t\t\t\t<i aria-hidden=\"true\" class=\"fas fa-table\"><\/i>\t\t\t<\/span>\n\t\t\t\t\t\t\t\t\t<span class=\"elementor-button-text\">Tabela comparativa<\/span>\n\t\t\t\t\t<\/span>\n\t\t\t\t\t<\/a>\n\t\t\t\t<\/div>\n\t\t\t\t\t\t\t\t<\/div>\n\t\t\t\t<\/div>\n\t\t\t\t\t<\/div>\n\t\t<\/div>\n\t\t\t\t\t<\/div>\n\t\t<\/section>\n\t\t\t\t<\/div>\n\t\t","protected":false},"excerpt":{"rendered":"<p>S\u00c9RIE PEQUENA E CONSUMO M\u00c9DIO EUR\u00c9KAL CAL DEINCRUDERS e-200, e-300, e-400, e-500 Temos um modelo para cada tipo de instala\u00e7\u00e3o, como: Comunidades de propriet\u00e1rios Empreendimentos habitacionais Hospitais Hot\u00e9is Pequena e M\u00e9dia Ind\u00fastria Campos de golf Centro Esportivo Tabela comparativa<\/p>\n","protected":false},"author":1,"featured_media":0,"parent":5231,"menu_order":0,"comment_status":"closed","ping_status":"closed","template":"elementor_header_footer","meta":{"footnotes":""},"class_list":["post-5319","page","type-page","status-publish"],"yoast_head":"<!-- This site is optimized with the Yoast SEO plugin v27.4 - https:\/\/yoast.com\/product\/yoast-seo-wordpress\/ -->\n<title>S\u00c9RIE PEQUENA E CONSUMO M\u00c9DIO - Arqu\u00edmedes Technology<\/title>\n<meta name=\"robots\" content=\"index, follow, max-snippet:-1, max-image-preview:large, max-video-preview:-1\" \/>\n<link rel=\"canonical\" href=\"https:\/\/arquimedestechnology.com\/pt-pt\/produtos\/serie-intermedia\/\" \/>\n<meta property=\"og:locale\" content=\"pt_PT\" \/>\n<meta property=\"og:type\" content=\"article\" \/>\n<meta property=\"og:title\" content=\"S\u00c9RIE PEQUENA E CONSUMO M\u00c9DIO - Arqu\u00edmedes Technology\" \/>\n<meta property=\"og:description\" content=\"S\u00c9RIE PEQUENA E CONSUMO M\u00c9DIO EUR\u00c9KAL CAL DEINCRUDERS e-200, e-300, e-400, e-500 Temos um modelo para cada tipo de instala\u00e7\u00e3o, como: Comunidades de propriet\u00e1rios Empreendimentos habitacionais Hospitais Hot\u00e9is Pequena e M\u00e9dia Ind\u00fastria Campos de golf Centro Esportivo Tabela comparativa\" \/>\n<meta property=\"og:url\" content=\"https:\/\/arquimedestechnology.com\/pt-pt\/produtos\/serie-intermedia\/\" \/>\n<meta property=\"og:site_name\" content=\"Arqu\u00edmedes Technology\" \/>\n<meta property=\"article:modified_time\" content=\"2020-11-20T09:59:33+00:00\" \/>\n<meta property=\"og:image\" content=\"https:\/\/arquimedestechnology.com\/wp-content\/uploads\/DSC_0062-1024x678.jpg\" \/>\n<meta name=\"twitter:card\" content=\"summary_large_image\" \/>\n<script type=\"application\/ld+json\" class=\"yoast-schema-graph\">{\"@context\":\"https:\\\/\\\/schema.org\",\"@graph\":[{\"@type\":\"WebPage\",\"@id\":\"https:\\\/\\\/arquimedestechnology.com\\\/pt-pt\\\/produtos\\\/serie-intermedia\\\/\",\"url\":\"https:\\\/\\\/arquimedestechnology.com\\\/pt-pt\\\/produtos\\\/serie-intermedia\\\/\",\"name\":\"S\u00c9RIE PEQUENA E CONSUMO M\u00c9DIO - Arqu\u00edmedes Technology\",\"isPartOf\":{\"@id\":\"https:\\\/\\\/arquimedestechnology.com\\\/#website\"},\"primaryImageOfPage\":{\"@id\":\"https:\\\/\\\/arquimedestechnology.com\\\/pt-pt\\\/produtos\\\/serie-intermedia\\\/#primaryimage\"},\"image\":{\"@id\":\"https:\\\/\\\/arquimedestechnology.com\\\/pt-pt\\\/produtos\\\/serie-intermedia\\\/#primaryimage\"},\"thumbnailUrl\":\"https:\\\/\\\/arquimedestechnology.com\\\/wp-content\\\/uploads\\\/DSC_0062-1024x678.jpg\",\"datePublished\":\"2018-11-08T13:03:08+00:00\",\"dateModified\":\"2020-11-20T09:59:33+00:00\",\"breadcrumb\":{\"@id\":\"https:\\\/\\\/arquimedestechnology.com\\\/pt-pt\\\/produtos\\\/serie-intermedia\\\/#breadcrumb\"},\"inLanguage\":\"pt-PT\",\"potentialAction\":[{\"@type\":\"ReadAction\",\"target\":[\"https:\\\/\\\/arquimedestechnology.com\\\/pt-pt\\\/produtos\\\/serie-intermedia\\\/\"]}]},{\"@type\":\"ImageObject\",\"inLanguage\":\"pt-PT\",\"@id\":\"https:\\\/\\\/arquimedestechnology.com\\\/pt-pt\\\/produtos\\\/serie-intermedia\\\/#primaryimage\",\"url\":\"https:\\\/\\\/arquimedestechnology.com\\\/wp-content\\\/uploads\\\/DSC_0062-1024x678.jpg\",\"contentUrl\":\"https:\\\/\\\/arquimedestechnology.com\\\/wp-content\\\/uploads\\\/DSC_0062-1024x678.jpg\"},{\"@type\":\"BreadcrumbList\",\"@id\":\"https:\\\/\\\/arquimedestechnology.com\\\/pt-pt\\\/produtos\\\/serie-intermedia\\\/#breadcrumb\",\"itemListElement\":[{\"@type\":\"ListItem\",\"position\":1,\"name\":\"Portada\",\"item\":\"https:\\\/\\\/arquimedestechnology.com\\\/pt-pt\\\/\"},{\"@type\":\"ListItem\",\"position\":2,\"name\":\"produtos\",\"item\":\"https:\\\/\\\/arquimedestechnology.com\\\/pt-pt\\\/produtos\\\/\"},{\"@type\":\"ListItem\",\"position\":3,\"name\":\"S\u00c9RIE PEQUENA E CONSUMO M\u00c9DIO\"}]},{\"@type\":\"WebSite\",\"@id\":\"https:\\\/\\\/arquimedestechnology.com\\\/#website\",\"url\":\"https:\\\/\\\/arquimedestechnology.com\\\/\",\"name\":\"Arqu\u00edmedes Technology\",\"description\":\"Soluci\u00f3n ecol\u00f3gica a los problemas de la cal\",\"publisher\":{\"@id\":\"https:\\\/\\\/arquimedestechnology.com\\\/#organization\"},\"potentialAction\":[{\"@type\":\"SearchAction\",\"target\":{\"@type\":\"EntryPoint\",\"urlTemplate\":\"https:\\\/\\\/arquimedestechnology.com\\\/?s={search_term_string}\"},\"query-input\":{\"@type\":\"PropertyValueSpecification\",\"valueRequired\":true,\"valueName\":\"search_term_string\"}}],\"inLanguage\":\"pt-PT\"},{\"@type\":\"Organization\",\"@id\":\"https:\\\/\\\/arquimedestechnology.com\\\/#organization\",\"name\":\"Arqu\u00edmedes Technology\",\"url\":\"https:\\\/\\\/arquimedestechnology.com\\\/\",\"logo\":{\"@type\":\"ImageObject\",\"inLanguage\":\"pt-PT\",\"@id\":\"https:\\\/\\\/arquimedestechnology.com\\\/#\\\/schema\\\/logo\\\/image\\\/\",\"url\":\"https:\\\/\\\/arquimedestechnology.com\\\/wp-content\\\/uploads\\\/cropped-logo2x1.png\",\"contentUrl\":\"https:\\\/\\\/arquimedestechnology.com\\\/wp-content\\\/uploads\\\/cropped-logo2x1.png\",\"width\":250,\"height\":134,\"caption\":\"Arqu\u00edmedes Technology\"},\"image\":{\"@id\":\"https:\\\/\\\/arquimedestechnology.com\\\/#\\\/schema\\\/logo\\\/image\\\/\"}}]}<\/script>\n<!-- \/ Yoast SEO plugin. -->","yoast_head_json":{"title":"S\u00c9RIE PEQUENA E CONSUMO M\u00c9DIO - Arqu\u00edmedes Technology","robots":{"index":"index","follow":"follow","max-snippet":"max-snippet:-1","max-image-preview":"max-image-preview:large","max-video-preview":"max-video-preview:-1"},"canonical":"https:\/\/arquimedestechnology.com\/pt-pt\/produtos\/serie-intermedia\/","og_locale":"pt_PT","og_type":"article","og_title":"S\u00c9RIE PEQUENA E CONSUMO M\u00c9DIO - Arqu\u00edmedes Technology","og_description":"S\u00c9RIE PEQUENA E CONSUMO M\u00c9DIO EUR\u00c9KAL CAL DEINCRUDERS e-200, e-300, e-400, e-500 Temos um modelo para cada tipo de instala\u00e7\u00e3o, como: Comunidades de propriet\u00e1rios Empreendimentos habitacionais Hospitais Hot\u00e9is Pequena e M\u00e9dia Ind\u00fastria Campos de golf Centro Esportivo Tabela comparativa","og_url":"https:\/\/arquimedestechnology.com\/pt-pt\/produtos\/serie-intermedia\/","og_site_name":"Arqu\u00edmedes Technology","article_modified_time":"2020-11-20T09:59:33+00:00","og_image":[{"url":"https:\/\/arquimedestechnology.com\/wp-content\/uploads\/DSC_0062-1024x678.jpg","type":"","width":"","height":""}],"twitter_card":"summary_large_image","schema":{"@context":"https:\/\/schema.org","@graph":[{"@type":"WebPage","@id":"https:\/\/arquimedestechnology.com\/pt-pt\/produtos\/serie-intermedia\/","url":"https:\/\/arquimedestechnology.com\/pt-pt\/produtos\/serie-intermedia\/","name":"S\u00c9RIE PEQUENA E CONSUMO M\u00c9DIO - Arqu\u00edmedes Technology","isPartOf":{"@id":"https:\/\/arquimedestechnology.com\/#website"},"primaryImageOfPage":{"@id":"https:\/\/arquimedestechnology.com\/pt-pt\/produtos\/serie-intermedia\/#primaryimage"},"image":{"@id":"https:\/\/arquimedestechnology.com\/pt-pt\/produtos\/serie-intermedia\/#primaryimage"},"thumbnailUrl":"https:\/\/arquimedestechnology.com\/wp-content\/uploads\/DSC_0062-1024x678.jpg","datePublished":"2018-11-08T13:03:08+00:00","dateModified":"2020-11-20T09:59:33+00:00","breadcrumb":{"@id":"https:\/\/arquimedestechnology.com\/pt-pt\/produtos\/serie-intermedia\/#breadcrumb"},"inLanguage":"pt-PT","potentialAction":[{"@type":"ReadAction","target":["https:\/\/arquimedestechnology.com\/pt-pt\/produtos\/serie-intermedia\/"]}]},{"@type":"ImageObject","inLanguage":"pt-PT","@id":"https:\/\/arquimedestechnology.com\/pt-pt\/produtos\/serie-intermedia\/#primaryimage","url":"https:\/\/arquimedestechnology.com\/wp-content\/uploads\/DSC_0062-1024x678.jpg","contentUrl":"https:\/\/arquimedestechnology.com\/wp-content\/uploads\/DSC_0062-1024x678.jpg"},{"@type":"BreadcrumbList","@id":"https:\/\/arquimedestechnology.com\/pt-pt\/produtos\/serie-intermedia\/#breadcrumb","itemListElement":[{"@type":"ListItem","position":1,"name":"Portada","item":"https:\/\/arquimedestechnology.com\/pt-pt\/"},{"@type":"ListItem","position":2,"name":"produtos","item":"https:\/\/arquimedestechnology.com\/pt-pt\/produtos\/"},{"@type":"ListItem","position":3,"name":"S\u00c9RIE PEQUENA E CONSUMO M\u00c9DIO"}]},{"@type":"WebSite","@id":"https:\/\/arquimedestechnology.com\/#website","url":"https:\/\/arquimedestechnology.com\/","name":"Arqu\u00edmedes Technology","description":"Soluci\u00f3n ecol\u00f3gica a los problemas de la cal","publisher":{"@id":"https:\/\/arquimedestechnology.com\/#organization"},"potentialAction":[{"@type":"SearchAction","target":{"@type":"EntryPoint","urlTemplate":"https:\/\/arquimedestechnology.com\/?s={search_term_string}"},"query-input":{"@type":"PropertyValueSpecification","valueRequired":true,"valueName":"search_term_string"}}],"inLanguage":"pt-PT"},{"@type":"Organization","@id":"https:\/\/arquimedestechnology.com\/#organization","name":"Arqu\u00edmedes Technology","url":"https:\/\/arquimedestechnology.com\/","logo":{"@type":"ImageObject","inLanguage":"pt-PT","@id":"https:\/\/arquimedestechnology.com\/#\/schema\/logo\/image\/","url":"https:\/\/arquimedestechnology.com\/wp-content\/uploads\/cropped-logo2x1.png","contentUrl":"https:\/\/arquimedestechnology.com\/wp-content\/uploads\/cropped-logo2x1.png","width":250,"height":134,"caption":"Arqu\u00edmedes Technology"},"image":{"@id":"https:\/\/arquimedestechnology.com\/#\/schema\/logo\/image\/"}}]}},"_links":{"self":[{"href":"https:\/\/arquimedestechnology.com\/pt-pt\/wp-json\/wp\/v2\/pages\/5319","targetHints":{"allow":["GET"]}}],"collection":[{"href":"https:\/\/arquimedestechnology.com\/pt-pt\/wp-json\/wp\/v2\/pages"}],"about":[{"href":"https:\/\/arquimedestechnology.com\/pt-pt\/wp-json\/wp\/v2\/types\/page"}],"author":[{"embeddable":true,"href":"https:\/\/arquimedestechnology.com\/pt-pt\/wp-json\/wp\/v2\/users\/1"}],"replies":[{"embeddable":true,"href":"https:\/\/arquimedestechnology.com\/pt-pt\/wp-json\/wp\/v2\/comments?post=5319"}],"version-history":[{"count":7,"href":"https:\/\/arquimedestechnology.com\/pt-pt\/wp-json\/wp\/v2\/pages\/5319\/revisions"}],"predecessor-version":[{"id":5366,"href":"https:\/\/arquimedestechnology.com\/pt-pt\/wp-json\/wp\/v2\/pages\/5319\/revisions\/5366"}],"up":[{"embeddable":true,"href":"https:\/\/arquimedestechnology.com\/pt-pt\/wp-json\/wp\/v2\/pages\/5231"}],"wp:attachment":[{"href":"https:\/\/arquimedestechnology.com\/pt-pt\/wp-json\/wp\/v2\/media?parent=5319"}],"curies":[{"name":"wp","href":"https:\/\/api.w.org\/{rel}","templated":true}]}}